{"id":966,"date":"2014-04-11T17:28:13","date_gmt":"2014-04-11T17:28:13","guid":{"rendered":"http:\/\/dicopebisuteria.com\/tienda\/?post_type=product&#038;p=966"},"modified":"2022-07-29T12:04:54","modified_gmt":"2022-07-29T12:04:54","slug":"collar-flor-nenufar-lila-con-corazones-swarovski","status":"publish","type":"product","link":"https:\/\/dicopebisuteria.com\/tienda\/producto\/collar-flor-nenufar-lila-con-corazones-swarovski\/","title":{"rendered":"Collar Flor Nenufar Lila con Corazones Swarovski"},"content":{"rendered":"<p>Precioso y elegante collar flor nenufar creado con\u00a0 aut\u00e9ntico cristal de swarovski en varias bolitas y corazones que forman esta hermosa flor . Una pieza de edici\u00f3n limitada que podras lucir cada dia o en una ocasi\u00f3n especial !<\/p>\n<p>\u2665 Medidas : flor 3 cm , cadena collar 50 cm<\/p>\n<p>\u2665 Listo para enviar !<\/p>\n<p>\u2665 Te gusta ? Dale al bot\u00f3n de \u201cA\u00f1adir al Carrito\u201d y consigue el tuyo !!<\/p>\n<p>Se env\u00eda por correo certificado en una peque\u00f1a cajita de regalo hecha a mano<\/p>\n","protected":false},"excerpt":{"rendered":"<p>Precioso y elegante collar flor nenufar creado con\u00a0 aut\u00e9ntico cristal de swarovski en varias bolitas y corazones que forman esta hermosa flor . Una pieza&#8230;<\/p>\n","protected":false},"featured_media":967,"comment_status":"closed","ping_status":"closed","template":"","meta":[],"product_brand":[],"product_cat":[123,105,253,121],"product_tag":[],"class_list":{"0":"post-966","1":"product","2":"type-product","3":"status-publish","4":"has-post-thumbnail","6":"product_cat-brilla","7":"product_cat-collares","8":"product_cat-collares-boho","9":"product_cat-collares-brilla","11":"first","12":"outofstock","13":"shipping-taxable","14":"purchasable","15":"product-type-simple"},"etheme_brands":{"errors":{"invalid_taxonomy":["Taxonom\u00eda no v\u00e1lida."]},"error_data":[]},"_links":{"self":[{"href":"https:\/\/dicopebisuteria.com\/tienda\/wp-json\/wp\/v2\/product\/966","targetHints":{"allow":["GET"]}}],"collection":[{"href":"https:\/\/dicopebisuteria.com\/tienda\/wp-json\/wp\/v2\/product"}],"about":[{"href":"https:\/\/dicopebisuteria.com\/tienda\/wp-json\/wp\/v2\/types\/product"}],"replies":[{"embeddable":true,"href":"https:\/\/dicopebisuteria.com\/tienda\/wp-json\/wp\/v2\/comments?post=966"}],"wp:featuredmedia":[{"embeddable":true,"href":"https:\/\/dicopebisuteria.com\/tienda\/wp-json\/wp\/v2\/media\/967"}],"wp:attachment":[{"href":"https:\/\/dicopebisuteria.com\/tienda\/wp-json\/wp\/v2\/media?parent=966"}],"wp:term":[{"taxonomy":"product_brand","embeddable":true,"href":"https:\/\/dicopebisuteria.com\/tienda\/wp-json\/wp\/v2\/product_brand?post=966"},{"taxonomy":"product_cat","embeddable":true,"href":"https:\/\/dicopebisuteria.com\/tienda\/wp-json\/wp\/v2\/product_cat?post=966"},{"taxonomy":"product_tag","embeddable":true,"href":"https:\/\/dicopebisuteria.com\/tienda\/wp-json\/wp\/v2\/product_tag?post=966"}],"curies":[{"name":"wp","href":"https:\/\/api.w.org\/{rel}","templated":true}]}}