{"id":874,"date":"2014-03-26T17:14:59","date_gmt":"2014-03-26T17:14:59","guid":{"rendered":"http:\/\/dicopebisuteria.com\/tienda\/?post_type=product&#038;p=874"},"modified":"2022-07-29T12:04:47","modified_gmt":"2022-07-29T12:04:47","slug":"pulsera-oceano-japones-pulsera-ancha-delicas-abalorios-cristal","status":"publish","type":"product","link":"https:\/\/dicopebisuteria.com\/tienda\/producto\/pulsera-oceano-japones-pulsera-ancha-delicas-abalorios-cristal\/","title":{"rendered":"Pulsera Oceano Japones &#8211; Pulsera Ancha Delicas Abalorios Cristal"},"content":{"rendered":"<p>Si estas pensando en los d\u00edas que te quedan para irte de vacaciones o pasear por la playa seguro que esta original pulsera inspirada en las olas de mar de las pinturas japonesas te encantar\u00e1! Es perfecta para tus look de primavera y verano y muy f\u00e1cil de combinar!<\/p>\n<p>Esta elegante pulsera ancha esta creada a mano con mas de 2000 bolitas de cristal de la mejor calidad en colores azules y blanco con un hermoso dise\u00f1o \u00fanico de dicopebisuteria ! Esta preciosa joya para toda la vida se sujeta con un cierre plateado muy f\u00e1cil de usar !<\/p>\n<p>Perfecta para lucir con tus vestidos favoritos !<\/p>\n<p>\u2665 Medidas : de 18 cm de largo y 3,2 cm de ancho<\/p>\n<p>\u2665 Listo para enviar !<\/p>\n<p>\u2665 Te gusta ? Dale al bot\u00f3n de \u201cA\u00f1adir al Carrito\u201d y consigue la tuya !!<\/p>\n<p>Se env\u00eda por correo certificado en una peque\u00f1a cajita de regalo hecha a mano<\/p>\n<p>&nbsp;<\/p>\n","protected":false},"excerpt":{"rendered":"<p>Si estas pensando en los d\u00edas que te quedan para irte de vacaciones o pasear por la playa seguro que esta original pulsera inspirada en&#8230;<\/p>\n","protected":false},"featured_media":875,"comment_status":"closed","ping_status":"closed","template":"","meta":[],"product_brand":[],"product_cat":[102,109,118,103],"product_tag":[42,40,41,39],"class_list":{"0":"post-874","1":"product","2":"type-product","3":"status-publish","4":"has-post-thumbnail","6":"product_cat-brazaletes","7":"product_cat-dicope-joyas","8":"product_cat-dicope-joyas-pulseras","9":"product_cat-pulseras","10":"product_tag-pulsera-abalorios-cristal","11":"product_tag-pulsera-ancha","12":"product_tag-pulsera-delicas","13":"product_tag-pulsera-oceano-japones","15":"first","16":"instock","17":"shipping-taxable","18":"purchasable","19":"product-type-variable"},"etheme_brands":{"errors":{"invalid_taxonomy":["Taxonom\u00eda no v\u00e1lida."]},"error_data":[]},"_links":{"self":[{"href":"https:\/\/dicopebisuteria.com\/tienda\/wp-json\/wp\/v2\/product\/874","targetHints":{"allow":["GET"]}}],"collection":[{"href":"https:\/\/dicopebisuteria.com\/tienda\/wp-json\/wp\/v2\/product"}],"about":[{"href":"https:\/\/dicopebisuteria.com\/tienda\/wp-json\/wp\/v2\/types\/product"}],"replies":[{"embeddable":true,"href":"https:\/\/dicopebisuteria.com\/tienda\/wp-json\/wp\/v2\/comments?post=874"}],"wp:featuredmedia":[{"embeddable":true,"href":"https:\/\/dicopebisuteria.com\/tienda\/wp-json\/wp\/v2\/media\/875"}],"wp:attachment":[{"href":"https:\/\/dicopebisuteria.com\/tienda\/wp-json\/wp\/v2\/media?parent=874"}],"wp:term":[{"taxonomy":"product_brand","embeddable":true,"href":"https:\/\/dicopebisuteria.com\/tienda\/wp-json\/wp\/v2\/product_brand?post=874"},{"taxonomy":"product_cat","embeddable":true,"href":"https:\/\/dicopebisuteria.com\/tienda\/wp-json\/wp\/v2\/product_cat?post=874"},{"taxonomy":"product_tag","embeddable":true,"href":"https:\/\/dicopebisuteria.com\/tienda\/wp-json\/wp\/v2\/product_tag?post=874"}],"curies":[{"name":"wp","href":"https:\/\/api.w.org\/{rel}","templated":true}]}}