{"id":8159,"date":"2022-07-28T08:55:15","date_gmt":"2022-07-28T08:55:15","guid":{"rendered":"https:\/\/dicopebisuteria.com\/tienda\/?post_type=product&#038;p=8159"},"modified":"2022-07-28T09:40:35","modified_gmt":"2022-07-28T09:40:35","slug":"collar-victoria-con-piedra-amazonita-y-cristales-de-swarovski","status":"publish","type":"product","link":"https:\/\/dicopebisuteria.com\/tienda\/producto\/collar-victoria-con-piedra-amazonita-y-cristales-de-swarovski\/","title":{"rendered":"Collar Victoria con piedra amazonita y cristales de swarovski"},"content":{"rendered":"<p>Precioso collar Victoria creado con cristalitos de swarovski , una cuenta de aguamarina, una gota de piedra semipreciosa amazonita y montado en una cadena finita de plata de ley<\/p>\n<p>\u2666\ufe0f La piedra de Amazonita + Aguamarina te ayudan a equilibrar tus energ\u00edas, a calmar tu mente , adem\u00e1s tambi\u00e9n repelen las malas energ\u00edas y te aportan fortaleza y seguridad en ti misma<\/p>\n<p>\u2665 Medidas collar : cadena 46 cm a 52cm de largo \/ la parte de las cuentas y la gota miden 5cm mas<\/p>\n<p>\u2665 Listo para enviar !<\/p>\n<p>\u2665 Te gusta ? Dale al bot\u00f3n de \u201cA\u00f1adir al Carrito\u201d y consigue el tuyo !!<\/p>\n<p>Se env\u00eda por correo certificado en una peque\u00f1a cajita de regalo<\/p>\n","protected":false},"excerpt":{"rendered":"<p>Precioso collar Victoria creado con cristalitos de swarovski , una cuenta de aguamarina, una gota de piedra semipreciosa amazonita y montado en una cadena finita&#8230;<\/p>\n","protected":false},"featured_media":8162,"comment_status":"closed","ping_status":"closed","template":"","meta":[],"product_brand":[],"product_cat":[123,105,121,254,221],"product_tag":[],"class_list":{"0":"post-8159","1":"product","2":"type-product","3":"status-publish","4":"has-post-thumbnail","6":"product_cat-brilla","7":"product_cat-collares","8":"product_cat-collares-brilla","9":"product_cat-collares-plata","10":"product_cat-novedades","12":"first","13":"instock","14":"shipping-taxable","15":"purchasable","16":"product-type-variable"},"etheme_brands":{"errors":{"invalid_taxonomy":["Taxonom\u00eda no v\u00e1lida."]},"error_data":[]},"_links":{"self":[{"href":"https:\/\/dicopebisuteria.com\/tienda\/wp-json\/wp\/v2\/product\/8159","targetHints":{"allow":["GET"]}}],"collection":[{"href":"https:\/\/dicopebisuteria.com\/tienda\/wp-json\/wp\/v2\/product"}],"about":[{"href":"https:\/\/dicopebisuteria.com\/tienda\/wp-json\/wp\/v2\/types\/product"}],"replies":[{"embeddable":true,"href":"https:\/\/dicopebisuteria.com\/tienda\/wp-json\/wp\/v2\/comments?post=8159"}],"wp:featuredmedia":[{"embeddable":true,"href":"https:\/\/dicopebisuteria.com\/tienda\/wp-json\/wp\/v2\/media\/8162"}],"wp:attachment":[{"href":"https:\/\/dicopebisuteria.com\/tienda\/wp-json\/wp\/v2\/media?parent=8159"}],"wp:term":[{"taxonomy":"product_brand","embeddable":true,"href":"https:\/\/dicopebisuteria.com\/tienda\/wp-json\/wp\/v2\/product_brand?post=8159"},{"taxonomy":"product_cat","embeddable":true,"href":"https:\/\/dicopebisuteria.com\/tienda\/wp-json\/wp\/v2\/product_cat?post=8159"},{"taxonomy":"product_tag","embeddable":true,"href":"https:\/\/dicopebisuteria.com\/tienda\/wp-json\/wp\/v2\/product_tag?post=8159"}],"curies":[{"name":"wp","href":"https:\/\/api.w.org\/{rel}","templated":true}]}}