{"id":814,"date":"2014-03-25T21:55:23","date_gmt":"2014-03-25T21:55:23","guid":{"rendered":"http:\/\/dicopebisuteria.com\/tienda\/?post_type=product&#038;p=814"},"modified":"2017-05-22T10:36:47","modified_gmt":"2017-05-22T10:36:47","slug":"aguja-pelo-flor-cristales-swarovski-lila","status":"publish","type":"product","link":"https:\/\/dicopebisuteria.com\/tienda\/producto\/aguja-pelo-flor-cristales-swarovski-lila\/","title":{"rendered":"Aguja Pelo Flor Cristales Swarovski Lila"},"content":{"rendered":"<div id=\"tab-description\" class=\"panel\" style=\"display: block;\">\n<div id=\"tab-description\" class=\"panel\" style=\"display: block;\">\n<p>Buscas un peque\u00f1o detalle para adornar tu pelo ? Esta preciosa aguja de pelo esta creada con de aut\u00e9ntico cristal de swarovski y cristal de bohemia en tonos amatista y rosados formando una flor o tr\u00e9bol de la suerte .<\/p>\n<p>Una hermosa pieza que realzar\u00e1 tu peinado !<\/p>\n<p>\u2665 Medidas : flor 2 cm de largo\u00a0 y 6,5 cm base met\u00e1lica de largo<\/p>\n<p>\u2665 Te gusta pero la quieres en otros colores ?? <a href=\"http:\/\/dicopebisuteria.com\/tienda\/contacto\/\">Contactame<\/a> para que te haga una horquilla con tus colores favoritos !<\/p>\n<p>\u2665 Listo para enviar !<\/p>\n<p>\u2665 Te gusta ? Dale al bot\u00f3n de \u201cA\u00f1adir al Carrito\u201d y consigue la tuya !!<\/p>\n<p>Se env\u00eda por correo certificado en una peque\u00f1a cajita de regalo hecha a mano<\/p>\n<p>&nbsp;<\/p>\n<\/div>\n<\/div>\n","protected":false},"excerpt":{"rendered":"<p>Buscas un peque\u00f1o detalle para adornar tu pelo ? Esta preciosa aguja de pelo esta creada con de aut\u00e9ntico cristal de swarovski y cristal de&#8230;<\/p>\n","protected":false},"featured_media":815,"comment_status":"closed","ping_status":"closed","template":"","meta":[],"product_brand":[],"product_cat":[116,131],"product_tag":[],"class_list":{"0":"post-814","1":"product","2":"type-product","3":"status-publish","4":"has-post-thumbnail","6":"product_cat-horquillas","7":"product_cat-novias","9":"first","10":"instock","11":"shipping-taxable","12":"purchasable","13":"product-type-simple"},"etheme_brands":{"errors":{"invalid_taxonomy":["Taxonom\u00eda no v\u00e1lida."]},"error_data":[]},"_links":{"self":[{"href":"https:\/\/dicopebisuteria.com\/tienda\/wp-json\/wp\/v2\/product\/814","targetHints":{"allow":["GET"]}}],"collection":[{"href":"https:\/\/dicopebisuteria.com\/tienda\/wp-json\/wp\/v2\/product"}],"about":[{"href":"https:\/\/dicopebisuteria.com\/tienda\/wp-json\/wp\/v2\/types\/product"}],"replies":[{"embeddable":true,"href":"https:\/\/dicopebisuteria.com\/tienda\/wp-json\/wp\/v2\/comments?post=814"}],"wp:featuredmedia":[{"embeddable":true,"href":"https:\/\/dicopebisuteria.com\/tienda\/wp-json\/wp\/v2\/media\/815"}],"wp:attachment":[{"href":"https:\/\/dicopebisuteria.com\/tienda\/wp-json\/wp\/v2\/media?parent=814"}],"wp:term":[{"taxonomy":"product_brand","embeddable":true,"href":"https:\/\/dicopebisuteria.com\/tienda\/wp-json\/wp\/v2\/product_brand?post=814"},{"taxonomy":"product_cat","embeddable":true,"href":"https:\/\/dicopebisuteria.com\/tienda\/wp-json\/wp\/v2\/product_cat?post=814"},{"taxonomy":"product_tag","embeddable":true,"href":"https:\/\/dicopebisuteria.com\/tienda\/wp-json\/wp\/v2\/product_tag?post=814"}],"curies":[{"name":"wp","href":"https:\/\/api.w.org\/{rel}","templated":true}]}}