{"id":8078,"date":"2022-07-28T10:41:44","date_gmt":"2022-07-28T10:41:44","guid":{"rendered":"https:\/\/dicopebisuteria.com\/tienda\/?post_type=product&#038;p=8078"},"modified":"2024-09-12T10:42:59","modified_gmt":"2024-09-12T10:42:59","slug":"pulsera-gotita-rubi-y-gemas-semipreciosas","status":"publish","type":"product","link":"https:\/\/dicopebisuteria.com\/tienda\/producto\/pulsera-gotita-rubi-y-gemas-semipreciosas\/","title":{"rendered":"Pulsera Gotita Granate y Gemas Semipreciosas"},"content":{"rendered":"<p>Preciosas pulseras creadas con una gotita de piedra granate y cuentas de piedra de cuarzo rosa, amatista o piedra de cristal sol . Todas montadas en plata de ley<\/p>\n<p>\u2666\ufe0f La piedra de granate + la amatista te ayudaran a llenarte de energ\u00eda para meditar y a centrarte en conseguir tus objetivos<\/p>\n<p>\u2666\ufe0f La piedra de granate + el cuarzo rosa te aportar\u00e1n una gran energ\u00eda para abrir tu coraz\u00f3n y encontrar el amor , tambi\u00e9n te ayudara a mantenerlo y reforzarlo<\/p>\n<p>\u2666\ufe0f La piedra de granate+ cristal sol que es una piedra de imitaci\u00f3n , creada con peque\u00f1os brillitos que recuerdan a las estrellas del universo , con el granate te aportaran mucha energ\u00eda y suerte para brillar como las estrellas<\/p>\n<p>&nbsp;<\/p>\n<p>\u2665 TEN EN CUENTA QUE CADA PIEDRA ES UNICA y pueden cambiar su forma ligeramente de las de la foto!<\/p>\n<p>\u2665 Medidas : de 16,5 cm \/ o La Que Tu Me Pidas con cadenita extra !!<\/p>\n<p>\u2665 Listo para enviar !<\/p>\n<p>\u2665 Te gusta ? Dale al bot\u00f3n de \u201cA\u00f1adir al Carrito\u201d y consigue la tuya !!<\/p>\n<p>Se env\u00eda por correo certificado en una peque\u00f1a cajita de regalo<\/p>\n","protected":false},"excerpt":{"rendered":"<p>Preciosas pulseras creadas con una gotita de piedra granate y cuentas de piedra de cuarzo rosa, amatista o piedra de cristal sol . Todas montadas&#8230;<\/p>\n","protected":false},"featured_media":8080,"comment_status":"closed","ping_status":"closed","template":"","meta":[],"product_brand":[],"product_cat":[123,103,122,256],"product_tag":[],"class_list":{"0":"post-8078","1":"product","2":"type-product","3":"status-publish","4":"has-post-thumbnail","6":"product_cat-brilla","7":"product_cat-pulseras","8":"product_cat-pulseras-brilla","9":"product_cat-pulseras-plata","11":"first","12":"instock","13":"shipping-taxable","14":"purchasable","15":"product-type-variable"},"etheme_brands":{"errors":{"invalid_taxonomy":["Taxonom\u00eda no v\u00e1lida."]},"error_data":[]},"_links":{"self":[{"href":"https:\/\/dicopebisuteria.com\/tienda\/wp-json\/wp\/v2\/product\/8078","targetHints":{"allow":["GET"]}}],"collection":[{"href":"https:\/\/dicopebisuteria.com\/tienda\/wp-json\/wp\/v2\/product"}],"about":[{"href":"https:\/\/dicopebisuteria.com\/tienda\/wp-json\/wp\/v2\/types\/product"}],"replies":[{"embeddable":true,"href":"https:\/\/dicopebisuteria.com\/tienda\/wp-json\/wp\/v2\/comments?post=8078"}],"wp:featuredmedia":[{"embeddable":true,"href":"https:\/\/dicopebisuteria.com\/tienda\/wp-json\/wp\/v2\/media\/8080"}],"wp:attachment":[{"href":"https:\/\/dicopebisuteria.com\/tienda\/wp-json\/wp\/v2\/media?parent=8078"}],"wp:term":[{"taxonomy":"product_brand","embeddable":true,"href":"https:\/\/dicopebisuteria.com\/tienda\/wp-json\/wp\/v2\/product_brand?post=8078"},{"taxonomy":"product_cat","embeddable":true,"href":"https:\/\/dicopebisuteria.com\/tienda\/wp-json\/wp\/v2\/product_cat?post=8078"},{"taxonomy":"product_tag","embeddable":true,"href":"https:\/\/dicopebisuteria.com\/tienda\/wp-json\/wp\/v2\/product_tag?post=8078"}],"curies":[{"name":"wp","href":"https:\/\/api.w.org\/{rel}","templated":true}]}}