{"id":7995,"date":"2022-07-27T18:40:29","date_gmt":"2022-07-27T18:40:29","guid":{"rendered":"https:\/\/dicopebisuteria.com\/tienda\/?post_type=product&#038;p=7995"},"modified":"2022-07-27T18:43:53","modified_gmt":"2022-07-27T18:43:53","slug":"pulsera-charms-de-plata-de-ley-y-semipreciosas","status":"publish","type":"product","link":"https:\/\/dicopebisuteria.com\/tienda\/producto\/pulsera-charms-de-plata-de-ley-y-semipreciosas\/","title":{"rendered":"Pulsera Charms de plata de ley y semipreciosas"},"content":{"rendered":"<p>Solo tengo una de esta pulserita \u00bfSer\u00e1 para ti? Esta creada Toda en plata de ley con una linda cadenita y varios charms, entre ellos un coraz\u00f3n de plata, 3 cristalitos de swarovski , piedras de agata , una gota de piedra de cuarzo rosa y una cuenta de piedra de mokaita<\/p>\n<p>\u2666\ufe0f La combinaci\u00f3n de Piedras Cuarzo rosa, Mokaita y Agatas te aporta un equilibrio de energ\u00edas, sanar\u00e1 tu coraz\u00f3n y te ayuda a prepararte para abrirlo de nuevo! Adem\u00e1s te ayudara a c\u00e9ntrarte para conseguir tus objetivos!<\/p>\n<p>\u2665 Medidas : de 16 a 20 cm \/ o La Que Tu Me Pidas con cadenita opcional !!<\/p>\n<p>\u2665 Listo para enviar !<\/p>\n<p>\u2665 Te gusta ? Dale al bot\u00f3n de \u201cA\u00f1adir al Carrito\u201d y consigue la tuya !!<\/p>\n<p>Se env\u00eda por correo certificado en una peque\u00f1a cajita de regalo<\/p>\n","protected":false},"excerpt":{"rendered":"<p>Solo tengo una de esta pulserita \u00bfSer\u00e1 para ti? Esta creada Toda en plata de ley con una linda cadenita y varios charms, entre ellos&#8230;<\/p>\n","protected":false},"featured_media":8002,"comment_status":"closed","ping_status":"closed","template":"","meta":[],"product_brand":[],"product_cat":[255,103,122,256],"product_tag":[],"class_list":{"0":"post-7995","1":"product","2":"type-product","3":"status-publish","4":"has-post-thumbnail","6":"product_cat-pulsera-boho","7":"product_cat-pulseras","8":"product_cat-pulseras-brilla","9":"product_cat-pulseras-plata","11":"first","12":"instock","13":"shipping-taxable","14":"purchasable","15":"product-type-simple"},"etheme_brands":{"errors":{"invalid_taxonomy":["Taxonom\u00eda no v\u00e1lida."]},"error_data":[]},"_links":{"self":[{"href":"https:\/\/dicopebisuteria.com\/tienda\/wp-json\/wp\/v2\/product\/7995","targetHints":{"allow":["GET"]}}],"collection":[{"href":"https:\/\/dicopebisuteria.com\/tienda\/wp-json\/wp\/v2\/product"}],"about":[{"href":"https:\/\/dicopebisuteria.com\/tienda\/wp-json\/wp\/v2\/types\/product"}],"replies":[{"embeddable":true,"href":"https:\/\/dicopebisuteria.com\/tienda\/wp-json\/wp\/v2\/comments?post=7995"}],"wp:featuredmedia":[{"embeddable":true,"href":"https:\/\/dicopebisuteria.com\/tienda\/wp-json\/wp\/v2\/media\/8002"}],"wp:attachment":[{"href":"https:\/\/dicopebisuteria.com\/tienda\/wp-json\/wp\/v2\/media?parent=7995"}],"wp:term":[{"taxonomy":"product_brand","embeddable":true,"href":"https:\/\/dicopebisuteria.com\/tienda\/wp-json\/wp\/v2\/product_brand?post=7995"},{"taxonomy":"product_cat","embeddable":true,"href":"https:\/\/dicopebisuteria.com\/tienda\/wp-json\/wp\/v2\/product_cat?post=7995"},{"taxonomy":"product_tag","embeddable":true,"href":"https:\/\/dicopebisuteria.com\/tienda\/wp-json\/wp\/v2\/product_tag?post=7995"}],"curies":[{"name":"wp","href":"https:\/\/api.w.org\/{rel}","templated":true}]}}