{"id":773,"date":"2014-03-26T17:59:01","date_gmt":"2014-03-26T17:59:01","guid":{"rendered":"http:\/\/dicopebisuteria.com\/tienda\/?post_type=product&#038;p=773"},"modified":"2026-02-09T18:24:42","modified_gmt":"2026-02-09T18:24:42","slug":"diadema-abalorios-cristales-swarovski-verde-violeta-jade","status":"publish","type":"product","link":"https:\/\/dicopebisuteria.com\/tienda\/producto\/diadema-abalorios-cristales-swarovski-verde-violeta-jade\/","title":{"rendered":"Diadema Abalorios Cristales Swarovski Verde Violeta Jade"},"content":{"rendered":"<p>Celebra tu boda o fiesta con una joya \u00fanica y original ! Esta diadema esta creada con bolitas de cristal checo , cuentas de piedra semipreciosa jade y abalorios de aut\u00e9ntico cristal de swarovski en tonos lilas , verde y marrones . Te encantar\u00e1 el toque m\u00e1gico que esta diadema aporta a tu peinado !<\/p>\n<p>Una preciosa joya inspirada en los colores de los jardines oto\u00f1ales !<\/p>\n<p>Lucela en un d\u00eda especial o todos los d\u00edas !!<\/p>\n<p>\u2665 Medidas : diadema para adultos de 13 cm de di\u00e1metro<\/p>\n<p>\u2665 Te gusta pero la quieres en otros colores ?? <a href=\"http:\/\/dicopebisuteria.com\/tienda\/contacto\/\">Contactame<\/a> para que te haga una tiara con tus colores favoritos !<\/p>\n<p>\u2665 Listo para enviar !<\/p>\n<p>\u2665 Te gusta ? Dale al bot\u00f3n de \u201cA\u00f1adir al Carrito\u201d y consigue la tuya !!<\/p>\n<p>Se env\u00eda por correo certificado en una peque\u00f1a cajita de regalo hecha a mano<\/p>\n<p>&nbsp;<\/p>\n","protected":false},"excerpt":{"rendered":"<p>Celebra tu boda o fiesta con una joya \u00fanica y original ! Esta diadema esta creada con bolitas de cristal checo , cuentas de piedra&#8230;<\/p>\n","protected":false},"featured_media":774,"comment_status":"closed","ping_status":"closed","template":"","meta":[],"product_brand":[],"product_cat":[131,114],"product_tag":[],"class_list":{"0":"post-773","1":"product","2":"type-product","3":"status-publish","4":"has-post-thumbnail","6":"product_cat-novias","7":"product_cat-tiaras","9":"first","10":"instock","11":"sale","12":"shipping-taxable","13":"purchasable","14":"product-type-simple"},"etheme_brands":{"errors":{"invalid_taxonomy":["Taxonom\u00eda no v\u00e1lida."]},"error_data":[]},"_links":{"self":[{"href":"https:\/\/dicopebisuteria.com\/tienda\/wp-json\/wp\/v2\/product\/773","targetHints":{"allow":["GET"]}}],"collection":[{"href":"https:\/\/dicopebisuteria.com\/tienda\/wp-json\/wp\/v2\/product"}],"about":[{"href":"https:\/\/dicopebisuteria.com\/tienda\/wp-json\/wp\/v2\/types\/product"}],"replies":[{"embeddable":true,"href":"https:\/\/dicopebisuteria.com\/tienda\/wp-json\/wp\/v2\/comments?post=773"}],"wp:featuredmedia":[{"embeddable":true,"href":"https:\/\/dicopebisuteria.com\/tienda\/wp-json\/wp\/v2\/media\/774"}],"wp:attachment":[{"href":"https:\/\/dicopebisuteria.com\/tienda\/wp-json\/wp\/v2\/media?parent=773"}],"wp:term":[{"taxonomy":"product_brand","embeddable":true,"href":"https:\/\/dicopebisuteria.com\/tienda\/wp-json\/wp\/v2\/product_brand?post=773"},{"taxonomy":"product_cat","embeddable":true,"href":"https:\/\/dicopebisuteria.com\/tienda\/wp-json\/wp\/v2\/product_cat?post=773"},{"taxonomy":"product_tag","embeddable":true,"href":"https:\/\/dicopebisuteria.com\/tienda\/wp-json\/wp\/v2\/product_tag?post=773"}],"curies":[{"name":"wp","href":"https:\/\/api.w.org\/{rel}","templated":true}]}}