{"id":7459,"date":"2021-10-31T18:17:01","date_gmt":"2021-10-31T18:17:01","guid":{"rendered":"http:\/\/dicopebisuteria.com\/tienda\/?post_type=product&#038;p=7459"},"modified":"2021-10-31T18:21:35","modified_gmt":"2021-10-31T18:21:35","slug":"tocado-diadema-con-flores-de-papel-verdes-y-cristales-swarovski","status":"publish","type":"product","link":"https:\/\/dicopebisuteria.com\/tienda\/producto\/tocado-diadema-con-flores-de-papel-verdes-y-cristales-swarovski\/","title":{"rendered":"Tocado Diadema con flores de papel verdes y cristales swarovski"},"content":{"rendered":"<p>Hermoso tocado con diadema de fantasia creada con flores de papel en forma de rosas y aut\u00e9ntico cristal de swarovski en tonos verdes. Todo decorado con unas hojitas de cristal . Te encantar\u00e1 el toque m\u00e1gico que esta diadema aporta a tu peinado!<\/p>\n<p>&nbsp;<\/p>\n<p>\u2665 Medidas : diadema para adultos de 13 cm de di\u00e1metro , medidas del tocado de cuentas :\u00a0 17 cm<\/p>\n<p>\u2665 Te gusta pero la quieres en otros colores ?? Cont\u00e1ctame para que te haga una tiara con tus colores favoritos !<\/p>\n<p>\u2665 Listo para enviar! Se env\u00eda por correo certificado en una preciosa cajita!<\/p>\n<p>\u2665 Te gusta ? Dale al bot\u00f3n de \u201cA\u00f1adir al Carrito\u201d y consigue la tuya !!<\/p>\n<p>&nbsp;<\/p>\n<p><strong>Mi misi\u00f3n es ayudarte a Brillar y sentirte mas\u00a0Hermosa todos los d\u00edas! Compra Joyitas \u00fanicas! Compra\u00a0Dicope Bisuteria!<\/strong><\/p>\n","protected":false},"excerpt":{"rendered":"<p>Hermoso tocado con diadema de fantasia creada con flores de papel en forma de rosas y aut\u00e9ntico cristal de swarovski en tonos verdes. Todo decorado&#8230;<\/p>\n","protected":false},"featured_media":7460,"comment_status":"closed","ping_status":"closed","template":"","meta":[],"product_brand":[],"product_cat":[131,114],"product_tag":[],"class_list":{"0":"post-7459","1":"product","2":"type-product","3":"status-publish","4":"has-post-thumbnail","6":"product_cat-novias","7":"product_cat-tiaras","9":"first","10":"instock","11":"shipping-taxable","12":"purchasable","13":"product-type-simple"},"etheme_brands":{"errors":{"invalid_taxonomy":["Taxonom\u00eda no v\u00e1lida."]},"error_data":[]},"_links":{"self":[{"href":"https:\/\/dicopebisuteria.com\/tienda\/wp-json\/wp\/v2\/product\/7459","targetHints":{"allow":["GET"]}}],"collection":[{"href":"https:\/\/dicopebisuteria.com\/tienda\/wp-json\/wp\/v2\/product"}],"about":[{"href":"https:\/\/dicopebisuteria.com\/tienda\/wp-json\/wp\/v2\/types\/product"}],"replies":[{"embeddable":true,"href":"https:\/\/dicopebisuteria.com\/tienda\/wp-json\/wp\/v2\/comments?post=7459"}],"wp:featuredmedia":[{"embeddable":true,"href":"https:\/\/dicopebisuteria.com\/tienda\/wp-json\/wp\/v2\/media\/7460"}],"wp:attachment":[{"href":"https:\/\/dicopebisuteria.com\/tienda\/wp-json\/wp\/v2\/media?parent=7459"}],"wp:term":[{"taxonomy":"product_brand","embeddable":true,"href":"https:\/\/dicopebisuteria.com\/tienda\/wp-json\/wp\/v2\/product_brand?post=7459"},{"taxonomy":"product_cat","embeddable":true,"href":"https:\/\/dicopebisuteria.com\/tienda\/wp-json\/wp\/v2\/product_cat?post=7459"},{"taxonomy":"product_tag","embeddable":true,"href":"https:\/\/dicopebisuteria.com\/tienda\/wp-json\/wp\/v2\/product_tag?post=7459"}],"curies":[{"name":"wp","href":"https:\/\/api.w.org\/{rel}","templated":true}]}}