{"id":7360,"date":"2021-09-22T18:13:47","date_gmt":"2021-09-22T18:13:47","guid":{"rendered":"http:\/\/dicopebisuteria.com\/tienda\/?post_type=product&#038;p=7360"},"modified":"2021-09-22T18:43:30","modified_gmt":"2021-09-22T18:43:30","slug":"media-diadema-novia-azul-turquesa-con-perlas-de-rio-y-swarovski","status":"publish","type":"product","link":"https:\/\/dicopebisuteria.com\/tienda\/producto\/media-diadema-novia-azul-turquesa-con-perlas-de-rio-y-swarovski\/","title":{"rendered":"Media Diadema Novia azul turquesa con perlas de rio y swarovski"},"content":{"rendered":"<p>Maravillosa diadema creada con aut\u00e9ntico cristal de swarovski en varios tonos azules, blancos y translucidos y varias cuentas de cristal y perlas de rio. Ideal para a\u00f1adir un toque azul a tu m\u00e1gico d\u00eda!<\/p>\n<p>La media diadema es perfecta para dar un toque de luz y elegancia tu peinado sin recargar demasiado !! Lucela en un d\u00eda especial o todos los d\u00edas!!<\/p>\n<p>\u2665 Medidas : diadema para adultos de 13,5 cm de di\u00e1metro , medidas del tocado de cuentas :\u00a0\u00a016 cm<\/p>\n<p>\u2665 Te gusta pero la quieres en otros colores ?? Cont\u00e1ctame para que te haga una tiara con tus colores favoritos !<\/p>\n<p>\u2665 Listo para enviar! Se env\u00eda por correo certificado en una preciosa cajita!<\/p>\n<p>\u2665 Te gusta ? Dale al bot\u00f3n de \u201cA\u00f1adir al Carrito\u201d y consigue la tuya !!<\/p>\n<p>&nbsp;<\/p>\n<p><strong>Mi misi\u00f3n es ayudarte a Brillar y sentirte mas\u00a0Preciosa todos los d\u00edas! Compra Joyitas \u00fanicas! Compra\u00a0Dicope Bisuteria!<\/strong><\/p>\n","protected":false},"excerpt":{"rendered":"<p>Maravillosa diadema creada con aut\u00e9ntico cristal de swarovski en varios tonos azules, blancos y translucidos y varias cuentas de cristal y perlas de rio. Ideal&#8230;<\/p>\n","protected":false},"featured_media":7361,"comment_status":"closed","ping_status":"closed","template":"","meta":[],"product_brand":[],"product_cat":[131,114],"product_tag":[],"class_list":{"0":"post-7360","1":"product","2":"type-product","3":"status-publish","4":"has-post-thumbnail","6":"product_cat-novias","7":"product_cat-tiaras","9":"first","10":"instock","11":"shipping-taxable","12":"purchasable","13":"product-type-simple"},"etheme_brands":{"errors":{"invalid_taxonomy":["Taxonom\u00eda no v\u00e1lida."]},"error_data":[]},"_links":{"self":[{"href":"https:\/\/dicopebisuteria.com\/tienda\/wp-json\/wp\/v2\/product\/7360","targetHints":{"allow":["GET"]}}],"collection":[{"href":"https:\/\/dicopebisuteria.com\/tienda\/wp-json\/wp\/v2\/product"}],"about":[{"href":"https:\/\/dicopebisuteria.com\/tienda\/wp-json\/wp\/v2\/types\/product"}],"replies":[{"embeddable":true,"href":"https:\/\/dicopebisuteria.com\/tienda\/wp-json\/wp\/v2\/comments?post=7360"}],"wp:featuredmedia":[{"embeddable":true,"href":"https:\/\/dicopebisuteria.com\/tienda\/wp-json\/wp\/v2\/media\/7361"}],"wp:attachment":[{"href":"https:\/\/dicopebisuteria.com\/tienda\/wp-json\/wp\/v2\/media?parent=7360"}],"wp:term":[{"taxonomy":"product_brand","embeddable":true,"href":"https:\/\/dicopebisuteria.com\/tienda\/wp-json\/wp\/v2\/product_brand?post=7360"},{"taxonomy":"product_cat","embeddable":true,"href":"https:\/\/dicopebisuteria.com\/tienda\/wp-json\/wp\/v2\/product_cat?post=7360"},{"taxonomy":"product_tag","embeddable":true,"href":"https:\/\/dicopebisuteria.com\/tienda\/wp-json\/wp\/v2\/product_tag?post=7360"}],"curies":[{"name":"wp","href":"https:\/\/api.w.org\/{rel}","templated":true}]}}