{"id":7309,"date":"2021-09-22T16:30:29","date_gmt":"2021-09-22T16:30:29","guid":{"rendered":"http:\/\/dicopebisuteria.com\/tienda\/?post_type=product&#038;p=7309"},"modified":"2021-09-22T17:48:57","modified_gmt":"2021-09-22T17:48:57","slug":"horquillas-azules-para-mono-con-cristales-de-swarovski-y-semipreciosas","status":"publish","type":"product","link":"https:\/\/dicopebisuteria.com\/tienda\/producto\/horquillas-azules-para-mono-con-cristales-de-swarovski-y-semipreciosas\/","title":{"rendered":"Horquillas Azules para mo\u00f1o con cristales de swarovski y semipreciosas"},"content":{"rendered":"<p>Buscas un peque\u00f1o detalle para adornar tu pelo ? Estas preciosas horquillas de pelo (para mo\u00f1o) estan creadas con de aut\u00e9ntico cristal de swarovski y cristal de bohemia en tonos azules.<\/p>\n<p>Un precioso set de <strong>2 horquillas<\/strong> que realzar\u00e1 tu peinado !<\/p>\n<p>\u2665 Medidas : abalorios 1 cm\u00a0 de largo\u00a0 y 7 cm base met\u00e1lica de largo<\/p>\n<p>\u2665 Te gusta pero la quieres en otros colores ?? <a href=\"http:\/\/dicopebisuteria.com\/tienda\/contacto\/\">Contactame<\/a> para que te haga una horquilla con tus colores favoritos !<\/p>\n<p>\u2665 Listo para enviar !<\/p>\n<p>\u2665 Te gusta ? Dale al bot\u00f3n de \u201cA\u00f1adir al Carrito\u201d y consigue la tuya !!<\/p>\n<p>Se env\u00eda por correo certificado en una peque\u00f1a cajita de regalo hecha a mano<\/p>\n<p>&nbsp;<\/p>\n","protected":false},"excerpt":{"rendered":"<p>Buscas un peque\u00f1o detalle para adornar tu pelo ? Estas preciosas horquillas de pelo (para mo\u00f1o) estan creadas con de aut\u00e9ntico cristal de swarovski y&#8230;<\/p>\n","protected":false},"featured_media":7310,"comment_status":"closed","ping_status":"closed","template":"","meta":[],"product_brand":[],"product_cat":[116,131],"product_tag":[],"class_list":{"0":"post-7309","1":"product","2":"type-product","3":"status-publish","4":"has-post-thumbnail","6":"product_cat-horquillas","7":"product_cat-novias","9":"first","10":"instock","11":"shipping-taxable","12":"purchasable","13":"product-type-simple"},"etheme_brands":{"errors":{"invalid_taxonomy":["Taxonom\u00eda no v\u00e1lida."]},"error_data":[]},"_links":{"self":[{"href":"https:\/\/dicopebisuteria.com\/tienda\/wp-json\/wp\/v2\/product\/7309","targetHints":{"allow":["GET"]}}],"collection":[{"href":"https:\/\/dicopebisuteria.com\/tienda\/wp-json\/wp\/v2\/product"}],"about":[{"href":"https:\/\/dicopebisuteria.com\/tienda\/wp-json\/wp\/v2\/types\/product"}],"replies":[{"embeddable":true,"href":"https:\/\/dicopebisuteria.com\/tienda\/wp-json\/wp\/v2\/comments?post=7309"}],"wp:featuredmedia":[{"embeddable":true,"href":"https:\/\/dicopebisuteria.com\/tienda\/wp-json\/wp\/v2\/media\/7310"}],"wp:attachment":[{"href":"https:\/\/dicopebisuteria.com\/tienda\/wp-json\/wp\/v2\/media?parent=7309"}],"wp:term":[{"taxonomy":"product_brand","embeddable":true,"href":"https:\/\/dicopebisuteria.com\/tienda\/wp-json\/wp\/v2\/product_brand?post=7309"},{"taxonomy":"product_cat","embeddable":true,"href":"https:\/\/dicopebisuteria.com\/tienda\/wp-json\/wp\/v2\/product_cat?post=7309"},{"taxonomy":"product_tag","embeddable":true,"href":"https:\/\/dicopebisuteria.com\/tienda\/wp-json\/wp\/v2\/product_tag?post=7309"}],"curies":[{"name":"wp","href":"https:\/\/api.w.org\/{rel}","templated":true}]}}