{"id":7240,"date":"2021-06-30T18:56:48","date_gmt":"2021-06-30T18:56:48","guid":{"rendered":"http:\/\/dicopebisuteria.com\/tienda\/?post_type=product&#038;p=7240"},"modified":"2021-06-30T18:58:57","modified_gmt":"2021-06-30T18:58:57","slug":"collar-drusa-morado-con-cuentas-semipreciosas-y-cristalitos-de-swarovski","status":"publish","type":"product","link":"https:\/\/dicopebisuteria.com\/tienda\/producto\/collar-drusa-morado-con-cuentas-semipreciosas-y-cristalitos-de-swarovski\/","title":{"rendered":"Collar Drusa Morado con cuentas semipreciosas y cristalitos de swarovski"},"content":{"rendered":"<p>Precioso collar con una maravillosa drusa de piedra semipreciosa de \u00e1gata en color\u00a0morado amatista!\u00a0 Montada con cuentas de gemas semipreciosas de agata , swarovski y cristalitos varios\u00a0! Solo tengo tres de estas incre\u00edbles drusas as\u00ed que no te quedes sin tu collar! Perfecto para dar un toque m\u00e1gico a tu ropa favorita!<\/p>\n<p>El tono morado es un poco mas rosita que en la foto , pero no llega a ser fucsia sino un precioso amatista!<\/p>\n<p>\u2665 Medidas collar :\u00a038 cm de largo aprox.\/ O la que tu quieras!!<\/p>\n<p>\u2665 Este producto a sido creado con CRYSTALLIZED\u2122 \u2013 Swarovski Elements<\/p>\n<p>\u2665 Listo para enviar !<\/p>\n<p>\u2665 Te gusta ? Dale al bot\u00f3n de \u201cA\u00f1adir al Carrito\u201d y consigue el tuyo !!<\/p>\n<p>Se env\u00eda por correo certificado en una peque\u00f1a cajita de regalo<\/p>\n","protected":false},"excerpt":{"rendered":"<p>Precioso collar con una maravillosa drusa de piedra semipreciosa de \u00e1gata en color\u00a0morado amatista!\u00a0 Montada con cuentas de gemas semipreciosas de agata , swarovski y&#8230;<\/p>\n","protected":false},"featured_media":7244,"comment_status":"closed","ping_status":"closed","template":"","meta":[],"product_brand":[],"product_cat":[105,253,221,180,212],"product_tag":[],"class_list":{"0":"post-7240","1":"product","2":"type-product","3":"status-publish","4":"has-post-thumbnail","6":"product_cat-collares","7":"product_cat-collares-boho","8":"product_cat-novedades","9":"product_cat-playas-de-ensueno","10":"product_cat-playas-de-ensueno-collares","12":"first","13":"instock","14":"shipping-taxable","15":"purchasable","16":"product-type-variable"},"etheme_brands":{"errors":{"invalid_taxonomy":["Taxonom\u00eda no v\u00e1lida."]},"error_data":[]},"_links":{"self":[{"href":"https:\/\/dicopebisuteria.com\/tienda\/wp-json\/wp\/v2\/product\/7240","targetHints":{"allow":["GET"]}}],"collection":[{"href":"https:\/\/dicopebisuteria.com\/tienda\/wp-json\/wp\/v2\/product"}],"about":[{"href":"https:\/\/dicopebisuteria.com\/tienda\/wp-json\/wp\/v2\/types\/product"}],"replies":[{"embeddable":true,"href":"https:\/\/dicopebisuteria.com\/tienda\/wp-json\/wp\/v2\/comments?post=7240"}],"wp:featuredmedia":[{"embeddable":true,"href":"https:\/\/dicopebisuteria.com\/tienda\/wp-json\/wp\/v2\/media\/7244"}],"wp:attachment":[{"href":"https:\/\/dicopebisuteria.com\/tienda\/wp-json\/wp\/v2\/media?parent=7240"}],"wp:term":[{"taxonomy":"product_brand","embeddable":true,"href":"https:\/\/dicopebisuteria.com\/tienda\/wp-json\/wp\/v2\/product_brand?post=7240"},{"taxonomy":"product_cat","embeddable":true,"href":"https:\/\/dicopebisuteria.com\/tienda\/wp-json\/wp\/v2\/product_cat?post=7240"},{"taxonomy":"product_tag","embeddable":true,"href":"https:\/\/dicopebisuteria.com\/tienda\/wp-json\/wp\/v2\/product_tag?post=7240"}],"curies":[{"name":"wp","href":"https:\/\/api.w.org\/{rel}","templated":true}]}}