{"id":6946,"date":"2019-05-24T06:02:55","date_gmt":"2019-05-24T06:02:55","guid":{"rendered":"http:\/\/dicopebisuteria.com\/tienda\/?post_type=product&#038;p=6946"},"modified":"2022-06-12T22:16:08","modified_gmt":"2022-06-12T22:16:08","slug":"collar-de-mini-medalla-y-gemas-de-agata-moradas","status":"publish","type":"product","link":"https:\/\/dicopebisuteria.com\/tienda\/producto\/collar-de-mini-medalla-y-gemas-de-agata-moradas\/","title":{"rendered":"Collar de mini medalla y gemas de agata moradas"},"content":{"rendered":"<p>Collar con mini medallita dorada y gemas facetadas de piedra de \u00e1gata en tono morado. Perfecto para combinar con tus vestidos y blusas favoritas este verano!<\/p>\n<p>\u2666\ufe0f La piedra de \u00e1gata te ayudar\u00e1 a equilibrar mente y coraz\u00f3n, y atrae la armon\u00eda entre energ\u00edas positivas y negativas\u2665<\/p>\n<p>&nbsp;<\/p>\n<p>\u2665 Medidas collar : cadena 40 cm a 48 cm de largo, permite llevarlo muy corto o mas largo para que puedas combinarlo con otros collares tambi\u00e9n!<\/p>\n<p>\u2665 Listo para enviar !<\/p>\n<p>\u2665 Te gusta ? Dale al bot\u00f3n de \u201cA\u00f1adir al Carrito\u201d y consigue el tuyo!!<\/p>\n<p>Se env\u00eda por correo certificado en una peque\u00f1a cajita de regalo<\/p>\n","protected":false},"excerpt":{"rendered":"<p>Collar con mini medallita dorada y gemas facetadas de piedra de \u00e1gata en tono morado. Perfecto para combinar con tus vestidos y blusas favoritas este&#8230;<\/p>\n","protected":false},"featured_media":6949,"comment_status":"closed","ping_status":"closed","template":"","meta":[],"product_brand":[],"product_cat":[105,253,121],"product_tag":[],"class_list":{"0":"post-6946","1":"product","2":"type-product","3":"status-publish","4":"has-post-thumbnail","6":"product_cat-collares","7":"product_cat-collares-boho","8":"product_cat-collares-brilla","10":"first","11":"instock","12":"shipping-taxable","13":"purchasable","14":"product-type-simple"},"etheme_brands":{"errors":{"invalid_taxonomy":["Taxonom\u00eda no v\u00e1lida."]},"error_data":[]},"_links":{"self":[{"href":"https:\/\/dicopebisuteria.com\/tienda\/wp-json\/wp\/v2\/product\/6946","targetHints":{"allow":["GET"]}}],"collection":[{"href":"https:\/\/dicopebisuteria.com\/tienda\/wp-json\/wp\/v2\/product"}],"about":[{"href":"https:\/\/dicopebisuteria.com\/tienda\/wp-json\/wp\/v2\/types\/product"}],"replies":[{"embeddable":true,"href":"https:\/\/dicopebisuteria.com\/tienda\/wp-json\/wp\/v2\/comments?post=6946"}],"wp:featuredmedia":[{"embeddable":true,"href":"https:\/\/dicopebisuteria.com\/tienda\/wp-json\/wp\/v2\/media\/6949"}],"wp:attachment":[{"href":"https:\/\/dicopebisuteria.com\/tienda\/wp-json\/wp\/v2\/media?parent=6946"}],"wp:term":[{"taxonomy":"product_brand","embeddable":true,"href":"https:\/\/dicopebisuteria.com\/tienda\/wp-json\/wp\/v2\/product_brand?post=6946"},{"taxonomy":"product_cat","embeddable":true,"href":"https:\/\/dicopebisuteria.com\/tienda\/wp-json\/wp\/v2\/product_cat?post=6946"},{"taxonomy":"product_tag","embeddable":true,"href":"https:\/\/dicopebisuteria.com\/tienda\/wp-json\/wp\/v2\/product_tag?post=6946"}],"curies":[{"name":"wp","href":"https:\/\/api.w.org\/{rel}","templated":true}]}}