{"id":6935,"date":"2019-05-24T06:00:52","date_gmt":"2019-05-24T06:00:52","guid":{"rendered":"http:\/\/dicopebisuteria.com\/tienda\/?post_type=product&#038;p=6935"},"modified":"2021-04-14T19:22:49","modified_gmt":"2021-04-14T19:22:49","slug":"collar-estrella-de-concha-de-abulon-y-cuentas-de-piedra-sol-azul-y-swarovski-rosa","status":"publish","type":"product","link":"https:\/\/dicopebisuteria.com\/tienda\/producto\/collar-estrella-de-concha-de-abulon-y-cuentas-de-piedra-sol-azul-y-swarovski-rosa\/","title":{"rendered":"Collar Estrella de concha de abulon y cuentas de piedra sol azul y swarovski rosa"},"content":{"rendered":"<p>M\u00e1gico collar de estrella creado con una concha de abulon y cuentas de piedra sol azul! Tambi\u00e9n trae maravillosas cuentas de cristal de swarovski en tonos rosados. Perfecto para combinar con tus vestidos y blusas favoritas!<\/p>\n<p>\u2666\ufe0f Las conchas de abulon simbolizan la calma y tranquilidad del mar y sus energ\u00edas curativas y la piedra sol azul te aportar\u00e1 energ\u00edas positivas y te ayuda a conectar con el universo \u2665<\/p>\n<p>\u2666\ufe0f Ten en cuenta que cada estrellita es \u00fanica ya que las conchas son completamente naturales y distintas , todas tienen hermosas ondas que brillan con distintos colores<\/p>\n<p>\u2665 Medidas collar : cadena 40 cm a 48 cm de largo, permite llevarlo muy corto o mas largo para que puedas combinarlo con otros collares tambi\u00e9n!<\/p>\n<p>\u2665 Listo para enviar !<\/p>\n<p>\u2665 Te gusta ? Dale al bot\u00f3n de \u201cA\u00f1adir al Carrito\u201d y consigue el tuyo!!<\/p>\n<p>Se env\u00eda por correo certificado en una peque\u00f1a cajita de regalo<\/p>\n","protected":false},"excerpt":{"rendered":"<p>M\u00e1gico collar de estrella creado con una concha de abulon y cuentas de piedra sol azul! Tambi\u00e9n trae maravillosas cuentas de cristal de swarovski en&#8230;<\/p>\n","protected":false},"featured_media":6936,"comment_status":"closed","ping_status":"closed","template":"","meta":[],"product_brand":[],"product_cat":[123,105,253,121,130,212],"product_tag":[],"class_list":{"0":"post-6935","1":"product","2":"type-product","3":"status-publish","4":"has-post-thumbnail","6":"product_cat-brilla","7":"product_cat-collares","8":"product_cat-collares-boho","9":"product_cat-collares-brilla","10":"product_cat-outlet","11":"product_cat-playas-de-ensueno-collares","13":"first","14":"instock","15":"sale","16":"shipping-taxable","17":"purchasable","18":"product-type-simple"},"etheme_brands":{"errors":{"invalid_taxonomy":["Taxonom\u00eda no v\u00e1lida."]},"error_data":[]},"_links":{"self":[{"href":"https:\/\/dicopebisuteria.com\/tienda\/wp-json\/wp\/v2\/product\/6935","targetHints":{"allow":["GET"]}}],"collection":[{"href":"https:\/\/dicopebisuteria.com\/tienda\/wp-json\/wp\/v2\/product"}],"about":[{"href":"https:\/\/dicopebisuteria.com\/tienda\/wp-json\/wp\/v2\/types\/product"}],"replies":[{"embeddable":true,"href":"https:\/\/dicopebisuteria.com\/tienda\/wp-json\/wp\/v2\/comments?post=6935"}],"wp:featuredmedia":[{"embeddable":true,"href":"https:\/\/dicopebisuteria.com\/tienda\/wp-json\/wp\/v2\/media\/6936"}],"wp:attachment":[{"href":"https:\/\/dicopebisuteria.com\/tienda\/wp-json\/wp\/v2\/media?parent=6935"}],"wp:term":[{"taxonomy":"product_brand","embeddable":true,"href":"https:\/\/dicopebisuteria.com\/tienda\/wp-json\/wp\/v2\/product_brand?post=6935"},{"taxonomy":"product_cat","embeddable":true,"href":"https:\/\/dicopebisuteria.com\/tienda\/wp-json\/wp\/v2\/product_cat?post=6935"},{"taxonomy":"product_tag","embeddable":true,"href":"https:\/\/dicopebisuteria.com\/tienda\/wp-json\/wp\/v2\/product_tag?post=6935"}],"curies":[{"name":"wp","href":"https:\/\/api.w.org\/{rel}","templated":true}]}}