{"id":6710,"date":"2018-05-18T07:59:58","date_gmt":"2018-05-18T07:59:58","guid":{"rendered":"http:\/\/dicopebisuteria.com\/tienda\/?post_type=product&#038;p=6710"},"modified":"2021-06-17T22:37:59","modified_gmt":"2021-06-17T22:37:59","slug":"collar-laura-con-perla-de-rio-y-plata-de-ley","status":"publish","type":"product","link":"https:\/\/dicopebisuteria.com\/tienda\/producto\/collar-laura-con-perla-de-rio-y-plata-de-ley\/","title":{"rendered":"Collar Laura con Perla de Rio y plata de Ley"},"content":{"rendered":"<p>Elegante collar Laura creado con una hermosa perla de rio natural y montada en un collar de plata de ley! Perfecto para dar un toque rom\u00e1ntico y\u00a0elegante a tu conjutos!<\/p>\n<p>\u2666\ufe0f Las perlas de r\u00edo simbolizan la m\u00e1gica luz de la luna y la belleza de la inocencia, adem\u00e1s las perlas siempre atraen la buena suerte!<\/p>\n<p>&nbsp;<\/p>\n<p>\u2665 Medidas collar : cadena 44 cm de largo<\/p>\n<p>\u2665 Listo para enviar !<\/p>\n<p>\u2665 Te gusta ? Dale al bot\u00f3n de \u201cA\u00f1adir al Carrito\u201d y consigue el tuyo !!<\/p>\n<p>Se env\u00eda por correo certificado en una peque\u00f1a cajita de regalo<\/p>\n","protected":false},"excerpt":{"rendered":"<p>Elegante collar Laura creado con una hermosa perla de rio natural y montada en un collar de plata de ley! Perfecto para dar un toque&#8230;<\/p>\n","protected":false},"featured_media":6711,"comment_status":"closed","ping_status":"closed","template":"","meta":[],"product_brand":[],"product_cat":[123,105,121,254,221],"product_tag":[],"class_list":{"0":"post-6710","1":"product","2":"type-product","3":"status-publish","4":"has-post-thumbnail","6":"product_cat-brilla","7":"product_cat-collares","8":"product_cat-collares-brilla","9":"product_cat-collares-plata","10":"product_cat-novedades","12":"first","13":"instock","14":"shipping-taxable","15":"purchasable","16":"product-type-simple"},"etheme_brands":{"errors":{"invalid_taxonomy":["Taxonom\u00eda no v\u00e1lida."]},"error_data":[]},"_links":{"self":[{"href":"https:\/\/dicopebisuteria.com\/tienda\/wp-json\/wp\/v2\/product\/6710","targetHints":{"allow":["GET"]}}],"collection":[{"href":"https:\/\/dicopebisuteria.com\/tienda\/wp-json\/wp\/v2\/product"}],"about":[{"href":"https:\/\/dicopebisuteria.com\/tienda\/wp-json\/wp\/v2\/types\/product"}],"replies":[{"embeddable":true,"href":"https:\/\/dicopebisuteria.com\/tienda\/wp-json\/wp\/v2\/comments?post=6710"}],"wp:featuredmedia":[{"embeddable":true,"href":"https:\/\/dicopebisuteria.com\/tienda\/wp-json\/wp\/v2\/media\/6711"}],"wp:attachment":[{"href":"https:\/\/dicopebisuteria.com\/tienda\/wp-json\/wp\/v2\/media?parent=6710"}],"wp:term":[{"taxonomy":"product_brand","embeddable":true,"href":"https:\/\/dicopebisuteria.com\/tienda\/wp-json\/wp\/v2\/product_brand?post=6710"},{"taxonomy":"product_cat","embeddable":true,"href":"https:\/\/dicopebisuteria.com\/tienda\/wp-json\/wp\/v2\/product_cat?post=6710"},{"taxonomy":"product_tag","embeddable":true,"href":"https:\/\/dicopebisuteria.com\/tienda\/wp-json\/wp\/v2\/product_tag?post=6710"}],"curies":[{"name":"wp","href":"https:\/\/api.w.org\/{rel}","templated":true}]}}