{"id":6706,"date":"2018-05-18T08:56:30","date_gmt":"2018-05-18T08:56:30","guid":{"rendered":"http:\/\/dicopebisuteria.com\/tienda\/?post_type=product&#038;p=6706"},"modified":"2022-07-02T12:08:24","modified_gmt":"2022-07-02T12:08:24","slug":"collar-blanca-de-perlas-de-rio-y-plata-de-ley","status":"publish","type":"product","link":"https:\/\/dicopebisuteria.com\/tienda\/producto\/collar-blanca-de-perlas-de-rio-y-plata-de-ley\/","title":{"rendered":"Collar Blanca de Perlas de Rio y plata de Ley"},"content":{"rendered":"<p>Elegante collar Blanca creado con unas hermosas perlas de rio naturales y montadas en un collar de plata de ley! Perfecto para dar un toque rom\u00e1ntico y\u00a0elegante a tu conjutos!<\/p>\n<p>\u2666\ufe0f Las perlas de r\u00edo simbolizan la m\u00e1gica luz de la luna y la belleza de la inocencia, adem\u00e1s las perlas siempre atraen la buena suerte!<\/p>\n<p>&nbsp;<\/p>\n<p>\u2665 Medidas collar : cadena 44 cm de largo<\/p>\n<p>\u2665 Listo para enviar !<\/p>\n<p>\u2665 Te gusta ? Dale al bot\u00f3n de \u201cA\u00f1adir al Carrito\u201d y consigue el tuyo !!<\/p>\n<p>Se env\u00eda por correo certificado en una peque\u00f1a cajita de regalo<\/p>\n","protected":false},"excerpt":{"rendered":"<p>Elegante collar Blanca creado con unas hermosas perlas de rio naturales y montadas en un collar de plata de ley! Perfecto para dar un toque&#8230;<\/p>\n","protected":false},"featured_media":6707,"comment_status":"closed","ping_status":"closed","template":"","meta":[],"product_brand":[],"product_cat":[123,105,121,254,221,130],"product_tag":[],"class_list":{"0":"post-6706","1":"product","2":"type-product","3":"status-publish","4":"has-post-thumbnail","6":"product_cat-brilla","7":"product_cat-collares","8":"product_cat-collares-brilla","9":"product_cat-collares-plata","10":"product_cat-novedades","11":"product_cat-outlet","13":"first","14":"instock","15":"sale","16":"shipping-taxable","17":"purchasable","18":"product-type-simple"},"etheme_brands":{"errors":{"invalid_taxonomy":["Taxonom\u00eda no v\u00e1lida."]},"error_data":[]},"_links":{"self":[{"href":"https:\/\/dicopebisuteria.com\/tienda\/wp-json\/wp\/v2\/product\/6706","targetHints":{"allow":["GET"]}}],"collection":[{"href":"https:\/\/dicopebisuteria.com\/tienda\/wp-json\/wp\/v2\/product"}],"about":[{"href":"https:\/\/dicopebisuteria.com\/tienda\/wp-json\/wp\/v2\/types\/product"}],"replies":[{"embeddable":true,"href":"https:\/\/dicopebisuteria.com\/tienda\/wp-json\/wp\/v2\/comments?post=6706"}],"wp:featuredmedia":[{"embeddable":true,"href":"https:\/\/dicopebisuteria.com\/tienda\/wp-json\/wp\/v2\/media\/6707"}],"wp:attachment":[{"href":"https:\/\/dicopebisuteria.com\/tienda\/wp-json\/wp\/v2\/media?parent=6706"}],"wp:term":[{"taxonomy":"product_brand","embeddable":true,"href":"https:\/\/dicopebisuteria.com\/tienda\/wp-json\/wp\/v2\/product_brand?post=6706"},{"taxonomy":"product_cat","embeddable":true,"href":"https:\/\/dicopebisuteria.com\/tienda\/wp-json\/wp\/v2\/product_cat?post=6706"},{"taxonomy":"product_tag","embeddable":true,"href":"https:\/\/dicopebisuteria.com\/tienda\/wp-json\/wp\/v2\/product_tag?post=6706"}],"curies":[{"name":"wp","href":"https:\/\/api.w.org\/{rel}","templated":true}]}}