{"id":6672,"date":"2018-05-18T07:43:01","date_gmt":"2018-05-18T07:43:01","guid":{"rendered":"http:\/\/dicopebisuteria.com\/tienda\/?post_type=product&#038;p=6672"},"modified":"2021-04-14T19:25:07","modified_gmt":"2021-04-14T19:25:07","slug":"collar-yolanda-con-cuentas-de-cristal-swarovski-naranja-y-rosado","status":"publish","type":"product","link":"https:\/\/dicopebisuteria.com\/tienda\/producto\/collar-yolanda-con-cuentas-de-cristal-swarovski-naranja-y-rosado\/","title":{"rendered":"Collar Yolanda con cuentas de cristal Swarovski naranja y rosado"},"content":{"rendered":"<p>Elegante y Original collar Yolanda creado con seis cuentas de cristal de swarovski en tonos naranjas y rosados, todo montado en plata de ley! Ideal para crear un look minimalista y rom\u00e1ntico! Siente los destellos de estos cristalitos resplandeciendo y alegrando tu d\u00eda!<\/p>\n<p>\u2666\ufe0f Esta combinaci\u00f3n de colores naranjas y rosados coral te ayudaran a abrirte al amor y desarrollar tus deseos de flirtear! Adem\u00e1s te aportaran toda su alegr\u00eda y optimismo!<\/p>\n<p>&nbsp;<\/p>\n<p>\u2665 Medidas collar : cadena 44 cm de largo<\/p>\n<p>\u2665 Listo para enviar !<\/p>\n<p>\u2665 Te gusta ? Dale al bot\u00f3n de \u201cA\u00f1adir al Carrito\u201d y consigue el tuyo !!<\/p>\n<p>Se env\u00eda por correo certificado en una peque\u00f1a cajita de regalo<\/p>\n","protected":false},"excerpt":{"rendered":"<p>Elegante y Original collar Yolanda creado con seis cuentas de cristal de swarovski en tonos naranjas y rosados, todo montado en plata de ley! Ideal&#8230;<\/p>\n","protected":false},"featured_media":6673,"comment_status":"closed","ping_status":"closed","template":"","meta":[],"product_brand":[],"product_cat":[123,105,121,254,221,130],"product_tag":[],"class_list":{"0":"post-6672","1":"product","2":"type-product","3":"status-publish","4":"has-post-thumbnail","6":"product_cat-brilla","7":"product_cat-collares","8":"product_cat-collares-brilla","9":"product_cat-collares-plata","10":"product_cat-novedades","11":"product_cat-outlet","13":"first","14":"instock","15":"sale","16":"shipping-taxable","17":"purchasable","18":"product-type-simple"},"etheme_brands":{"errors":{"invalid_taxonomy":["Taxonom\u00eda no v\u00e1lida."]},"error_data":[]},"_links":{"self":[{"href":"https:\/\/dicopebisuteria.com\/tienda\/wp-json\/wp\/v2\/product\/6672","targetHints":{"allow":["GET"]}}],"collection":[{"href":"https:\/\/dicopebisuteria.com\/tienda\/wp-json\/wp\/v2\/product"}],"about":[{"href":"https:\/\/dicopebisuteria.com\/tienda\/wp-json\/wp\/v2\/types\/product"}],"replies":[{"embeddable":true,"href":"https:\/\/dicopebisuteria.com\/tienda\/wp-json\/wp\/v2\/comments?post=6672"}],"wp:featuredmedia":[{"embeddable":true,"href":"https:\/\/dicopebisuteria.com\/tienda\/wp-json\/wp\/v2\/media\/6673"}],"wp:attachment":[{"href":"https:\/\/dicopebisuteria.com\/tienda\/wp-json\/wp\/v2\/media?parent=6672"}],"wp:term":[{"taxonomy":"product_brand","embeddable":true,"href":"https:\/\/dicopebisuteria.com\/tienda\/wp-json\/wp\/v2\/product_brand?post=6672"},{"taxonomy":"product_cat","embeddable":true,"href":"https:\/\/dicopebisuteria.com\/tienda\/wp-json\/wp\/v2\/product_cat?post=6672"},{"taxonomy":"product_tag","embeddable":true,"href":"https:\/\/dicopebisuteria.com\/tienda\/wp-json\/wp\/v2\/product_tag?post=6672"}],"curies":[{"name":"wp","href":"https:\/\/api.w.org\/{rel}","templated":true}]}}