{"id":642,"date":"2013-09-09T19:30:09","date_gmt":"2013-09-09T19:30:09","guid":{"rendered":"http:\/\/dicopebisuteria.com\/tienda\/?post_type=product&#038;p=642"},"modified":"2021-06-13T19:01:09","modified_gmt":"2021-06-13T19:01:09","slug":"pulsera-corazon-madre-perla-y-bolitas-cristal-facetadas-rosa","status":"publish","type":"product","link":"https:\/\/dicopebisuteria.com\/tienda\/producto\/pulsera-corazon-madre-perla-y-bolitas-cristal-facetadas-rosa\/","title":{"rendered":"Pulsera Coraz\u00f3n Madre Perla y Bolitas Cristal Facetadas Rosa"},"content":{"rendered":"<p>Preciosa y rom\u00e1ntica pulsera creada a mano con un charm de coraz\u00f3n y una de mis cuentas hecha a\u00f1adiendo bolitas alrededor de una bola de madera ! Brillantes abalorios de cristal facetados en rosa y cuentas de madre perla en amarillo suave hacen que sea una pieza \u00fanica que amaras para siempre !<\/p>\n<p>\u2665 Medidas : hasta de 16,5 cm de largo aprox.<\/p>\n<p>\u2665 Listo para enviar !<\/p>\n<p>\u2665 Te gusta ? Dale al bot\u00f3n de \u201cA\u00f1adir al Carrito\u201d y consigue la tuya !!<\/p>\n<p>Se env\u00eda por correo certificado en una peque\u00f1a cajita de regalo<\/p>\n","protected":false},"excerpt":{"rendered":"<p>Preciosa y rom\u00e1ntica pulsera creada a mano con un charm de coraz\u00f3n y una de mis cuentas hecha a\u00f1adiendo bolitas alrededor de una bola de&#8230;<\/p>\n","protected":false},"featured_media":643,"comment_status":"closed","ping_status":"closed","template":"","meta":[],"product_brand":[],"product_cat":[109,130,255,103],"product_tag":[],"class_list":{"0":"post-642","1":"product","2":"type-product","3":"status-publish","4":"has-post-thumbnail","6":"product_cat-dicope-joyas","7":"product_cat-outlet","8":"product_cat-pulsera-boho","9":"product_cat-pulseras","11":"first","12":"instock","13":"sale","14":"shipping-taxable","15":"purchasable","16":"product-type-simple"},"etheme_brands":{"errors":{"invalid_taxonomy":["Taxonom\u00eda no v\u00e1lida."]},"error_data":[]},"_links":{"self":[{"href":"https:\/\/dicopebisuteria.com\/tienda\/wp-json\/wp\/v2\/product\/642","targetHints":{"allow":["GET"]}}],"collection":[{"href":"https:\/\/dicopebisuteria.com\/tienda\/wp-json\/wp\/v2\/product"}],"about":[{"href":"https:\/\/dicopebisuteria.com\/tienda\/wp-json\/wp\/v2\/types\/product"}],"replies":[{"embeddable":true,"href":"https:\/\/dicopebisuteria.com\/tienda\/wp-json\/wp\/v2\/comments?post=642"}],"wp:featuredmedia":[{"embeddable":true,"href":"https:\/\/dicopebisuteria.com\/tienda\/wp-json\/wp\/v2\/media\/643"}],"wp:attachment":[{"href":"https:\/\/dicopebisuteria.com\/tienda\/wp-json\/wp\/v2\/media?parent=642"}],"wp:term":[{"taxonomy":"product_brand","embeddable":true,"href":"https:\/\/dicopebisuteria.com\/tienda\/wp-json\/wp\/v2\/product_brand?post=642"},{"taxonomy":"product_cat","embeddable":true,"href":"https:\/\/dicopebisuteria.com\/tienda\/wp-json\/wp\/v2\/product_cat?post=642"},{"taxonomy":"product_tag","embeddable":true,"href":"https:\/\/dicopebisuteria.com\/tienda\/wp-json\/wp\/v2\/product_tag?post=642"}],"curies":[{"name":"wp","href":"https:\/\/api.w.org\/{rel}","templated":true}]}}