{"id":6396,"date":"2018-09-21T07:48:28","date_gmt":"2018-09-21T07:48:28","guid":{"rendered":"http:\/\/dicopebisuteria.com\/tienda\/?post_type=product&#038;p=6396"},"modified":"2018-09-05T16:31:05","modified_gmt":"2018-09-05T16:31:05","slug":"diadema-flor-semipreciosa-y-cristal-de-swarovski-blanco-diadema-novia","status":"publish","type":"product","link":"https:\/\/dicopebisuteria.com\/tienda\/producto\/diadema-flor-semipreciosa-y-cristal-de-swarovski-blanco-diadema-novia\/","title":{"rendered":"Diadema Flor semipreciosa y cristal de swarovski blanco &#8211; Diadema Novia"},"content":{"rendered":"<p>Preciosa\u00a0media diadema creada con aut\u00e9ntico cristal de swarovski en tonos\u00a0dorados blancos\u00a0y translucidos, perlas de rio, perlas de cristal y\u00a0una maravillosa flor de semipreciosa\u00a0\u00e1gata natural. Te encantar\u00e1 el toque m\u00e1gico que esta diadema aporta a tu peinado!<\/p>\n<p>Solo tengo unas pocas de estas flores! Cada diadema es \u00fanica ya que no hay dos exactamente iguales!<\/p>\n<p>La media diadema es perfecta para dar un toque de luz y elegancia tu peinado sin recargar demasiado!!\u00a0Crea un tocado sencillo de hacer , quitarte y arreglarte tu misma! ? \u00a0L\u00facela en un d\u00eda especial o mas a menudo en fiestas y celebraciones!!<\/p>\n<p>&nbsp;<\/p>\n<p>\u2665 Medidas : diadema para adultos de 13,5 cm de di\u00e1metro , medidas del tocado de cuentas :\u00a0 17 cm<\/p>\n<p>\u2665 Te gusta pero la quieres en otros colores ?? Cont\u00e1ctame para que te haga una tiara con tus colores favoritos !<\/p>\n<p>\u2665 Listo para enviar! Se env\u00eda por correo certificado en una preciosa cajita!<\/p>\n<p>\u2665 Te gusta ? Dale al bot\u00f3n de \u201cA\u00f1adir al Carrito\u201d y consigue la tuya !!<\/p>\n<p>&nbsp;<\/p>\n<p><strong>Mi misi\u00f3n es ayudarte a Brillar y sentirte mas\u00a0Hermosa todos los d\u00edas! Compra Joyitas \u00fanicas! Compra\u00a0Dicope Bisuteria!<\/strong><\/p>\n","protected":false},"excerpt":{"rendered":"<p>Preciosa\u00a0media diadema creada con aut\u00e9ntico cristal de swarovski en tonos\u00a0dorados blancos\u00a0y translucidos, perlas de rio, perlas de cristal y\u00a0una maravillosa flor de semipreciosa\u00a0\u00e1gata natural. Te&#8230;<\/p>\n","protected":false},"featured_media":6397,"comment_status":"closed","ping_status":"closed","template":"","meta":[],"product_brand":[],"product_cat":[131,114],"product_tag":[],"class_list":{"0":"post-6396","1":"product","2":"type-product","3":"status-publish","4":"has-post-thumbnail","6":"product_cat-novias","7":"product_cat-tiaras","9":"first","10":"instock","11":"shipping-taxable","12":"purchasable","13":"product-type-simple"},"etheme_brands":{"errors":{"invalid_taxonomy":["Taxonom\u00eda no v\u00e1lida."]},"error_data":[]},"_links":{"self":[{"href":"https:\/\/dicopebisuteria.com\/tienda\/wp-json\/wp\/v2\/product\/6396","targetHints":{"allow":["GET"]}}],"collection":[{"href":"https:\/\/dicopebisuteria.com\/tienda\/wp-json\/wp\/v2\/product"}],"about":[{"href":"https:\/\/dicopebisuteria.com\/tienda\/wp-json\/wp\/v2\/types\/product"}],"replies":[{"embeddable":true,"href":"https:\/\/dicopebisuteria.com\/tienda\/wp-json\/wp\/v2\/comments?post=6396"}],"wp:featuredmedia":[{"embeddable":true,"href":"https:\/\/dicopebisuteria.com\/tienda\/wp-json\/wp\/v2\/media\/6397"}],"wp:attachment":[{"href":"https:\/\/dicopebisuteria.com\/tienda\/wp-json\/wp\/v2\/media?parent=6396"}],"wp:term":[{"taxonomy":"product_brand","embeddable":true,"href":"https:\/\/dicopebisuteria.com\/tienda\/wp-json\/wp\/v2\/product_brand?post=6396"},{"taxonomy":"product_cat","embeddable":true,"href":"https:\/\/dicopebisuteria.com\/tienda\/wp-json\/wp\/v2\/product_cat?post=6396"},{"taxonomy":"product_tag","embeddable":true,"href":"https:\/\/dicopebisuteria.com\/tienda\/wp-json\/wp\/v2\/product_tag?post=6396"}],"curies":[{"name":"wp","href":"https:\/\/api.w.org\/{rel}","templated":true}]}}