{"id":6363,"date":"2018-09-21T09:01:50","date_gmt":"2018-09-21T09:01:50","guid":{"rendered":"http:\/\/dicopebisuteria.com\/tienda\/?post_type=product&#038;p=6363"},"modified":"2018-09-05T17:05:34","modified_gmt":"2018-09-05T17:05:34","slug":"diadema-algo-azul-con-cristales-de-swarovski-azul-aquamarina","status":"publish","type":"product","link":"https:\/\/dicopebisuteria.com\/tienda\/producto\/diadema-algo-azul-con-cristales-de-swarovski-azul-aquamarina\/","title":{"rendered":"Diadema Algo Azul con Cristales de Swarovski azul aquamarina"},"content":{"rendered":"<p>Maravillosa\u00a0diadema creada con aut\u00e9ntico cristal de swarovski en varios tonos\u00a0azules, dorados\u00a0y translucidos y varias cuentas de cristal y cristal de bohemia. Ideal para a\u00f1adir un toque azul a tu m\u00e1gico d\u00eda!<\/p>\n<p>Si\u00e9ntete como de la realeza con esta maravillosa joya\u00a0!<\/p>\n<p>La diadema completa es perfecta para lucir como tiara y crea un\u00a0tocado espectacular sin complicaciones\u00a0!!\u00a0Aun as\u00ed es f\u00e1cil de poner y\u00a0quit\u00e1rtela o arreglartela tu misma! ? \u00a0L\u00facela en un d\u00eda especial o mas a menudo en fiestas y celebraciones!!<\/p>\n<p>&nbsp;<\/p>\n<p>\u2665 Medidas : diadema para adultos de 13,5 cm de di\u00e1metro , medidas del tocado de cuentas :\u00a0\u00a033 cm<\/p>\n<p>\u2665 Te gusta pero la quieres en otros colores ?? Cont\u00e1ctame para que te haga una tiara con tus colores favoritos !<\/p>\n<p>\u2665 Listo para enviar! Se env\u00eda por correo certificado en una preciosa cajita!<\/p>\n<p>\u2665 Te gusta ? Dale al bot\u00f3n de \u201cA\u00f1adir al Carrito\u201d y consigue la tuya !!<\/p>\n<p>&nbsp;<\/p>\n<p><strong>Mi misi\u00f3n es ayudarte a Brillar y sentirte mas\u00a0Preciosa todos los d\u00edas! Compra Joyitas \u00fanicas! Compra\u00a0Dicope Bisuteria!<\/strong><\/p>\n","protected":false},"excerpt":{"rendered":"<p>Maravillosa\u00a0diadema creada con aut\u00e9ntico cristal de swarovski en varios tonos\u00a0azules, dorados\u00a0y translucidos y varias cuentas de cristal y cristal de bohemia. Ideal para a\u00f1adir un&#8230;<\/p>\n","protected":false},"featured_media":6364,"comment_status":"closed","ping_status":"closed","template":"","meta":[],"product_brand":[],"product_cat":[131,114],"product_tag":[],"class_list":{"0":"post-6363","1":"product","2":"type-product","3":"status-publish","4":"has-post-thumbnail","6":"product_cat-novias","7":"product_cat-tiaras","9":"first","10":"instock","11":"shipping-taxable","12":"purchasable","13":"product-type-simple"},"etheme_brands":{"errors":{"invalid_taxonomy":["Taxonom\u00eda no v\u00e1lida."]},"error_data":[]},"_links":{"self":[{"href":"https:\/\/dicopebisuteria.com\/tienda\/wp-json\/wp\/v2\/product\/6363","targetHints":{"allow":["GET"]}}],"collection":[{"href":"https:\/\/dicopebisuteria.com\/tienda\/wp-json\/wp\/v2\/product"}],"about":[{"href":"https:\/\/dicopebisuteria.com\/tienda\/wp-json\/wp\/v2\/types\/product"}],"replies":[{"embeddable":true,"href":"https:\/\/dicopebisuteria.com\/tienda\/wp-json\/wp\/v2\/comments?post=6363"}],"wp:featuredmedia":[{"embeddable":true,"href":"https:\/\/dicopebisuteria.com\/tienda\/wp-json\/wp\/v2\/media\/6364"}],"wp:attachment":[{"href":"https:\/\/dicopebisuteria.com\/tienda\/wp-json\/wp\/v2\/media?parent=6363"}],"wp:term":[{"taxonomy":"product_brand","embeddable":true,"href":"https:\/\/dicopebisuteria.com\/tienda\/wp-json\/wp\/v2\/product_brand?post=6363"},{"taxonomy":"product_cat","embeddable":true,"href":"https:\/\/dicopebisuteria.com\/tienda\/wp-json\/wp\/v2\/product_cat?post=6363"},{"taxonomy":"product_tag","embeddable":true,"href":"https:\/\/dicopebisuteria.com\/tienda\/wp-json\/wp\/v2\/product_tag?post=6363"}],"curies":[{"name":"wp","href":"https:\/\/api.w.org\/{rel}","templated":true}]}}