{"id":633,"date":"2013-10-03T17:28:32","date_gmt":"2013-10-03T17:28:32","guid":{"rendered":"http:\/\/dicopebisuteria.com\/tienda\/?post_type=product&#038;p=633"},"modified":"2021-06-13T19:04:29","modified_gmt":"2021-06-13T19:04:29","slug":"pulsera-corazon-perlas-y-bolitas-cristal-marron","status":"publish","type":"product","link":"https:\/\/dicopebisuteria.com\/tienda\/producto\/pulsera-corazon-perlas-y-bolitas-cristal-marron\/","title":{"rendered":"Pulsera Coraz\u00f3n Perlas y Bolitas Cristal Marr\u00f3n"},"content":{"rendered":"<p>Preciosa y rom\u00e1ntica pulsera creada a mano con un charm de coraz\u00f3n y una de mis cuentas hecha a\u00f1adiendo bolitas alrededor de una bola de madera ! Brillantes abalorios de cristal facetados en marr\u00f3n y preciosas perlas de r\u00edo hacen que sea una pieza \u00fanica que amaras para siempre !<\/p>\n<p>\u2665 Medidas : hasta de 16 cm de largo aprox.<\/p>\n<p>\u2665 Listo para enviar !<\/p>\n<p>\u2665 Te gusta ? Dale al bot\u00f3n de \u201cA\u00f1adir al Carrito\u201d y consigue la tuya !!<\/p>\n<p>Se env\u00eda por correo certificado en una peque\u00f1a cajita de regalo<\/p>\n","protected":false},"excerpt":{"rendered":"<p>Preciosa y rom\u00e1ntica pulsera creada a mano con un charm de coraz\u00f3n y una de mis cuentas hecha a\u00f1adiendo bolitas alrededor de una bola de&#8230;<\/p>\n","protected":false},"featured_media":634,"comment_status":"closed","ping_status":"closed","template":"","meta":[],"product_brand":[],"product_cat":[109,130,255,103],"product_tag":[],"class_list":{"0":"post-633","1":"product","2":"type-product","3":"status-publish","4":"has-post-thumbnail","6":"product_cat-dicope-joyas","7":"product_cat-outlet","8":"product_cat-pulsera-boho","9":"product_cat-pulseras","11":"first","12":"outofstock","13":"sale","14":"shipping-taxable","15":"purchasable","16":"product-type-simple"},"etheme_brands":{"errors":{"invalid_taxonomy":["Taxonom\u00eda no v\u00e1lida."]},"error_data":[]},"_links":{"self":[{"href":"https:\/\/dicopebisuteria.com\/tienda\/wp-json\/wp\/v2\/product\/633","targetHints":{"allow":["GET"]}}],"collection":[{"href":"https:\/\/dicopebisuteria.com\/tienda\/wp-json\/wp\/v2\/product"}],"about":[{"href":"https:\/\/dicopebisuteria.com\/tienda\/wp-json\/wp\/v2\/types\/product"}],"replies":[{"embeddable":true,"href":"https:\/\/dicopebisuteria.com\/tienda\/wp-json\/wp\/v2\/comments?post=633"}],"wp:featuredmedia":[{"embeddable":true,"href":"https:\/\/dicopebisuteria.com\/tienda\/wp-json\/wp\/v2\/media\/634"}],"wp:attachment":[{"href":"https:\/\/dicopebisuteria.com\/tienda\/wp-json\/wp\/v2\/media?parent=633"}],"wp:term":[{"taxonomy":"product_brand","embeddable":true,"href":"https:\/\/dicopebisuteria.com\/tienda\/wp-json\/wp\/v2\/product_brand?post=633"},{"taxonomy":"product_cat","embeddable":true,"href":"https:\/\/dicopebisuteria.com\/tienda\/wp-json\/wp\/v2\/product_cat?post=633"},{"taxonomy":"product_tag","embeddable":true,"href":"https:\/\/dicopebisuteria.com\/tienda\/wp-json\/wp\/v2\/product_tag?post=633"}],"curies":[{"name":"wp","href":"https:\/\/api.w.org\/{rel}","templated":true}]}}