{"id":6061,"date":"2017-07-21T08:20:05","date_gmt":"2017-07-21T08:20:05","guid":{"rendered":"http:\/\/dicopebisuteria.com\/tienda\/?post_type=product&#038;p=6061"},"modified":"2021-04-14T19:46:54","modified_gmt":"2021-04-14T19:46:54","slug":"pulseras-vacaciones-con-cuentas-semipreciosas-de-agata-tenida-azules-y-lilas","status":"publish","type":"product","link":"https:\/\/dicopebisuteria.com\/tienda\/producto\/pulseras-vacaciones-con-cuentas-semipreciosas-de-agata-tenida-azules-y-lilas\/","title":{"rendered":"Pulseras Vacaciones con cuentas semipreciosas de agata te\u00f1ida azules y lilas"},"content":{"rendered":"<p>Disfruta cada d\u00eda con estas maravillosas pulseras vacaciones creadas con preciosas cuentas semipreciosas de \u00e1gata te\u00f1ida en intensos colores Morados Oscuros , Azules , Turquesas , Violetas y Lilas !! Cada pulsera combina distintos colores de bolitas de cristal y cristales de swarovski para que todas sean \u00fanicas!<\/p>\n<p>\u2665 Medidas : de 16,5 cm \/ o La Que Tu Me Pidas con cadenita opcional !!<\/p>\n<p>\u2665 Listo para enviar !<\/p>\n<p>\u2665 Te gusta ? Dale al bot\u00f3n de \u201cA\u00f1adir al Carrito\u201d y consigue la tuya !!<\/p>\n<p>Se env\u00eda por correo certificado en una peque\u00f1a cajita de regalo<\/p>\n","protected":false},"excerpt":{"rendered":"<p>Disfruta cada d\u00eda con estas maravillosas pulseras vacaciones creadas con preciosas cuentas semipreciosas de \u00e1gata te\u00f1ida en intensos colores Morados Oscuros , Azules , Turquesas&#8230;<\/p>\n","protected":false},"featured_media":6062,"comment_status":"closed","ping_status":"closed","template":"","meta":[],"product_brand":[],"product_cat":[221,130,180,181,255,103],"product_tag":[],"class_list":{"0":"post-6061","1":"product","2":"type-product","3":"status-publish","4":"has-post-thumbnail","6":"product_cat-novedades","7":"product_cat-outlet","8":"product_cat-playas-de-ensueno","9":"product_cat-playas-de-ensueno-pulseras","10":"product_cat-pulsera-boho","11":"product_cat-pulseras","13":"first","14":"instock","15":"sale","16":"shipping-taxable","17":"purchasable","18":"product-type-variable"},"etheme_brands":{"errors":{"invalid_taxonomy":["Taxonom\u00eda no v\u00e1lida."]},"error_data":[]},"_links":{"self":[{"href":"https:\/\/dicopebisuteria.com\/tienda\/wp-json\/wp\/v2\/product\/6061","targetHints":{"allow":["GET"]}}],"collection":[{"href":"https:\/\/dicopebisuteria.com\/tienda\/wp-json\/wp\/v2\/product"}],"about":[{"href":"https:\/\/dicopebisuteria.com\/tienda\/wp-json\/wp\/v2\/types\/product"}],"replies":[{"embeddable":true,"href":"https:\/\/dicopebisuteria.com\/tienda\/wp-json\/wp\/v2\/comments?post=6061"}],"wp:featuredmedia":[{"embeddable":true,"href":"https:\/\/dicopebisuteria.com\/tienda\/wp-json\/wp\/v2\/media\/6062"}],"wp:attachment":[{"href":"https:\/\/dicopebisuteria.com\/tienda\/wp-json\/wp\/v2\/media?parent=6061"}],"wp:term":[{"taxonomy":"product_brand","embeddable":true,"href":"https:\/\/dicopebisuteria.com\/tienda\/wp-json\/wp\/v2\/product_brand?post=6061"},{"taxonomy":"product_cat","embeddable":true,"href":"https:\/\/dicopebisuteria.com\/tienda\/wp-json\/wp\/v2\/product_cat?post=6061"},{"taxonomy":"product_tag","embeddable":true,"href":"https:\/\/dicopebisuteria.com\/tienda\/wp-json\/wp\/v2\/product_tag?post=6061"}],"curies":[{"name":"wp","href":"https:\/\/api.w.org\/{rel}","templated":true}]}}