{"id":3259,"date":"2016-11-17T08:53:19","date_gmt":"2016-11-17T08:53:19","guid":{"rendered":"http:\/\/dicopebisuteria.com\/tienda\/?post_type=product&#038;p=3259"},"modified":"2021-06-18T14:01:01","modified_gmt":"2021-06-18T14:01:01","slug":"pulsera-pluma-de-plata-de-ley-y-seda-inspiration","status":"publish","type":"product","link":"https:\/\/dicopebisuteria.com\/tienda\/producto\/pulsera-pluma-de-plata-de-ley-y-seda-inspiration\/","title":{"rendered":"Pulsera pluma de plata de ley y seda Inspiration"},"content":{"rendered":"<p>Haz todos tus sue\u00f1os realidad con la nueva colecci\u00f3n de pulseras Tu palabra del A\u00f1o creadas para ti con cristales de swarovski y plata de ley ! Cada pulsera representa una palabra que te ayudar\u00e1 a hacer de este Tu Mejor A\u00f1o!<\/p>\n<p>La pulsera Inspiration\u00a0esta creada con un colgantito de una preciosa pluma\u00a0de plata de ley ( o de plata de ley ba\u00f1ada en oro) que bailara en tu mu\u00f1eca y te har\u00e1 recordar Tu palabra! El cord\u00f3n es de seda y es muy suave y agradable , puedes escoger entre rosa , marr\u00f3n o morado! Esta pulsera es regulable gracias a un cierre creado con bolitas ba\u00f1adas en plata de ley!<\/p>\n<p>Inspiration &#8211; \u00a0Significa Inspiraci\u00f3n<\/p>\n<p><strong> Puedes encontrar toda la colecci\u00f3n de palabras aqui: <\/strong><br \/>\n<a href=\"http:\/\/dicopebisuteria.com\/tienda\/product-category\/palabras\/\">http:\/\/dicopebisuteria.com\/tienda\/product-category\/palabras\/<\/a><\/p>\n<p>&nbsp;<\/p>\n<p>\u2665 Medidas : <strong>esta pulsera se puede regular a tu medida ! Hay dos tama\u00f1os standar (hasta \u00a021 cm ) y extra ( hasta 30 cm )<\/strong> Para saber tu medida debes medir el ancho de tu pu\u00f1o cerrado\/o mano , ya que debe pasar por ahi! La medida extra es valida tanto para hombre como mujeres y si resulta demasiado grande la puedes cortar y hacerle un nudito tu misma!!<\/p>\n<p>\u2665 Listo para enviar !<\/p>\n<p>\u2665 Te gusta ? Dale al bot\u00f3n de \u201cA\u00f1adir al Carrito\u201d y consigue la tuya !!<\/p>\n<p>Se env\u00eda por correo certificado en una peque\u00f1a cajita de regalo<\/p>\n","protected":false},"excerpt":{"rendered":"<p>Haz todos tus sue\u00f1os realidad con la nueva colecci\u00f3n de pulseras Tu palabra del A\u00f1o creadas para ti con cristales de swarovski y plata de&#8230;<\/p>\n","protected":false},"featured_media":3260,"comment_status":"closed","ping_status":"closed","template":"","meta":[],"product_brand":[],"product_cat":[123,101,103,122,256],"product_tag":[],"class_list":{"0":"post-3259","1":"product","2":"type-product","3":"status-publish","4":"has-post-thumbnail","6":"product_cat-brilla","7":"product_cat-palabras","8":"product_cat-pulseras","9":"product_cat-pulseras-brilla","10":"product_cat-pulseras-plata","12":"first","13":"instock","14":"shipping-taxable","15":"purchasable","16":"product-type-variable"},"etheme_brands":{"errors":{"invalid_taxonomy":["Taxonom\u00eda no v\u00e1lida."]},"error_data":[]},"_links":{"self":[{"href":"https:\/\/dicopebisuteria.com\/tienda\/wp-json\/wp\/v2\/product\/3259","targetHints":{"allow":["GET"]}}],"collection":[{"href":"https:\/\/dicopebisuteria.com\/tienda\/wp-json\/wp\/v2\/product"}],"about":[{"href":"https:\/\/dicopebisuteria.com\/tienda\/wp-json\/wp\/v2\/types\/product"}],"replies":[{"embeddable":true,"href":"https:\/\/dicopebisuteria.com\/tienda\/wp-json\/wp\/v2\/comments?post=3259"}],"wp:featuredmedia":[{"embeddable":true,"href":"https:\/\/dicopebisuteria.com\/tienda\/wp-json\/wp\/v2\/media\/3260"}],"wp:attachment":[{"href":"https:\/\/dicopebisuteria.com\/tienda\/wp-json\/wp\/v2\/media?parent=3259"}],"wp:term":[{"taxonomy":"product_brand","embeddable":true,"href":"https:\/\/dicopebisuteria.com\/tienda\/wp-json\/wp\/v2\/product_brand?post=3259"},{"taxonomy":"product_cat","embeddable":true,"href":"https:\/\/dicopebisuteria.com\/tienda\/wp-json\/wp\/v2\/product_cat?post=3259"},{"taxonomy":"product_tag","embeddable":true,"href":"https:\/\/dicopebisuteria.com\/tienda\/wp-json\/wp\/v2\/product_tag?post=3259"}],"curies":[{"name":"wp","href":"https:\/\/api.w.org\/{rel}","templated":true}]}}