{"id":3238,"date":"2016-11-17T08:40:19","date_gmt":"2016-11-17T08:40:19","guid":{"rendered":"http:\/\/dicopebisuteria.com\/tienda\/?post_type=product&#038;p=3238"},"modified":"2025-05-04T21:57:31","modified_gmt":"2025-05-04T21:57:31","slug":"pulseras-piedras-semipreciosas-y-plata-de-ley-tu-palabra-del-ano","status":"publish","type":"product","link":"https:\/\/dicopebisuteria.com\/tienda\/producto\/pulseras-piedras-semipreciosas-y-plata-de-ley-tu-palabra-del-ano\/","title":{"rendered":"Pulseras Piedras Semipreciosas y plata de ley Tu Palabra del A\u00f1o"},"content":{"rendered":"<p>Haz todos tus sue\u00f1os realidad con la nueva colecci\u00f3n de pulseras Tu palabra del A\u00f1o creadas para ti con cristales de swarovski , piedras semipreciosas y plata de ley ! Cada pulsera representa una palabra que te ayudar\u00e1 a hacer de este Tu Mejor A\u00f1o!<\/p>\n<p>Estas pulseras de piedras semipreciosas\u00a0llevan de piedra de luna o n\u00e1car\u00a0te har\u00e1n sonre\u00edr y recordar Tu palabra! Todos los componentes son de plata de ley!<\/p>\n<p>Dream\u00a0&#8211;\u00a0Sue\u00f1a &#8211; Cuenta de piedra de Luna<br \/>\nMagic\u00a0&#8211;\u00a0Magia &#8211; Cuenta de Nacar<br \/>\nCourage\u00a0&#8211;\u00a0Coraje &#8211; Coraz\u00f3n de cristal de swarovski fucsia<br \/>\nPositivity\u00a0&#8211;\u00a0Positividad &#8211; cuenta de piedra de luna facetada<\/p>\n<p><strong>Pulsera Abundance aqui:<\/strong><br \/>\n<a href=\"http:\/\/dicopebisuteria.com\/tienda\/producto\/pulsera-abundance-con-cristales-de-swarovski-blancos-y-plata-de-ley\/\">http:\/\/dicopebisuteria.com\/tienda\/producto\/pulsera-abundance-con-cristales-de-swarovski-blancos-y-plata-de-ley\/<\/a><\/p>\n<p><strong> Puedes encontrar toda la colecci\u00f3n de palabras aqui: <\/strong><br \/>\n<a href=\"http:\/\/dicopebisuteria.com\/tienda\/product-category\/palabras\/\">http:\/\/dicopebisuteria.com\/tienda\/product-category\/palabras\/<\/a><\/p>\n<p>&nbsp;<\/p>\n<p>\u2665 Medidas : de 16,5 cm \/ o La Que Tu Me Pidas con cadenita opcional !!<\/p>\n<p>\u2665 Listo para enviar !<\/p>\n<p>\u2665 Te gusta ? Dale al bot\u00f3n de \u201cA\u00f1adir al Carrito\u201d y consigue la tuya !!<\/p>\n<p>Se env\u00eda por correo certificado en una peque\u00f1a cajita de regalo<\/p>\n","protected":false},"excerpt":{"rendered":"<p>Haz todos tus sue\u00f1os realidad con la nueva colecci\u00f3n de pulseras Tu palabra del A\u00f1o creadas para ti con cristales de swarovski , piedras semipreciosas&#8230;<\/p>\n","protected":false},"featured_media":3240,"comment_status":"closed","ping_status":"closed","template":"","meta":[],"product_brand":[],"product_cat":[123,130,101,103,122,256],"product_tag":[],"class_list":{"0":"post-3238","1":"product","2":"type-product","3":"status-publish","4":"has-post-thumbnail","6":"product_cat-brilla","7":"product_cat-outlet","8":"product_cat-palabras","9":"product_cat-pulseras","10":"product_cat-pulseras-brilla","11":"product_cat-pulseras-plata","13":"first","14":"instock","15":"sale","16":"shipping-taxable","17":"purchasable","18":"product-type-variable"},"etheme_brands":{"errors":{"invalid_taxonomy":["Taxonom\u00eda no v\u00e1lida."]},"error_data":[]},"_links":{"self":[{"href":"https:\/\/dicopebisuteria.com\/tienda\/wp-json\/wp\/v2\/product\/3238","targetHints":{"allow":["GET"]}}],"collection":[{"href":"https:\/\/dicopebisuteria.com\/tienda\/wp-json\/wp\/v2\/product"}],"about":[{"href":"https:\/\/dicopebisuteria.com\/tienda\/wp-json\/wp\/v2\/types\/product"}],"replies":[{"embeddable":true,"href":"https:\/\/dicopebisuteria.com\/tienda\/wp-json\/wp\/v2\/comments?post=3238"}],"wp:featuredmedia":[{"embeddable":true,"href":"https:\/\/dicopebisuteria.com\/tienda\/wp-json\/wp\/v2\/media\/3240"}],"wp:attachment":[{"href":"https:\/\/dicopebisuteria.com\/tienda\/wp-json\/wp\/v2\/media?parent=3238"}],"wp:term":[{"taxonomy":"product_brand","embeddable":true,"href":"https:\/\/dicopebisuteria.com\/tienda\/wp-json\/wp\/v2\/product_brand?post=3238"},{"taxonomy":"product_cat","embeddable":true,"href":"https:\/\/dicopebisuteria.com\/tienda\/wp-json\/wp\/v2\/product_cat?post=3238"},{"taxonomy":"product_tag","embeddable":true,"href":"https:\/\/dicopebisuteria.com\/tienda\/wp-json\/wp\/v2\/product_tag?post=3238"}],"curies":[{"name":"wp","href":"https:\/\/api.w.org\/{rel}","templated":true}]}}