{"id":3221,"date":"2016-11-17T09:55:31","date_gmt":"2016-11-17T09:55:31","guid":{"rendered":"http:\/\/dicopebisuteria.com\/tienda\/?post_type=product&#038;p=3221"},"modified":"2023-07-20T13:44:25","modified_gmt":"2023-07-20T13:44:25","slug":"pulsera-cuentas-swarovski-y-plata-de-ley-tu-palabra-del-ano","status":"publish","type":"product","link":"https:\/\/dicopebisuteria.com\/tienda\/producto\/pulsera-cuentas-swarovski-y-plata-de-ley-tu-palabra-del-ano\/","title":{"rendered":"Pulsera Cuentas Swarovski y plata de ley Tu Palabra del A\u00f1o"},"content":{"rendered":"<p>Haz todos tus sue\u00f1os realidad con la nueva colecci\u00f3n de pulseras Tu palabra del A\u00f1o creadas para ti con cristales de swarovski y plata de ley ! Cada pulsera representa una palabra que te ayudar\u00e1 a hacer de 2017 Tu Mejor A\u00f1o!<\/p>\n<p>Estas pulseras de cristalitos de swarovski llevan un cubo y dos rombos en colores alegres y brillantes que te har\u00e1n sonre\u00edr y recordar Tu palabra! Todos los componentes son de plata de ley!<\/p>\n<p>Balance &#8211; Equilibrio<br \/>\nSoulful &#8211; Conmovedor<br \/>\nResilience &#8211; Resistencia<br \/>\nClean &#8211; Limpieza<br \/>\nTransform &#8211; Transformar<br \/>\nShine &#8211; Brilla<br \/>\nBeautiful &#8211; Preciosa<br \/>\nHappiness &#8211; Felicidad<\/p>\n<p><strong><br \/>\nPuedes encontrar toda la colecci\u00f3n de palabras aqui: <\/strong><br \/>\n<a href=\"http:\/\/dicopebisuteria.com\/tienda\/product-category\/palabras\/\">http:\/\/dicopebisuteria.com\/tienda\/product-category\/palabras\/<\/a><\/p>\n<p>&nbsp;<\/p>\n<p>\u2665 Medidas : de 16,5 cm \/ o La Que Tu Me Pidas con cadenita opcional !!<\/p>\n<p>\u2665 Listo para enviar !<\/p>\n<p>\u2665 Te gusta ? Dale al bot\u00f3n de \u201cA\u00f1adir al Carrito\u201d y consigue la tuya !!<\/p>\n<p>Se env\u00eda por correo certificado en una peque\u00f1a cajita de regalo<\/p>\n","protected":false},"excerpt":{"rendered":"<p>Haz todos tus sue\u00f1os realidad con la nueva colecci\u00f3n de pulseras Tu palabra del A\u00f1o creadas para ti con cristales de swarovski y plata de&#8230;<\/p>\n","protected":false},"featured_media":3222,"comment_status":"closed","ping_status":"closed","template":"","meta":[],"product_brand":[],"product_cat":[123,101,103,122,256],"product_tag":[],"class_list":{"0":"post-3221","1":"product","2":"type-product","3":"status-publish","4":"has-post-thumbnail","6":"product_cat-brilla","7":"product_cat-palabras","8":"product_cat-pulseras","9":"product_cat-pulseras-brilla","10":"product_cat-pulseras-plata","12":"first","13":"instock","14":"shipping-taxable","15":"purchasable","16":"product-type-variable"},"etheme_brands":{"errors":{"invalid_taxonomy":["Taxonom\u00eda no v\u00e1lida."]},"error_data":[]},"_links":{"self":[{"href":"https:\/\/dicopebisuteria.com\/tienda\/wp-json\/wp\/v2\/product\/3221","targetHints":{"allow":["GET"]}}],"collection":[{"href":"https:\/\/dicopebisuteria.com\/tienda\/wp-json\/wp\/v2\/product"}],"about":[{"href":"https:\/\/dicopebisuteria.com\/tienda\/wp-json\/wp\/v2\/types\/product"}],"replies":[{"embeddable":true,"href":"https:\/\/dicopebisuteria.com\/tienda\/wp-json\/wp\/v2\/comments?post=3221"}],"wp:featuredmedia":[{"embeddable":true,"href":"https:\/\/dicopebisuteria.com\/tienda\/wp-json\/wp\/v2\/media\/3222"}],"wp:attachment":[{"href":"https:\/\/dicopebisuteria.com\/tienda\/wp-json\/wp\/v2\/media?parent=3221"}],"wp:term":[{"taxonomy":"product_brand","embeddable":true,"href":"https:\/\/dicopebisuteria.com\/tienda\/wp-json\/wp\/v2\/product_brand?post=3221"},{"taxonomy":"product_cat","embeddable":true,"href":"https:\/\/dicopebisuteria.com\/tienda\/wp-json\/wp\/v2\/product_cat?post=3221"},{"taxonomy":"product_tag","embeddable":true,"href":"https:\/\/dicopebisuteria.com\/tienda\/wp-json\/wp\/v2\/product_tag?post=3221"}],"curies":[{"name":"wp","href":"https:\/\/api.w.org\/{rel}","templated":true}]}}