{"id":3188,"date":"2016-11-17T08:57:35","date_gmt":"2016-11-17T08:57:35","guid":{"rendered":"http:\/\/dicopebisuteria.com\/tienda\/?post_type=product&#038;p=3188"},"modified":"2021-06-18T12:07:42","modified_gmt":"2021-06-18T12:07:42","slug":"collar-lucia-con-flor-semipreciosa-amatista-y-cristales-de-swarovski-verde-y-azul","status":"publish","type":"product","link":"https:\/\/dicopebisuteria.com\/tienda\/producto\/collar-lucia-con-flor-semipreciosa-amatista-y-cristales-de-swarovski-verde-y-azul\/","title":{"rendered":"Collar Lucia con Flor semipreciosa amatista y cristales de Swarovski"},"content":{"rendered":"<p>Disfruta de cada momento con este elegante y femenino collar Lucia creado con \u00f3valos de cristales de swarovski en verde y azul y una flor de piedra semipreciosa de amatista, todo montado en plata de ley! Este collar es una versi\u00f3n con cuentas y cadena mas grandes que mis otros collares de plata de ley que destaca mas, sin ser demasiado grande!<\/p>\n<p>Ten en cuenta que cada piedra es \u00fanica y diferente! Algunas son de color lila mas oscuro y otras mas claritas!!<\/p>\n<p>Perfecto para dar un toque elegante a tus vestidos y blusas favoritas!<\/p>\n<p>\u2666\ufe0f La combinaci\u00f3n de la Piedra Amatista con los colores azul y verde te aportar\u00e1 mucha calma y equilibrio! Esta piedra transforma las energ\u00edas negativas en positivas y te proteger\u00e1 siempre!<\/p>\n<p>&nbsp;<\/p>\n<p>\u2665 Medidas collar : cadena 44 cm de largo aprox.\/ O la que tu quieras!!<\/p>\n<p>\u2665 Este producto a sido creado con CRYSTALLIZED\u2122 \u2013 Swarovski Elements<\/p>\n<p>\u2665 Listo para enviar !<\/p>\n<p>\u2665 Te gusta ? Dale al bot\u00f3n de \u201cA\u00f1adir al Carrito\u201d y consigue el tuyo !!<\/p>\n<p>Se env\u00eda por correo certificado en una peque\u00f1a cajita de regalo<\/p>\n","protected":false},"excerpt":{"rendered":"<p>Disfruta de cada momento con este elegante y femenino collar Lucia creado con \u00f3valos de cristales de swarovski en verde y azul y una flor&#8230;<\/p>\n","protected":false},"featured_media":3189,"comment_status":"closed","ping_status":"closed","template":"","meta":[],"product_brand":[],"product_cat":[123,105,121,254],"product_tag":[],"class_list":{"0":"post-3188","1":"product","2":"type-product","3":"status-publish","4":"has-post-thumbnail","6":"product_cat-brilla","7":"product_cat-collares","8":"product_cat-collares-brilla","9":"product_cat-collares-plata","11":"first","12":"instock","13":"shipping-taxable","14":"purchasable","15":"product-type-variable"},"etheme_brands":{"errors":{"invalid_taxonomy":["Taxonom\u00eda no v\u00e1lida."]},"error_data":[]},"_links":{"self":[{"href":"https:\/\/dicopebisuteria.com\/tienda\/wp-json\/wp\/v2\/product\/3188","targetHints":{"allow":["GET"]}}],"collection":[{"href":"https:\/\/dicopebisuteria.com\/tienda\/wp-json\/wp\/v2\/product"}],"about":[{"href":"https:\/\/dicopebisuteria.com\/tienda\/wp-json\/wp\/v2\/types\/product"}],"replies":[{"embeddable":true,"href":"https:\/\/dicopebisuteria.com\/tienda\/wp-json\/wp\/v2\/comments?post=3188"}],"wp:featuredmedia":[{"embeddable":true,"href":"https:\/\/dicopebisuteria.com\/tienda\/wp-json\/wp\/v2\/media\/3189"}],"wp:attachment":[{"href":"https:\/\/dicopebisuteria.com\/tienda\/wp-json\/wp\/v2\/media?parent=3188"}],"wp:term":[{"taxonomy":"product_brand","embeddable":true,"href":"https:\/\/dicopebisuteria.com\/tienda\/wp-json\/wp\/v2\/product_brand?post=3188"},{"taxonomy":"product_cat","embeddable":true,"href":"https:\/\/dicopebisuteria.com\/tienda\/wp-json\/wp\/v2\/product_cat?post=3188"},{"taxonomy":"product_tag","embeddable":true,"href":"https:\/\/dicopebisuteria.com\/tienda\/wp-json\/wp\/v2\/product_tag?post=3188"}],"curies":[{"name":"wp","href":"https:\/\/api.w.org\/{rel}","templated":true}]}}