{"id":3170,"date":"2016-11-17T08:40:28","date_gmt":"2016-11-17T08:40:28","guid":{"rendered":"http:\/\/dicopebisuteria.com\/tienda\/?post_type=product&#038;p=3170"},"modified":"2021-04-14T19:27:48","modified_gmt":"2021-04-14T19:27:48","slug":"collar-regina-en-plata-de-ley-y-cuentas-de-swarovski-rosa-y-topacio","status":"publish","type":"product","link":"https:\/\/dicopebisuteria.com\/tienda\/producto\/collar-regina-en-plata-de-ley-y-cuentas-de-swarovski-rosa-y-topacio\/","title":{"rendered":"Collar Regina en plata de ley y cuentas de swarovski rosa y topacio"},"content":{"rendered":"<p>Celebra cada d\u00eda con este moderno y elegante collar Regina creado con un cubo y dos cuentas de cristales de swarovski en tonos topacio y rosas, todo montado en plata de ley! Este collar es una versi\u00f3n con cuentas y cadena mas grandes que mis otros collares de plata de ley que destaca mas, sin ser demasiado grande!<\/p>\n<p>Perfecto para dar un toque de color a tus looks de trabajo y salir luego de compras con tus amigas!<\/p>\n<p>\u2666\ufe0f La combinaci\u00f3n de estos colores te aportar\u00e1 armon\u00eda y mas confianza en ti misma! Tambi\u00e9n te ayudaran a comunicarte mejor!<\/p>\n<p>&nbsp;<\/p>\n<p>\u2665 Medidas collar : cadena 44 cm de largo aprox.\/ O la que tu quieras!!<\/p>\n<p>\u2665 Listo para enviar !<\/p>\n<p>\u2665 Te gusta ? Dale al bot\u00f3n de \u201cA\u00f1adir al Carrito\u201d y consigue el tuyo !!<\/p>\n<p>Se env\u00eda por correo certificado en una peque\u00f1a cajita de regalo<\/p>\n","protected":false},"excerpt":{"rendered":"<p>Celebra cada d\u00eda con este moderno y elegante collar Regina creado con un cubo y dos cuentas de cristales de swarovski en tonos topacio y&#8230;<\/p>\n","protected":false},"featured_media":3171,"comment_status":"closed","ping_status":"closed","template":"","meta":[],"product_brand":[],"product_cat":[123,105,121,254,130],"product_tag":[],"class_list":{"0":"post-3170","1":"product","2":"type-product","3":"status-publish","4":"has-post-thumbnail","6":"product_cat-brilla","7":"product_cat-collares","8":"product_cat-collares-brilla","9":"product_cat-collares-plata","10":"product_cat-outlet","12":"first","13":"instock","14":"sale","15":"shipping-taxable","16":"purchasable","17":"product-type-variable"},"etheme_brands":{"errors":{"invalid_taxonomy":["Taxonom\u00eda no v\u00e1lida."]},"error_data":[]},"_links":{"self":[{"href":"https:\/\/dicopebisuteria.com\/tienda\/wp-json\/wp\/v2\/product\/3170","targetHints":{"allow":["GET"]}}],"collection":[{"href":"https:\/\/dicopebisuteria.com\/tienda\/wp-json\/wp\/v2\/product"}],"about":[{"href":"https:\/\/dicopebisuteria.com\/tienda\/wp-json\/wp\/v2\/types\/product"}],"replies":[{"embeddable":true,"href":"https:\/\/dicopebisuteria.com\/tienda\/wp-json\/wp\/v2\/comments?post=3170"}],"wp:featuredmedia":[{"embeddable":true,"href":"https:\/\/dicopebisuteria.com\/tienda\/wp-json\/wp\/v2\/media\/3171"}],"wp:attachment":[{"href":"https:\/\/dicopebisuteria.com\/tienda\/wp-json\/wp\/v2\/media?parent=3170"}],"wp:term":[{"taxonomy":"product_brand","embeddable":true,"href":"https:\/\/dicopebisuteria.com\/tienda\/wp-json\/wp\/v2\/product_brand?post=3170"},{"taxonomy":"product_cat","embeddable":true,"href":"https:\/\/dicopebisuteria.com\/tienda\/wp-json\/wp\/v2\/product_cat?post=3170"},{"taxonomy":"product_tag","embeddable":true,"href":"https:\/\/dicopebisuteria.com\/tienda\/wp-json\/wp\/v2\/product_tag?post=3170"}],"curies":[{"name":"wp","href":"https:\/\/api.w.org\/{rel}","templated":true}]}}