{"id":3127,"date":"2016-11-17T08:53:04","date_gmt":"2016-11-17T08:53:04","guid":{"rendered":"http:\/\/dicopebisuteria.com\/tienda\/?post_type=product&#038;p=3127"},"modified":"2021-04-14T19:27:47","modified_gmt":"2021-04-14T19:27:47","slug":"collar-briana-en-plata-de-ley-y-cristal-de-swarovski-naranja-y-rosa","status":"publish","type":"product","link":"https:\/\/dicopebisuteria.com\/tienda\/producto\/collar-briana-en-plata-de-ley-y-cristal-de-swarovski-naranja-y-rosa\/","title":{"rendered":"Collar Briana en plata de ley y cristal de swarovski naranja y rosa"},"content":{"rendered":"<p>Elegante y minimalista collar Briana creado con tres cristales de swarovski en tonos naranja , fucsia y rosado, todo montado en plata de ley! Perfecto para dar un toque de color a tus looks de trabajo!<\/p>\n<p>\u2666\ufe0f Esta combinaci\u00f3n de colores naranjas y rosas simbolizan el amor y la positividad! Tambi\u00e9n te aportaran su energ\u00eda para atreverte a vivir todo tipo de aventuras ;)<\/p>\n<p>&nbsp;<\/p>\n<p>\u2665 Medidas collar : cadena 44 cm de largo aprox.\/ O la que tu quieras!!<\/p>\n<p>\u2665 Listo para enviar !<\/p>\n<p>\u2665 Te gusta ? Dale al bot\u00f3n de \u201cA\u00f1adir al Carrito\u201d y consigue el tuyo !!<\/p>\n<p>Se env\u00eda por correo certificado en una peque\u00f1a cajita de regalo<\/p>\n","protected":false},"excerpt":{"rendered":"<p>Elegante y minimalista collar Briana creado con tres cristales de swarovski en tonos naranja , fucsia y rosado, todo montado en plata de ley! Perfecto&#8230;<\/p>\n","protected":false},"featured_media":3130,"comment_status":"closed","ping_status":"closed","template":"","meta":[],"product_brand":[],"product_cat":[123,105,121,254],"product_tag":[],"class_list":{"0":"post-3127","1":"product","2":"type-product","3":"status-publish","4":"has-post-thumbnail","6":"product_cat-brilla","7":"product_cat-collares","8":"product_cat-collares-brilla","9":"product_cat-collares-plata","11":"first","12":"instock","13":"shipping-taxable","14":"purchasable","15":"product-type-variable"},"etheme_brands":{"errors":{"invalid_taxonomy":["Taxonom\u00eda no v\u00e1lida."]},"error_data":[]},"_links":{"self":[{"href":"https:\/\/dicopebisuteria.com\/tienda\/wp-json\/wp\/v2\/product\/3127","targetHints":{"allow":["GET"]}}],"collection":[{"href":"https:\/\/dicopebisuteria.com\/tienda\/wp-json\/wp\/v2\/product"}],"about":[{"href":"https:\/\/dicopebisuteria.com\/tienda\/wp-json\/wp\/v2\/types\/product"}],"replies":[{"embeddable":true,"href":"https:\/\/dicopebisuteria.com\/tienda\/wp-json\/wp\/v2\/comments?post=3127"}],"wp:featuredmedia":[{"embeddable":true,"href":"https:\/\/dicopebisuteria.com\/tienda\/wp-json\/wp\/v2\/media\/3130"}],"wp:attachment":[{"href":"https:\/\/dicopebisuteria.com\/tienda\/wp-json\/wp\/v2\/media?parent=3127"}],"wp:term":[{"taxonomy":"product_brand","embeddable":true,"href":"https:\/\/dicopebisuteria.com\/tienda\/wp-json\/wp\/v2\/product_brand?post=3127"},{"taxonomy":"product_cat","embeddable":true,"href":"https:\/\/dicopebisuteria.com\/tienda\/wp-json\/wp\/v2\/product_cat?post=3127"},{"taxonomy":"product_tag","embeddable":true,"href":"https:\/\/dicopebisuteria.com\/tienda\/wp-json\/wp\/v2\/product_tag?post=3127"}],"curies":[{"name":"wp","href":"https:\/\/api.w.org\/{rel}","templated":true}]}}