{"id":3097,"date":"2017-03-14T08:47:04","date_gmt":"2017-03-14T08:47:04","guid":{"rendered":"http:\/\/dicopebisuteria.com\/tienda\/?post_type=product&#038;p=3097"},"modified":"2021-04-15T09:21:46","modified_gmt":"2021-04-15T09:21:46","slug":"pulsera-deseos-rosa-y-oro-de-24kt-con-plata-de-ley","status":"publish","type":"product","link":"https:\/\/dicopebisuteria.com\/tienda\/producto\/pulsera-deseos-rosa-y-oro-de-24kt-con-plata-de-ley\/","title":{"rendered":"Pulsera Deseos Rosa y Oro de 24kt con plata de ley"},"content":{"rendered":"<p>Todos tus deseos se har\u00e1n realidad con esta pulsera deseos inspirada en mi colecci\u00f3n de palabras! Cada cuenta dorada representa un deseo para el a\u00f1o nuevo!<\/p>\n<p>Preciosa y delicada pulsera deseos creada con bolitas de cristal rosas y bolitas ba\u00f1adas en oro de 24kt con cierre de plata de ley!<br \/>\n\u2665 Medidas : de 16,5 cm \/ o La Que Tu Me Pidas con cadenita opcional !!<\/p>\n<p>\u2665 Listo para enviar !<\/p>\n<p>\u2665 Te gusta ? Dale al bot\u00f3n de \u201cA\u00f1adir al Carrito\u201d y consigue la tuya !!<\/p>\n<p>Se env\u00eda por correo certificado en una peque\u00f1a cajita de regalo<\/p>\n","protected":false},"excerpt":{"rendered":"<p>Todos tus deseos se har\u00e1n realidad con esta pulsera deseos inspirada en mi colecci\u00f3n de palabras! Cada cuenta dorada representa un deseo para el a\u00f1o&#8230;<\/p>\n","protected":false},"featured_media":3098,"comment_status":"closed","ping_status":"closed","template":"","meta":[],"product_brand":[],"product_cat":[123,130,101,103,122,256],"product_tag":[],"class_list":{"0":"post-3097","1":"product","2":"type-product","3":"status-publish","4":"has-post-thumbnail","6":"product_cat-brilla","7":"product_cat-outlet","8":"product_cat-palabras","9":"product_cat-pulseras","10":"product_cat-pulseras-brilla","11":"product_cat-pulseras-plata","13":"first","14":"instock","15":"sale","16":"shipping-taxable","17":"purchasable","18":"product-type-variable"},"etheme_brands":{"errors":{"invalid_taxonomy":["Taxonom\u00eda no v\u00e1lida."]},"error_data":[]},"_links":{"self":[{"href":"https:\/\/dicopebisuteria.com\/tienda\/wp-json\/wp\/v2\/product\/3097","targetHints":{"allow":["GET"]}}],"collection":[{"href":"https:\/\/dicopebisuteria.com\/tienda\/wp-json\/wp\/v2\/product"}],"about":[{"href":"https:\/\/dicopebisuteria.com\/tienda\/wp-json\/wp\/v2\/types\/product"}],"replies":[{"embeddable":true,"href":"https:\/\/dicopebisuteria.com\/tienda\/wp-json\/wp\/v2\/comments?post=3097"}],"wp:featuredmedia":[{"embeddable":true,"href":"https:\/\/dicopebisuteria.com\/tienda\/wp-json\/wp\/v2\/media\/3098"}],"wp:attachment":[{"href":"https:\/\/dicopebisuteria.com\/tienda\/wp-json\/wp\/v2\/media?parent=3097"}],"wp:term":[{"taxonomy":"product_brand","embeddable":true,"href":"https:\/\/dicopebisuteria.com\/tienda\/wp-json\/wp\/v2\/product_brand?post=3097"},{"taxonomy":"product_cat","embeddable":true,"href":"https:\/\/dicopebisuteria.com\/tienda\/wp-json\/wp\/v2\/product_cat?post=3097"},{"taxonomy":"product_tag","embeddable":true,"href":"https:\/\/dicopebisuteria.com\/tienda\/wp-json\/wp\/v2\/product_tag?post=3097"}],"curies":[{"name":"wp","href":"https:\/\/api.w.org\/{rel}","templated":true}]}}