{"id":2779,"date":"2016-03-08T09:18:34","date_gmt":"2016-03-08T09:18:34","guid":{"rendered":"http:\/\/dicopebisuteria.com\/tienda\/?post_type=product&#038;p=2779"},"modified":"2018-11-16T10:52:42","modified_gmt":"2018-11-16T10:52:42","slug":"pulsera-elefante-de-la-suerte-con-cinta-de-flores-lila","status":"publish","type":"product","link":"https:\/\/dicopebisuteria.com\/tienda\/producto\/pulsera-elefante-de-la-suerte-con-cinta-de-flores-lila\/","title":{"rendered":"Pulsera Elefante de la Suerte con Cinta de Flores Lila"},"content":{"rendered":"<p>Lleva la Buena Suerte siempre contigo con esta pulsera creada con un adorable elefante y una cinta de flores liberty en colores lilas! Deja que la magia de esta pulsera te gui\u00e9 en tu d\u00eda a d\u00eda! Ideal para llevar con tu ropa favorita!<\/p>\n<p>\u2665 Medidas : de 15 cm a 17 aprox. con cadenita \/ o La Que Tu Me Pidas !!<\/p>\n<p>\u2665 Listo para enviar !<\/p>\n<p>\u2665 Te gusta ? Dale al bot\u00f3n de \u201cA\u00f1adir al Carrito\u201d y consigue la tuya !!<\/p>\n<p>Se env\u00eda por correo certificado en una peque\u00f1a cajita de regalo<\/p>\n","protected":false},"excerpt":{"rendered":"<p>Lleva la Buena Suerte siempre contigo con esta pulsera creada con un adorable elefante y una cinta de flores liberty en colores lilas! Deja que&#8230;<\/p>\n","protected":false},"featured_media":2780,"comment_status":"closed","ping_status":"closed","template":"","meta":[],"product_brand":[],"product_cat":[244,110],"product_tag":[],"class_list":{"0":"post-2779","1":"product","2":"type-product","3":"status-publish","4":"has-post-thumbnail","6":"product_cat-blackweek","7":"product_cat-dainty-india","9":"first","10":"instock","11":"shipping-taxable","12":"purchasable","13":"product-type-variable"},"etheme_brands":{"errors":{"invalid_taxonomy":["Taxonom\u00eda no v\u00e1lida."]},"error_data":[]},"_links":{"self":[{"href":"https:\/\/dicopebisuteria.com\/tienda\/wp-json\/wp\/v2\/product\/2779","targetHints":{"allow":["GET"]}}],"collection":[{"href":"https:\/\/dicopebisuteria.com\/tienda\/wp-json\/wp\/v2\/product"}],"about":[{"href":"https:\/\/dicopebisuteria.com\/tienda\/wp-json\/wp\/v2\/types\/product"}],"replies":[{"embeddable":true,"href":"https:\/\/dicopebisuteria.com\/tienda\/wp-json\/wp\/v2\/comments?post=2779"}],"wp:featuredmedia":[{"embeddable":true,"href":"https:\/\/dicopebisuteria.com\/tienda\/wp-json\/wp\/v2\/media\/2780"}],"wp:attachment":[{"href":"https:\/\/dicopebisuteria.com\/tienda\/wp-json\/wp\/v2\/media?parent=2779"}],"wp:term":[{"taxonomy":"product_brand","embeddable":true,"href":"https:\/\/dicopebisuteria.com\/tienda\/wp-json\/wp\/v2\/product_brand?post=2779"},{"taxonomy":"product_cat","embeddable":true,"href":"https:\/\/dicopebisuteria.com\/tienda\/wp-json\/wp\/v2\/product_cat?post=2779"},{"taxonomy":"product_tag","embeddable":true,"href":"https:\/\/dicopebisuteria.com\/tienda\/wp-json\/wp\/v2\/product_tag?post=2779"}],"curies":[{"name":"wp","href":"https:\/\/api.w.org\/{rel}","templated":true}]}}