{"id":2237,"date":"2015-10-14T08:38:44","date_gmt":"2015-10-14T08:38:44","guid":{"rendered":"http:\/\/dicopebisuteria.com\/tienda\/?post_type=product&#038;p=2237"},"modified":"2021-06-18T00:15:22","modified_gmt":"2021-06-18T00:15:22","slug":"collar-cupcake-rojo-cereza-en-plata-de-ley","status":"publish","type":"product","link":"https:\/\/dicopebisuteria.com\/tienda\/producto\/collar-cupcake-rojo-cereza-en-plata-de-ley\/","title":{"rendered":"Collar Cupcake Rojo Cereza en plata de ley"},"content":{"rendered":"<p>Elegante y delicioso collar de cupcake rojo cereza de vainilla con peque\u00f1os toppings de colorines creado con un maravilloso cupcake de cristal y montado en plata de ley! Perfecto para llevarlo todos los d\u00edas con tu ropa favorita! Disfruta de esta peque\u00f1a joya y si\u00e9ntete mas feliz!<\/p>\n<p>Hace tiempo que compr\u00e9 estos preciosos cupcakes de cristal creados a mano por una artesana del cristal! Me encantaron y le suplique hasta que decidido hacerme unos pocos! Pero hasta ahora no me hab\u00eda atrevido a desprenderme de ellos ! Por supuesto son totalmente \u00fanicos y exclusivos! No te pierdas la oportunidad de quedarte con esta peque\u00f1a joya!<\/p>\n<p>\u2665 Medidas collar : cadena 45 cm de largo , colgante 1,5 cm de largo<\/p>\n<p>\u2665 Listo para enviar !<\/p>\n<p>\u2665 Te gusta ? Dale al bot\u00f3n de \u201cA\u00f1adir al Carrito\u201d y consigue el tuyo !!<\/p>\n<p>Se env\u00eda por correo certificado en una peque\u00f1a cajita de regalo hecha a mano<\/p>\n","protected":false},"excerpt":{"rendered":"<p>Elegante y delicioso collar de cupcake rojo cereza de vainilla con peque\u00f1os toppings de colorines creado con un maravilloso cupcake de cristal y montado en&#8230;<\/p>\n","protected":false},"featured_media":2238,"comment_status":"closed","ping_status":"closed","template":"","meta":[],"product_brand":[],"product_cat":[123,105,121,254],"product_tag":[],"class_list":{"0":"post-2237","1":"product","2":"type-product","3":"status-publish","4":"has-post-thumbnail","6":"product_cat-brilla","7":"product_cat-collares","8":"product_cat-collares-brilla","9":"product_cat-collares-plata","11":"first","12":"instock","13":"shipping-taxable","14":"purchasable","15":"product-type-variable"},"etheme_brands":{"errors":{"invalid_taxonomy":["Taxonom\u00eda no v\u00e1lida."]},"error_data":[]},"_links":{"self":[{"href":"https:\/\/dicopebisuteria.com\/tienda\/wp-json\/wp\/v2\/product\/2237","targetHints":{"allow":["GET"]}}],"collection":[{"href":"https:\/\/dicopebisuteria.com\/tienda\/wp-json\/wp\/v2\/product"}],"about":[{"href":"https:\/\/dicopebisuteria.com\/tienda\/wp-json\/wp\/v2\/types\/product"}],"replies":[{"embeddable":true,"href":"https:\/\/dicopebisuteria.com\/tienda\/wp-json\/wp\/v2\/comments?post=2237"}],"wp:featuredmedia":[{"embeddable":true,"href":"https:\/\/dicopebisuteria.com\/tienda\/wp-json\/wp\/v2\/media\/2238"}],"wp:attachment":[{"href":"https:\/\/dicopebisuteria.com\/tienda\/wp-json\/wp\/v2\/media?parent=2237"}],"wp:term":[{"taxonomy":"product_brand","embeddable":true,"href":"https:\/\/dicopebisuteria.com\/tienda\/wp-json\/wp\/v2\/product_brand?post=2237"},{"taxonomy":"product_cat","embeddable":true,"href":"https:\/\/dicopebisuteria.com\/tienda\/wp-json\/wp\/v2\/product_cat?post=2237"},{"taxonomy":"product_tag","embeddable":true,"href":"https:\/\/dicopebisuteria.com\/tienda\/wp-json\/wp\/v2\/product_tag?post=2237"}],"curies":[{"name":"wp","href":"https:\/\/api.w.org\/{rel}","templated":true}]}}