{"id":2159,"date":"2015-09-23T08:35:12","date_gmt":"2015-09-23T08:35:12","guid":{"rendered":"http:\/\/dicopebisuteria.com\/tienda\/?post_type=product&#038;p=2159"},"modified":"2025-05-16T07:41:42","modified_gmt":"2025-05-16T07:41:42","slug":"pulsera-laura-pulsera-corazon-alma-de-dicope-en-azul-y-plata","status":"publish","type":"product","link":"https:\/\/dicopebisuteria.com\/tienda\/producto\/pulsera-laura-pulsera-corazon-alma-de-dicope-en-azul-y-plata\/","title":{"rendered":"Pulsera Laura \u2013 Pulsera Coraz\u00f3n Alma de Dicope en Azul y Plata"},"content":{"rendered":"<p>Preciosa y elegante Pulsera Laura creada con un dise\u00f1o de coraz\u00f3n y mas de 400 bolitas de cristal en colores azul mate y plata , montada en una larga cadena plateada . Perfecta para Todas las Medidas !<\/p>\n<p>La Pulsera Alma de Dicope es un Nuevo dise\u00f1o que representa la esencia de la marca en una nueva y divertida forma de llevar pulseras de bolitas ! Puedes coleccionarlas y combinarlas entre ellas para crear Tu propio estilo !<\/p>\n<p>\u2665 Medidas : 1 cm de ancho<\/p>\n<p><strong>\u2665 3 Medidas de largo a elegir (indica tu preferencia en la pesta\u00f1a de Personalizar o al hacer tu pedido) :<\/strong><\/p>\n<p>Cadena corta \u2013 de 12 cm a 16,5 cm<\/p>\n<p>Cadena Larga \u2013 de 12 cm a 19 cm (medida est\u00e1ndar )<\/p>\n<p>Cadena Super Larga \u2013 de 12 cm a 23 cm<\/p>\n<p>&nbsp;<\/p>\n<p>\u2665 Listo para enviar !<\/p>\n<p>\u2665 Te gusta ? Dale al bot\u00f3n de \u201cA\u00f1adir al Carrito\u201d y consigue la tuya !!<\/p>\n<p>Se env\u00eda por correo certificado en una peque\u00f1a cajita de regalo<\/p>\n","protected":false},"excerpt":{"rendered":"<p>Preciosa y elegante Pulsera Laura creada con un dise\u00f1o de coraz\u00f3n y mas de 400 bolitas de cristal en colores azul mate y plata ,&#8230;<\/p>\n","protected":false},"featured_media":2160,"comment_status":"closed","ping_status":"closed","template":"","meta":[],"product_brand":[],"product_cat":[109,118,103,108],"product_tag":[],"class_list":{"0":"post-2159","1":"product","2":"type-product","3":"status-publish","4":"has-post-thumbnail","6":"product_cat-dicope-joyas","7":"product_cat-dicope-joyas-pulseras","8":"product_cat-pulseras","9":"product_cat-pulseras-alma-dicope","11":"first","12":"instock","13":"shipping-taxable","14":"purchasable","15":"product-type-variable"},"etheme_brands":{"errors":{"invalid_taxonomy":["Taxonom\u00eda no v\u00e1lida."]},"error_data":[]},"_links":{"self":[{"href":"https:\/\/dicopebisuteria.com\/tienda\/wp-json\/wp\/v2\/product\/2159","targetHints":{"allow":["GET"]}}],"collection":[{"href":"https:\/\/dicopebisuteria.com\/tienda\/wp-json\/wp\/v2\/product"}],"about":[{"href":"https:\/\/dicopebisuteria.com\/tienda\/wp-json\/wp\/v2\/types\/product"}],"replies":[{"embeddable":true,"href":"https:\/\/dicopebisuteria.com\/tienda\/wp-json\/wp\/v2\/comments?post=2159"}],"wp:featuredmedia":[{"embeddable":true,"href":"https:\/\/dicopebisuteria.com\/tienda\/wp-json\/wp\/v2\/media\/2160"}],"wp:attachment":[{"href":"https:\/\/dicopebisuteria.com\/tienda\/wp-json\/wp\/v2\/media?parent=2159"}],"wp:term":[{"taxonomy":"product_brand","embeddable":true,"href":"https:\/\/dicopebisuteria.com\/tienda\/wp-json\/wp\/v2\/product_brand?post=2159"},{"taxonomy":"product_cat","embeddable":true,"href":"https:\/\/dicopebisuteria.com\/tienda\/wp-json\/wp\/v2\/product_cat?post=2159"},{"taxonomy":"product_tag","embeddable":true,"href":"https:\/\/dicopebisuteria.com\/tienda\/wp-json\/wp\/v2\/product_tag?post=2159"}],"curies":[{"name":"wp","href":"https:\/\/api.w.org\/{rel}","templated":true}]}}