{"id":1504,"date":"2014-06-29T10:00:39","date_gmt":"2014-06-29T10:00:39","guid":{"rendered":"http:\/\/dicopebisuteria.com\/tienda\/?post_type=product&#038;p=1504"},"modified":"2022-07-29T12:04:47","modified_gmt":"2022-07-29T12:04:47","slug":"pulsera-new-york-lovers-en-abalorios-azul-pulsera-nueva-york","status":"publish","type":"product","link":"https:\/\/dicopebisuteria.com\/tienda\/producto\/pulsera-new-york-lovers-en-abalorios-azul-pulsera-nueva-york\/","title":{"rendered":"Pulsera New York Lovers en Abalorios Azul &#8211; Pulsera Nueva York"},"content":{"rendered":"<p>Lleva siempre a Nueva York contigo con esta maravillosa pulsera que te permite recordar la ciudad de los rascacielos como siempre tubo que ser ! Ideal para combinar con tus vestidos favoritos y ser la mas original de las fiestas!<\/p>\n<p>Elegante y original pulsera new york lovers creada a mano con mas de 2000 bolitas de cristal de la mejor calidad en varios colores azules y negros con un hermoso dise\u00f1o \u00fanico de dicopebisuteria y unas 9 horas de trabajo ! Esta preciosa joya para toda la vida se sujeta con un cierre plateado con strass de cristal de swarovski muy f\u00e1cil de usar !<\/p>\n<p>Una verdadera joya \u00fanica y diferente para recordar aquellos d\u00edas pasados en los que Nueva York lucia sus torres gemelas ! Esta versi\u00f3n tambi\u00e9n incluye una peque\u00f1a Tardis para los fans de Doctor Who ! \u00bfPuedes encontrarla ?<\/p>\n<p>\u2665 Medidas : de 18 cm de largo y 3,7 cm de ancho<\/p>\n<p>\u2665 Listo para enviar !<\/p>\n<p>\u2665 Te gusta ? Dale al bot\u00f3n de \u201cA\u00f1adir al Carrito\u201d y consigue la tuya !!<\/p>\n<p>Se env\u00eda por correo certificado en una peque\u00f1a cajita de regalo hecha a mano<\/p>\n","protected":false},"excerpt":{"rendered":"<p>Lleva siempre a Nueva York contigo con esta maravillosa pulsera que te permite recordar la ciudad de los rascacielos como siempre tubo que ser !&#8230;<\/p>\n","protected":false},"featured_media":1509,"comment_status":"closed","ping_status":"closed","template":"","meta":[],"product_brand":[],"product_cat":[102,109,118,103],"product_tag":[],"class_list":{"0":"post-1504","1":"product","2":"type-product","3":"status-publish","4":"has-post-thumbnail","6":"product_cat-brazaletes","7":"product_cat-dicope-joyas","8":"product_cat-dicope-joyas-pulseras","9":"product_cat-pulseras","11":"first","12":"instock","13":"shipping-taxable","14":"purchasable","15":"product-type-variable"},"etheme_brands":{"errors":{"invalid_taxonomy":["Taxonom\u00eda no v\u00e1lida."]},"error_data":[]},"_links":{"self":[{"href":"https:\/\/dicopebisuteria.com\/tienda\/wp-json\/wp\/v2\/product\/1504","targetHints":{"allow":["GET"]}}],"collection":[{"href":"https:\/\/dicopebisuteria.com\/tienda\/wp-json\/wp\/v2\/product"}],"about":[{"href":"https:\/\/dicopebisuteria.com\/tienda\/wp-json\/wp\/v2\/types\/product"}],"replies":[{"embeddable":true,"href":"https:\/\/dicopebisuteria.com\/tienda\/wp-json\/wp\/v2\/comments?post=1504"}],"wp:featuredmedia":[{"embeddable":true,"href":"https:\/\/dicopebisuteria.com\/tienda\/wp-json\/wp\/v2\/media\/1509"}],"wp:attachment":[{"href":"https:\/\/dicopebisuteria.com\/tienda\/wp-json\/wp\/v2\/media?parent=1504"}],"wp:term":[{"taxonomy":"product_brand","embeddable":true,"href":"https:\/\/dicopebisuteria.com\/tienda\/wp-json\/wp\/v2\/product_brand?post=1504"},{"taxonomy":"product_cat","embeddable":true,"href":"https:\/\/dicopebisuteria.com\/tienda\/wp-json\/wp\/v2\/product_cat?post=1504"},{"taxonomy":"product_tag","embeddable":true,"href":"https:\/\/dicopebisuteria.com\/tienda\/wp-json\/wp\/v2\/product_tag?post=1504"}],"curies":[{"name":"wp","href":"https:\/\/api.w.org\/{rel}","templated":true}]}}