{"id":1455,"date":"2014-06-28T09:44:12","date_gmt":"2014-06-28T09:44:12","guid":{"rendered":"http:\/\/dicopebisuteria.com\/tienda\/?post_type=product&#038;p=1455"},"modified":"2022-07-29T12:04:48","modified_gmt":"2022-07-29T12:04:48","slug":"pulsera-de-la-amistad-en-abalorios-delicas-azul-y-dorado","status":"publish","type":"product","link":"https:\/\/dicopebisuteria.com\/tienda\/producto\/pulsera-de-la-amistad-en-abalorios-delicas-azul-y-dorado\/","title":{"rendered":"Pulsera de la Amistad en Abalorios Delicas Azul y Dorado"},"content":{"rendered":"<p>\u00bfTe gustan las pulseras de la amistad? Son preciosas, pero demasiado sencillas para combinar con un elegante vestido! Esta versi\u00f3n de lujo te permite llevarla siempre contigo y brillar con luz propia!<\/p>\n<p>Elegante y original pulsera de la amistad creada a mano con mas de 1000 abalorios de cristal de la mejor calidad llamados delicas en tonos crema , dorado y azul turquesa\u00a0 con un hermoso dise\u00f1o \u00fanico de dicopebisuteria ! Se cierra con un bot\u00f3n de Swarovski muy seguro y f\u00e1cil de usar !<\/p>\n<p>Una preciosa joya de edici\u00f3n limitada para lucir con tu ropa favorita !<\/p>\n<p>\u2665 Medidas : de 17 cm de largo y 1,5 cm de ancho<\/p>\n<p>\u2665 Listo para enviar !<\/p>\n<p>\u2665 Te gusta ? Dale al bot\u00f3n de \u201cA\u00f1adir al Carrito\u201d y consigue la tuya !!<\/p>\n<p>Se env\u00eda por correo certificado en una peque\u00f1a cajita de regalo hecha a mano<\/p>\n<p><a href=\"http:\/\/dicopebisuteria.com\/img\/tienda\/cajita-dicopebisuteria.jpg\" target=\"_blank\" rel=\"noopener noreferrer\"><img decoding=\"async\" src=\"http:\/\/dicopebisuteria.com\/img\/tienda\/cajita-dicopebisuteria.jpg\" alt=\"cajita dicopebisuteria\" width=\"100\" height=\"100\" border=\"0\" \/><\/a><\/p>\n","protected":false},"excerpt":{"rendered":"<p>\u00bfTe gustan las pulseras de la amistad? Son preciosas, pero demasiado sencillas para combinar con un elegante vestido! Esta versi\u00f3n de lujo te permite llevarla&#8230;<\/p>\n","protected":false},"featured_media":1458,"comment_status":"closed","ping_status":"closed","template":"","meta":[],"product_brand":[],"product_cat":[102,109,118,103],"product_tag":[],"class_list":{"0":"post-1455","1":"product","2":"type-product","3":"status-publish","4":"has-post-thumbnail","6":"product_cat-brazaletes","7":"product_cat-dicope-joyas","8":"product_cat-dicope-joyas-pulseras","9":"product_cat-pulseras","11":"first","12":"instock","13":"shipping-taxable","14":"purchasable","15":"product-type-variable"},"etheme_brands":{"errors":{"invalid_taxonomy":["Taxonom\u00eda no v\u00e1lida."]},"error_data":[]},"_links":{"self":[{"href":"https:\/\/dicopebisuteria.com\/tienda\/wp-json\/wp\/v2\/product\/1455","targetHints":{"allow":["GET"]}}],"collection":[{"href":"https:\/\/dicopebisuteria.com\/tienda\/wp-json\/wp\/v2\/product"}],"about":[{"href":"https:\/\/dicopebisuteria.com\/tienda\/wp-json\/wp\/v2\/types\/product"}],"replies":[{"embeddable":true,"href":"https:\/\/dicopebisuteria.com\/tienda\/wp-json\/wp\/v2\/comments?post=1455"}],"wp:featuredmedia":[{"embeddable":true,"href":"https:\/\/dicopebisuteria.com\/tienda\/wp-json\/wp\/v2\/media\/1458"}],"wp:attachment":[{"href":"https:\/\/dicopebisuteria.com\/tienda\/wp-json\/wp\/v2\/media?parent=1455"}],"wp:term":[{"taxonomy":"product_brand","embeddable":true,"href":"https:\/\/dicopebisuteria.com\/tienda\/wp-json\/wp\/v2\/product_brand?post=1455"},{"taxonomy":"product_cat","embeddable":true,"href":"https:\/\/dicopebisuteria.com\/tienda\/wp-json\/wp\/v2\/product_cat?post=1455"},{"taxonomy":"product_tag","embeddable":true,"href":"https:\/\/dicopebisuteria.com\/tienda\/wp-json\/wp\/v2\/product_tag?post=1455"}],"curies":[{"name":"wp","href":"https:\/\/api.w.org\/{rel}","templated":true}]}}