{"id":1293,"date":"2014-05-28T20:41:38","date_gmt":"2014-05-28T20:41:38","guid":{"rendered":"http:\/\/dicopebisuteria.com\/tienda\/?post_type=product&#038;p=1293"},"modified":"2021-04-14T19:40:58","modified_gmt":"2021-04-14T19:40:58","slug":"pulsera-arte-optico-en-bolitas-cristal-azul-y-naranja","status":"publish","type":"product","link":"https:\/\/dicopebisuteria.com\/tienda\/producto\/pulsera-arte-optico-en-bolitas-cristal-azul-y-naranja\/","title":{"rendered":"Pulsera Arte Optico en Bolitas Cristal Azul y Naranja"},"content":{"rendered":"<p>Elegante y original pulsera ancha creada a mano con mas de 2000 abalorios de cristal de la mejor calidad llamados delicas en varios tonos azules , naranjas y bronce . Este hermoso dise\u00f1o \u00fanico de dicopebisuteria se inspira en las en el arte \u00f3ptico ! Se cierra con un precioso boton de cristal de Swarovski muy f\u00e1cil de usar !<\/p>\n<p>Una preciosa joya de edici\u00f3n limitada para lucir con tu ropa favorita !<\/p>\n<p>\u2665 Medidas : de 16,5 cm de largo y 3 cm de ancho<\/p>\n<p>\u2665 Listo para enviar !<\/p>\n<p>\u2665 Te gusta ? Dale al bot\u00f3n de \u201cA\u00f1adir al Carrito\u201d y consigue la tuya !!<\/p>\n<p>Se env\u00eda por correo certificado en una peque\u00f1a cajita de regalo<\/p>\n","protected":false},"excerpt":{"rendered":"<p>Elegante y original pulsera ancha creada a mano con mas de 2000 abalorios de cristal de la mejor calidad llamados delicas en varios tonos azules&#8230;<\/p>\n","protected":false},"featured_media":1296,"comment_status":"closed","ping_status":"closed","template":"","meta":[],"product_brand":[],"product_cat":[102,109,118,103],"product_tag":[],"class_list":{"0":"post-1293","1":"product","2":"type-product","3":"status-publish","4":"has-post-thumbnail","6":"product_cat-brazaletes","7":"product_cat-dicope-joyas","8":"product_cat-dicope-joyas-pulseras","9":"product_cat-pulseras","11":"first","12":"instock","13":"shipping-taxable","14":"purchasable","15":"product-type-variable"},"etheme_brands":{"errors":{"invalid_taxonomy":["Taxonom\u00eda no v\u00e1lida."]},"error_data":[]},"_links":{"self":[{"href":"https:\/\/dicopebisuteria.com\/tienda\/wp-json\/wp\/v2\/product\/1293","targetHints":{"allow":["GET"]}}],"collection":[{"href":"https:\/\/dicopebisuteria.com\/tienda\/wp-json\/wp\/v2\/product"}],"about":[{"href":"https:\/\/dicopebisuteria.com\/tienda\/wp-json\/wp\/v2\/types\/product"}],"replies":[{"embeddable":true,"href":"https:\/\/dicopebisuteria.com\/tienda\/wp-json\/wp\/v2\/comments?post=1293"}],"wp:featuredmedia":[{"embeddable":true,"href":"https:\/\/dicopebisuteria.com\/tienda\/wp-json\/wp\/v2\/media\/1296"}],"wp:attachment":[{"href":"https:\/\/dicopebisuteria.com\/tienda\/wp-json\/wp\/v2\/media?parent=1293"}],"wp:term":[{"taxonomy":"product_brand","embeddable":true,"href":"https:\/\/dicopebisuteria.com\/tienda\/wp-json\/wp\/v2\/product_brand?post=1293"},{"taxonomy":"product_cat","embeddable":true,"href":"https:\/\/dicopebisuteria.com\/tienda\/wp-json\/wp\/v2\/product_cat?post=1293"},{"taxonomy":"product_tag","embeddable":true,"href":"https:\/\/dicopebisuteria.com\/tienda\/wp-json\/wp\/v2\/product_tag?post=1293"}],"curies":[{"name":"wp","href":"https:\/\/api.w.org\/{rel}","templated":true}]}}