{"id":1239,"date":"2015-11-20T08:19:29","date_gmt":"2015-11-20T08:19:29","guid":{"rendered":"http:\/\/dicopebisuteria.com\/tienda\/?post_type=product&#038;p=1239"},"modified":"2021-04-14T19:40:56","modified_gmt":"2021-04-14T19:40:56","slug":"pulsera-ancha-logo-dicope-en-turquesa-y-plata","status":"publish","type":"product","link":"https:\/\/dicopebisuteria.com\/tienda\/producto\/pulsera-ancha-logo-dicope-en-turquesa-y-plata\/","title":{"rendered":"Pulsera Ancha Logo Dicope en Turquesa y Plata"},"content":{"rendered":"<p>Hermosa y original pulsera ancha creada a mano con mas de 2000 bolitas de cristal de la mejor calidad en colores turquesa y plata con un elegante dise\u00f1o con el logo \u00fanico de dicopebisuteria en forma de coraz\u00f3n ! Esta preciosa joya para toda la vida se sujeta con un cierre de plateado muy f\u00e1cil de usar!<\/p>\n<p>Perfecta para lucir con tus vestidos favoritos !<\/p>\n<p>\u2665 Medidas : de 17,5 cm de largo y 3 cm de ancho\/ o La Que Tu Me Pidas !!<\/p>\n<p>\u2665 Listo para enviar !<\/p>\n<p>\u2665 Te gusta ? Dale al bot\u00f3n de \u201cA\u00f1adir al Carrito\u201d y consigue la tuya !!<\/p>\n<p>Se env\u00eda por correo certificado en una cajita de regalo<\/p>\n","protected":false},"excerpt":{"rendered":"<p>Hermosa y original pulsera ancha creada a mano con mas de 2000 bolitas de cristal de la mejor calidad en colores turquesa y plata con&#8230;<\/p>\n","protected":false},"featured_media":1240,"comment_status":"closed","ping_status":"closed","template":"","meta":[],"product_brand":[],"product_cat":[102,109,118,103],"product_tag":[],"class_list":{"0":"post-1239","1":"product","2":"type-product","3":"status-publish","4":"has-post-thumbnail","6":"product_cat-brazaletes","7":"product_cat-dicope-joyas","8":"product_cat-dicope-joyas-pulseras","9":"product_cat-pulseras","11":"first","12":"instock","13":"shipping-taxable","14":"purchasable","15":"product-type-variable"},"etheme_brands":{"errors":{"invalid_taxonomy":["Taxonom\u00eda no v\u00e1lida."]},"error_data":[]},"_links":{"self":[{"href":"https:\/\/dicopebisuteria.com\/tienda\/wp-json\/wp\/v2\/product\/1239","targetHints":{"allow":["GET"]}}],"collection":[{"href":"https:\/\/dicopebisuteria.com\/tienda\/wp-json\/wp\/v2\/product"}],"about":[{"href":"https:\/\/dicopebisuteria.com\/tienda\/wp-json\/wp\/v2\/types\/product"}],"replies":[{"embeddable":true,"href":"https:\/\/dicopebisuteria.com\/tienda\/wp-json\/wp\/v2\/comments?post=1239"}],"wp:featuredmedia":[{"embeddable":true,"href":"https:\/\/dicopebisuteria.com\/tienda\/wp-json\/wp\/v2\/media\/1240"}],"wp:attachment":[{"href":"https:\/\/dicopebisuteria.com\/tienda\/wp-json\/wp\/v2\/media?parent=1239"}],"wp:term":[{"taxonomy":"product_brand","embeddable":true,"href":"https:\/\/dicopebisuteria.com\/tienda\/wp-json\/wp\/v2\/product_brand?post=1239"},{"taxonomy":"product_cat","embeddable":true,"href":"https:\/\/dicopebisuteria.com\/tienda\/wp-json\/wp\/v2\/product_cat?post=1239"},{"taxonomy":"product_tag","embeddable":true,"href":"https:\/\/dicopebisuteria.com\/tienda\/wp-json\/wp\/v2\/product_tag?post=1239"}],"curies":[{"name":"wp","href":"https:\/\/api.w.org\/{rel}","templated":true}]}}