{"id":1210,"date":"2015-11-20T08:30:35","date_gmt":"2015-11-20T08:30:35","guid":{"rendered":"http:\/\/dicopebisuteria.com\/tienda\/?post_type=product&#038;p=1210"},"modified":"2021-04-14T19:40:55","modified_gmt":"2021-04-14T19:40:55","slug":"pulsera-logo-dicope-arcoiris","status":"publish","type":"product","link":"https:\/\/dicopebisuteria.com\/tienda\/producto\/pulsera-logo-dicope-arcoiris\/","title":{"rendered":"Pulsera Logo Dicope Arcoiris"},"content":{"rendered":"<p>Hermosa y original pulsera ancha creada a mano con mas de 2000 bolitas de cristal de la mejor calidad en varios colores azules , verdes , naranja , rojos &#8230; con un elegante dise\u00f1o con el logo \u00fanico de dicopebisuteria en forma de coraz\u00f3n ! Esta preciosa joya para toda la vida se sujeta con un cierre de bot\u00f3n de swarovski muy f\u00e1cil de usar!<\/p>\n<p>Perfecta para lucir con tus vestidos favoritos !<\/p>\n<p>\u2665 Medidas : de 17,5 cm de largo y 3 cm de ancho\/ o La Que Tu Me Pidas !!<\/p>\n<p>\u2665 Listo para enviar !<\/p>\n<p>\u2665 Te gusta ? Dale al bot\u00f3n de \u201cA\u00f1adir al Carrito\u201d y consigue la tuya !!<\/p>\n<p>Se env\u00eda por correo certificado en una peque\u00f1a cajita de regalo hecha a mano<\/p>\n","protected":false},"excerpt":{"rendered":"<p>Hermosa y original pulsera ancha creada a mano con mas de 2000 bolitas de cristal de la mejor calidad en varios colores azules , verdes&#8230;<\/p>\n","protected":false},"featured_media":1211,"comment_status":"closed","ping_status":"closed","template":"","meta":[],"product_brand":[],"product_cat":[102,109,118,103],"product_tag":[],"class_list":{"0":"post-1210","1":"product","2":"type-product","3":"status-publish","4":"has-post-thumbnail","6":"product_cat-brazaletes","7":"product_cat-dicope-joyas","8":"product_cat-dicope-joyas-pulseras","9":"product_cat-pulseras","11":"first","12":"instock","13":"shipping-taxable","14":"purchasable","15":"product-type-variable"},"etheme_brands":{"errors":{"invalid_taxonomy":["Taxonom\u00eda no v\u00e1lida."]},"error_data":[]},"_links":{"self":[{"href":"https:\/\/dicopebisuteria.com\/tienda\/wp-json\/wp\/v2\/product\/1210","targetHints":{"allow":["GET"]}}],"collection":[{"href":"https:\/\/dicopebisuteria.com\/tienda\/wp-json\/wp\/v2\/product"}],"about":[{"href":"https:\/\/dicopebisuteria.com\/tienda\/wp-json\/wp\/v2\/types\/product"}],"replies":[{"embeddable":true,"href":"https:\/\/dicopebisuteria.com\/tienda\/wp-json\/wp\/v2\/comments?post=1210"}],"wp:featuredmedia":[{"embeddable":true,"href":"https:\/\/dicopebisuteria.com\/tienda\/wp-json\/wp\/v2\/media\/1211"}],"wp:attachment":[{"href":"https:\/\/dicopebisuteria.com\/tienda\/wp-json\/wp\/v2\/media?parent=1210"}],"wp:term":[{"taxonomy":"product_brand","embeddable":true,"href":"https:\/\/dicopebisuteria.com\/tienda\/wp-json\/wp\/v2\/product_brand?post=1210"},{"taxonomy":"product_cat","embeddable":true,"href":"https:\/\/dicopebisuteria.com\/tienda\/wp-json\/wp\/v2\/product_cat?post=1210"},{"taxonomy":"product_tag","embeddable":true,"href":"https:\/\/dicopebisuteria.com\/tienda\/wp-json\/wp\/v2\/product_tag?post=1210"}],"curies":[{"name":"wp","href":"https:\/\/api.w.org\/{rel}","templated":true}]}}