{"id":1184,"date":"2015-11-20T09:02:12","date_gmt":"2015-11-20T09:02:12","guid":{"rendered":"http:\/\/dicopebisuteria.com\/tienda\/?post_type=product&#038;p=1184"},"modified":"2021-04-14T19:40:54","modified_gmt":"2021-04-14T19:40:54","slug":"pulsera-circulos-retro-en-rosa-y-dorado","status":"publish","type":"product","link":"https:\/\/dicopebisuteria.com\/tienda\/producto\/pulsera-circulos-retro-en-rosa-y-dorado\/","title":{"rendered":"Pulsera Circulos Retro en Rosa y Dorado"},"content":{"rendered":"<p>Elegante y original pulsera creada a mano con mas de 1500 bolitas de cristal de la mejor calidad en colores marrones, lilas y dorados con un hermoso dise\u00f1o geom\u00e9trico \u00fanico de dicopebisuteria ! Esta preciosa joya para toda la vida se sujeta con un cierre de bot\u00f3n de cristal de swarovski muy f\u00e1cil de usar!<\/p>\n<p>Perfecta para lucir con tus vestidos favoritos !<\/p>\n<p>\u2665 Medidas : de 17,5 cm de largo y 2 cm de ancho<\/p>\n<p>\u2665 Listo para enviar !<\/p>\n<p>\u2665 Te gusta ? Dale al bot\u00f3n de \u201cA\u00f1adir al Carrito\u201d y consigue la tuya !!<\/p>\n<p>Se env\u00eda por correo certificado en una peque\u00f1a cajita de regalo hecha a mano<\/p>\n","protected":false},"excerpt":{"rendered":"<p>Elegante y original pulsera creada a mano con mas de 1500 bolitas de cristal de la mejor calidad en colores marrones, lilas y dorados con&#8230;<\/p>\n","protected":false},"featured_media":1188,"comment_status":"closed","ping_status":"closed","template":"","meta":[],"product_brand":[],"product_cat":[102,109,118,130,103],"product_tag":[],"class_list":{"0":"post-1184","1":"product","2":"type-product","3":"status-publish","4":"has-post-thumbnail","6":"product_cat-brazaletes","7":"product_cat-dicope-joyas","8":"product_cat-dicope-joyas-pulseras","9":"product_cat-outlet","10":"product_cat-pulseras","12":"first","13":"instock","14":"sale","15":"shipping-taxable","16":"purchasable","17":"product-type-variable"},"etheme_brands":{"errors":{"invalid_taxonomy":["Taxonom\u00eda no v\u00e1lida."]},"error_data":[]},"_links":{"self":[{"href":"https:\/\/dicopebisuteria.com\/tienda\/wp-json\/wp\/v2\/product\/1184","targetHints":{"allow":["GET"]}}],"collection":[{"href":"https:\/\/dicopebisuteria.com\/tienda\/wp-json\/wp\/v2\/product"}],"about":[{"href":"https:\/\/dicopebisuteria.com\/tienda\/wp-json\/wp\/v2\/types\/product"}],"replies":[{"embeddable":true,"href":"https:\/\/dicopebisuteria.com\/tienda\/wp-json\/wp\/v2\/comments?post=1184"}],"wp:featuredmedia":[{"embeddable":true,"href":"https:\/\/dicopebisuteria.com\/tienda\/wp-json\/wp\/v2\/media\/1188"}],"wp:attachment":[{"href":"https:\/\/dicopebisuteria.com\/tienda\/wp-json\/wp\/v2\/media?parent=1184"}],"wp:term":[{"taxonomy":"product_brand","embeddable":true,"href":"https:\/\/dicopebisuteria.com\/tienda\/wp-json\/wp\/v2\/product_brand?post=1184"},{"taxonomy":"product_cat","embeddable":true,"href":"https:\/\/dicopebisuteria.com\/tienda\/wp-json\/wp\/v2\/product_cat?post=1184"},{"taxonomy":"product_tag","embeddable":true,"href":"https:\/\/dicopebisuteria.com\/tienda\/wp-json\/wp\/v2\/product_tag?post=1184"}],"curies":[{"name":"wp","href":"https:\/\/api.w.org\/{rel}","templated":true}]}}