{"id":1058,"date":"2014-04-25T18:07:29","date_gmt":"2014-04-25T18:07:29","guid":{"rendered":"http:\/\/dicopebisuteria.com\/tienda\/?post_type=product&#038;p=1058"},"modified":"2022-07-29T12:04:54","modified_gmt":"2022-07-29T12:04:54","slug":"pendientes-lagrima-swarovski-rosa-plata-de-ley","status":"publish","type":"product","link":"https:\/\/dicopebisuteria.com\/tienda\/producto\/pendientes-lagrima-swarovski-rosa-plata-de-ley\/","title":{"rendered":"Pendientes L\u00e1grima Swarovski Rosa Plata de Ley"},"content":{"rendered":"<p>Hermosos y resplandecientes pendientes creados con peque\u00f1as l\u00e1grimas facetadas de cristal de Swarovski en tono rosa y montados en pendientes de plata de ley .<\/p>\n<p>\u2665 Medidas : 1,1 inches , 2,8 cm largo<\/p>\n<p>\u2665 Este producto a sido creado con CRYSTALLIZED\u2122 &#8211; Swarovski Elements<\/p>\n<p>\u2665 Listo para enviar !<\/p>\n<p>\u2665 Te gusta ? Dale al bot\u00f3n de \u201cA\u00f1adir al Carrito\u201d y consigue los tuyos !!<\/p>\n<p>Se env\u00eda por correo certificado en una peque\u00f1a cajita de regalo hecha a mano<\/p>\n","protected":false},"excerpt":{"rendered":"<p>Hermosos y resplandecientes pendientes creados con peque\u00f1as l\u00e1grimas facetadas de cristal de Swarovski en tono rosa y montados en pendientes de plata de ley &#8230;.<\/p>\n","protected":false},"featured_media":1059,"comment_status":"closed","ping_status":"closed","template":"","meta":[],"product_brand":[],"product_cat":[123,104,125,257],"product_tag":[],"class_list":{"0":"post-1058","1":"product","2":"type-product","3":"status-publish","4":"has-post-thumbnail","6":"product_cat-brilla","7":"product_cat-pendientes","8":"product_cat-pendientes-brilla","9":"product_cat-pendientes-plata","11":"first","12":"outofstock","13":"shipping-taxable","14":"purchasable","15":"product-type-simple"},"etheme_brands":{"errors":{"invalid_taxonomy":["Taxonom\u00eda no v\u00e1lida."]},"error_data":[]},"_links":{"self":[{"href":"https:\/\/dicopebisuteria.com\/tienda\/wp-json\/wp\/v2\/product\/1058","targetHints":{"allow":["GET"]}}],"collection":[{"href":"https:\/\/dicopebisuteria.com\/tienda\/wp-json\/wp\/v2\/product"}],"about":[{"href":"https:\/\/dicopebisuteria.com\/tienda\/wp-json\/wp\/v2\/types\/product"}],"replies":[{"embeddable":true,"href":"https:\/\/dicopebisuteria.com\/tienda\/wp-json\/wp\/v2\/comments?post=1058"}],"wp:featuredmedia":[{"embeddable":true,"href":"https:\/\/dicopebisuteria.com\/tienda\/wp-json\/wp\/v2\/media\/1059"}],"wp:attachment":[{"href":"https:\/\/dicopebisuteria.com\/tienda\/wp-json\/wp\/v2\/media?parent=1058"}],"wp:term":[{"taxonomy":"product_brand","embeddable":true,"href":"https:\/\/dicopebisuteria.com\/tienda\/wp-json\/wp\/v2\/product_brand?post=1058"},{"taxonomy":"product_cat","embeddable":true,"href":"https:\/\/dicopebisuteria.com\/tienda\/wp-json\/wp\/v2\/product_cat?post=1058"},{"taxonomy":"product_tag","embeddable":true,"href":"https:\/\/dicopebisuteria.com\/tienda\/wp-json\/wp\/v2\/product_tag?post=1058"}],"curies":[{"name":"wp","href":"https:\/\/api.w.org\/{rel}","templated":true}]}}