{"id":1038,"date":"2018-05-18T08:50:44","date_gmt":"2018-05-18T08:50:44","guid":{"rendered":"http:\/\/dicopebisuteria.com\/tienda\/?post_type=product&#038;p=1038"},"modified":"2021-04-14T19:46:48","modified_gmt":"2021-04-14T19:46:48","slug":"pulsera-flor-semipreciosa-cuarzo-rosa","status":"publish","type":"product","link":"https:\/\/dicopebisuteria.com\/tienda\/producto\/pulsera-flor-semipreciosa-cuarzo-rosa\/","title":{"rendered":"Pulsera Flor Semipreciosa Cuarzo Rosa"},"content":{"rendered":"<p>Preciosa y rom\u00e1ntica pulsera creada con una flor de piedra semipreciosa de cuarzo rosa tallada y montada en una cadenita de bronce.<\/p>\n<p>Cuando encontr\u00e9 estas preciosas piedras talladas en forma de flor no me pude resistir a comprarlas y a\u00f1adirlas a la nueva colecci\u00f3n !<\/p>\n<p>\u2665 Te en cuenta que cada flor es \u00fanica y puede ser diferente a la de la foto !!<\/p>\n<p>\u2665 Medidas :\u00a0 de 16 a 21 cm de largo aprox.<\/p>\n<p>\u2665 Listo para enviar !<\/p>\n<p>\u2665 Te gusta ? Dale al bot\u00f3n de \u201cA\u00f1adir al Carrito\u201d y consigue la tuya !!<\/p>\n<p>Se env\u00eda por correo certificado en una peque\u00f1a cajita de regalo hecha a mano<\/p>\n<p>&nbsp;<\/p>\n","protected":false},"excerpt":{"rendered":"<p>Preciosa y rom\u00e1ntica pulsera creada con una flor de piedra semipreciosa de cuarzo rosa tallada y montada en una cadenita de bronce. Cuando encontr\u00e9 estas&#8230;<\/p>\n","protected":false},"featured_media":1041,"comment_status":"closed","ping_status":"closed","template":"","meta":[],"product_brand":[],"product_cat":[123,130,255,103,122],"product_tag":[],"class_list":{"0":"post-1038","1":"product","2":"type-product","3":"status-publish","4":"has-post-thumbnail","6":"product_cat-brilla","7":"product_cat-outlet","8":"product_cat-pulsera-boho","9":"product_cat-pulseras","10":"product_cat-pulseras-brilla","12":"first","13":"instock","14":"sale","15":"shipping-taxable","16":"purchasable","17":"product-type-simple"},"etheme_brands":{"errors":{"invalid_taxonomy":["Taxonom\u00eda no v\u00e1lida."]},"error_data":[]},"_links":{"self":[{"href":"https:\/\/dicopebisuteria.com\/tienda\/wp-json\/wp\/v2\/product\/1038","targetHints":{"allow":["GET"]}}],"collection":[{"href":"https:\/\/dicopebisuteria.com\/tienda\/wp-json\/wp\/v2\/product"}],"about":[{"href":"https:\/\/dicopebisuteria.com\/tienda\/wp-json\/wp\/v2\/types\/product"}],"replies":[{"embeddable":true,"href":"https:\/\/dicopebisuteria.com\/tienda\/wp-json\/wp\/v2\/comments?post=1038"}],"wp:featuredmedia":[{"embeddable":true,"href":"https:\/\/dicopebisuteria.com\/tienda\/wp-json\/wp\/v2\/media\/1041"}],"wp:attachment":[{"href":"https:\/\/dicopebisuteria.com\/tienda\/wp-json\/wp\/v2\/media?parent=1038"}],"wp:term":[{"taxonomy":"product_brand","embeddable":true,"href":"https:\/\/dicopebisuteria.com\/tienda\/wp-json\/wp\/v2\/product_brand?post=1038"},{"taxonomy":"product_cat","embeddable":true,"href":"https:\/\/dicopebisuteria.com\/tienda\/wp-json\/wp\/v2\/product_cat?post=1038"},{"taxonomy":"product_tag","embeddable":true,"href":"https:\/\/dicopebisuteria.com\/tienda\/wp-json\/wp\/v2\/product_tag?post=1038"}],"curies":[{"name":"wp","href":"https:\/\/api.w.org\/{rel}","templated":true}]}}