{"id":8315,"date":"2022-08-28T10:26:19","date_gmt":"2022-08-28T10:26:19","guid":{"rendered":"https:\/\/dicopebisuteria.com\/tienda\/?page_id=8315"},"modified":"2024-11-09T18:11:00","modified_gmt":"2024-11-09T18:11:00","slug":"como-elegir-tallas-de-joyas","status":"publish","type":"page","link":"https:\/\/dicopebisuteria.com\/tienda\/como-elegir-tallas-de-joyas\/","title":{"rendered":"Como Elegir Tallas de Joyas"},"content":{"rendered":"<h1 style=\"text-align: center;\">Como medir la Talla para tus joyitas<\/h1>\n<h4 style=\"text-align: center;\">Elegir bien la talla de tus joyitas es muy importante, no dudes en contactarme si no te aclaras ;)<\/h4>\n<h1 style=\"text-align: center;\">Tallas de Anillos<\/h1>\n<p style=\"text-align: center;\">Para averiguar la medida de un anillo tienes varias opciones<\/p>\n<p style=\"text-align: center;\">Puedes medir tu dedo con una cinta m\u00e9trica (las de costura) col\u00f3ca-la alrededor de tu dedo y compara lo que mide con la siguiente tabla<\/p>\n<p style=\"text-align: center;\">Si no tienes cinta m\u00e9trica puedes usar un papel del ancho aproximado del anillo , marcar cuanto mide y despues extender el papel al lado de una regla para ver su medida y luego compararla con la siguiente tabla<\/p>\n<p style=\"text-align: center;\"><a href=\"https:\/\/dicopebisuteria.com\/tienda\/wp-content\/uploads\/tabla-medidas-anillos.jpg\"><img decoding=\"async\" class=\"alignnone wp-image-8339 size-full\" src=\"https:\/\/dicopebisuteria.com\/tienda\/wp-content\/uploads\/tabla-medidas-anillos.jpg\" alt=\"\" width=\"230\" height=\"599\" srcset=\"https:\/\/dicopebisuteria.com\/tienda\/wp-content\/uploads\/tabla-medidas-anillos.jpg 230w, https:\/\/dicopebisuteria.com\/tienda\/wp-content\/uploads\/tabla-medidas-anillos-200x521.jpg 200w, https:\/\/dicopebisuteria.com\/tienda\/wp-content\/uploads\/tabla-medidas-anillos-115x300.jpg 115w, https:\/\/dicopebisuteria.com\/tienda\/wp-content\/uploads\/tabla-medidas-anillos-4x10.jpg 4w\" sizes=\"(max-width: 230px) 100vw, 230px\" \/><\/a><\/p>\n<h4 style=\"text-align: center;\"><span style=\"font-family: Century Gothic;\">Si se trata de un regalo puedes comprobar la medida con esta imagen y un anillo de la persona deseada <span class=\"hps\">.\u00a0<\/span><span class=\"hps\">Coloca el<\/span> <span class=\"hps\">anillo sobre<\/span> <span class=\"hps\">el<\/span> <span class=\"hps\">tama\u00f1o<\/span> <span class=\"hps\">del circulo<\/span> <span class=\"hps\">mas cercano.<\/span> <span class=\"hps\">El borde<\/span> <span class=\"hps\">interior del anillo<\/span> <span class=\"hps\">debe alinearse con<\/span> <span class=\"hps\">el borde exterior<\/span> <span class=\"hps\">del circulo<\/span>. <span class=\"hps\">Si el<\/span> <span class=\"hps\">anillo <\/span><span class=\"hps\">parece encajar<\/span> <span class=\"hps\">entre dos tallas,<\/span> <span class=\"hps\">compra el<\/span> <span class=\"hps\">tama\u00f1o mas grande<\/span><\/span><\/h4>\n<h4 style=\"text-align: center;\"><a href=\"https:\/\/dicopebisuteria.com\/tienda\/wp-content\/uploads\/tabla-medidas-anillos-2.jpg\"><img decoding=\"async\" class=\"alignnone wp-image-8340 size-full\" src=\"https:\/\/dicopebisuteria.com\/tienda\/wp-content\/uploads\/tabla-medidas-anillos-2.jpg\" alt=\"\" width=\"587\" height=\"369\" srcset=\"https:\/\/dicopebisuteria.com\/tienda\/wp-content\/uploads\/tabla-medidas-anillos-2.jpg 587w, https:\/\/dicopebisuteria.com\/tienda\/wp-content\/uploads\/tabla-medidas-anillos-2-555x349.jpg 555w, https:\/\/dicopebisuteria.com\/tienda\/wp-content\/uploads\/tabla-medidas-anillos-2-300x189.jpg 300w, https:\/\/dicopebisuteria.com\/tienda\/wp-content\/uploads\/tabla-medidas-anillos-2-10x6.jpg 10w\" sizes=\"(max-width: 587px) 100vw, 587px\" \/><\/a><!--more--><\/h4>\n<h1 style=\"text-align: center;\">TALLAS DE PULSERAS<\/h1>\n<p style=\"text-align: center;\">Para elegir la talla de tu pulsera te recomiendo medir el contorno de tu mu\u00f1eca y a\u00f1adir medio cent\u00edmetro para ir c\u00f3moda ;)<\/p>\n<p style=\"text-align: center;\">Si prefieres llevar varias de tus pulseras juntas mide tu brazo un poquito mas arriba para ver que medida se adaptar\u00eda mejor<\/p>\n<h4 style=\"text-align: center;\">Puedes tomar la medida con una cinta m\u00e9trica de costura o<\/h4>\n<h4 style=\"text-align: center;\">con una tira de papel y luego medirla con una regla<\/h4>\n<h4 style=\"text-align: center;\">Si es para un regalo y no sabes la medida exacta , En la tienda encontraras algunas pulseras ajustables a varias medidas<\/h4>\n<p style=\"text-align: center;\">\n<h1 style=\"text-align: center;\">Tallas de collares<\/h1>\n<p style=\"text-align: center;\">En la tienda veras que tengo varias medidas de collares, estas son las medidas que yo sigo pero si tienes el cuello muy finito o muy ancho pueden variar bastante, por eso te recomiendo medirte tus collares favoritos<\/p>\n<h4 style=\"text-align: center;\">Gargantillas muy pegadas al cuello\u00a0 o<\/h4>\n<h4 style=\"text-align: center;\">colgantes pegados al cuello 40cm<\/h4>\n<h4 style=\"text-align: center;\">Collar o Colgantito 45 cm<\/h4>\n<h4 style=\"text-align: center;\">Collar medio 48 a 50 cm<\/h4>\n<h4 style=\"text-align: center;\">Collares largos 70cm o mas<\/h4>\n<h4 style=\"text-align: center;\">Siempre puedes pedirme la medida que necesites<\/h4>\n","protected":false},"excerpt":{"rendered":"<p>Como medir la Talla para tus joyitas Elegir bien la talla de tus joyitas es muy importante, no dudes en contactarme si no te aclaras&#8230;<\/p>\n","protected":false},"author":1,"featured_media":0,"parent":0,"menu_order":0,"comment_status":"closed","ping_status":"closed","template":"","meta":{"footnotes":""},"class_list":["post-8315","page","type-page","status-publish","hentry"],"_links":{"self":[{"href":"https:\/\/dicopebisuteria.com\/tienda\/wp-json\/wp\/v2\/pages\/8315","targetHints":{"allow":["GET"]}}],"collection":[{"href":"https:\/\/dicopebisuteria.com\/tienda\/wp-json\/wp\/v2\/pages"}],"about":[{"href":"https:\/\/dicopebisuteria.com\/tienda\/wp-json\/wp\/v2\/types\/page"}],"author":[{"embeddable":true,"href":"https:\/\/dicopebisuteria.com\/tienda\/wp-json\/wp\/v2\/users\/1"}],"replies":[{"embeddable":true,"href":"https:\/\/dicopebisuteria.com\/tienda\/wp-json\/wp\/v2\/comments?post=8315"}],"version-history":[{"count":9,"href":"https:\/\/dicopebisuteria.com\/tienda\/wp-json\/wp\/v2\/pages\/8315\/revisions"}],"predecessor-version":[{"id":8458,"href":"https:\/\/dicopebisuteria.com\/tienda\/wp-json\/wp\/v2\/pages\/8315\/revisions\/8458"}],"wp:attachment":[{"href":"https:\/\/dicopebisuteria.com\/tienda\/wp-json\/wp\/v2\/media?parent=8315"}],"curies":[{"name":"wp","href":"https:\/\/api.w.org\/{rel}","templated":true}]}}