{"id":8243,"date":"2022-08-26T18:20:24","date_gmt":"2022-08-26T18:20:24","guid":{"rendered":"https:\/\/dicopebisuteria.com\/tienda\/?page_id=8243"},"modified":"2024-11-09T18:41:45","modified_gmt":"2024-11-09T18:41:45","slug":"venta-al-mayor","status":"publish","type":"page","link":"https:\/\/dicopebisuteria.com\/tienda\/venta-al-mayor\/","title":{"rendered":"VENTA AL MAYOR"},"content":{"rendered":"<h2 style=\"text-align: center;\">Colecciones especiales para tiendas<\/h2>\n<h4 style=\"text-align: center;\">Si tienes una tienda y estas interesado\/a en ver los cat\u00e1logos de precios para tiendas rellena este formulario<\/h4>\n<p><!-- Begin Mailchimp Signup Form --> <\/p>\n<style type=\"text\/css\">\n\t#mc_embed_signup{background:#fff; clear:left; font:14px Helvetica,Arial,sans-serif;  width:900px;}<br \/>\n\t\/* Add your own Mailchimp form style overrides in your site stylesheet or in this style block.<br \/>\n\t   We recommend moving this block and the preceding CSS link to the HEAD of your HTML file. *\/<br \/>\n<\/style>\n<div id=\"mc_embed_signup\">\n<form id=\"mc-embedded-subscribe-form\" class=\"validate\" action=\"https:\/\/dicopebisuteria.us5.list-manage.com\/subscribe\/post?u=14dd2a1ea8e538296877cff2e&amp;id=c79cb07b6d&amp;f_id=00cc2ae6f0\" method=\"post\" name=\"mc-embedded-subscribe-form\" novalidate=\"\" target=\"_blank\">\n<div id=\"mc_embed_signup_scroll\">\n<h2>FORMULARIO &amp; NEWSLETTER<\/h2>\n<div class=\"indicates-required\"><span class=\"asterisk\">*<\/span> indicates required<\/div>\n<div class=\"mc-field-group\"><label for=\"mce-EMAIL\">Email <span class=\"asterisk\">*<\/span><br \/>\n<\/label><br \/>\n<input id=\"mce-EMAIL\" class=\"required email\" name=\"EMAIL\" required=\"\" type=\"email\" value=\"\" \/><br \/>\n<span id=\"mce-EMAIL-HELPERTEXT\" class=\"helper_text\"><\/span><\/div>\n<div class=\"mc-field-group\"><label for=\"mce-FNAME\">Nombre <\/label><br \/>\n<input id=\"mce-FNAME\" class=\"\" name=\"FNAME\" type=\"text\" value=\"\" \/><br \/>\n<span id=\"mce-FNAME-HELPERTEXT\" class=\"helper_text\"><\/span><\/div>\n<div class=\"mc-field-group\"><label for=\"mce-MMERGE2\">Tipo de Tienda <\/label><br \/>\n<input id=\"mce-MMERGE2\" class=\"\" name=\"MMERGE2\" type=\"text\" value=\"\" \/><br \/>\n<span id=\"mce-MMERGE2-HELPERTEXT\" class=\"helper_text\"><\/span><\/div>\n<div class=\"mc-field-group size1of2\"><label for=\"mce-MMERGE3\">Telefono <\/label><br \/>\n<input id=\"mce-MMERGE3\" class=\"\" name=\"MMERGE3\" type=\"text\" value=\"\" \/><br \/>\n<span id=\"mce-MMERGE3-HELPERTEXT\" class=\"helper_text\"><\/span><\/div>\n<div class=\"mc-field-group\"><label for=\"mce-MMERGE4\">Ciudad <\/label><br \/>\n<input id=\"mce-MMERGE4\" class=\"\" name=\"MMERGE4\" type=\"text\" value=\"\" \/><br \/>\n<span id=\"mce-MMERGE4-HELPERTEXT\" class=\"helper_text\"><\/span><\/div>\n<div class=\"mc-field-group\"><label for=\"mce-MMERGE5\">Web o Facebook Tienda <\/label><br \/>\n<input id=\"mce-MMERGE5\" class=\" url\" name=\"MMERGE5\" type=\"url\" value=\"\" \/><br \/>\n<span id=\"mce-MMERGE5-HELPERTEXT\" class=\"helper_text\"><\/span><\/div>\n<div class=\"mc-field-group input-group\"><strong>Politica de Privacidad <\/strong><\/div>\n<\/div>\n<\/form>\n<\/div>\n<ul>\n<li><input id=\"mce-group[383319]-383319-0\" name=\"group[383319][1]\" type=\"checkbox\" value=\"1\" \/><br \/>\n<label for=\"mce-group[383319]-383319-0\">Si! Acepto la politica de Privacidad<\/label><\/li>\n<\/ul>\n<div id=\"mce-responses\" class=\"clear foot\">\n<div id=\"mce-error-response\" class=\"response\" style=\"display: none;\"><\/div>\n<div id=\"mce-success-response\" class=\"response\" style=\"display: none;\"><\/div>\n<\/div>\n<p><!-- real people should not fill this in and expect good things - do not remove this or risk form bot signups--><\/p>\n<div style=\"position: absolute; left: -5000px;\" aria-hidden=\"true\"><input tabindex=\"-1\" name=\"b_14dd2a1ea8e538296877cff2e_c79cb07b6d\" type=\"text\" value=\"\" \/><\/div>\n<div class=\"optionalParent\">\n<div class=\"clear foot\"><input id=\"mc-embedded-subscribe\" class=\"button\" name=\"subscribe\" type=\"submit\" value=\"Subscribe\" \/><\/div>\n<\/div>\n<p class=\"brandingLogo\"><a title=\"Mailchimp - email marketing made easy and fun\" href=\"http:\/\/eepurl.com\/h9HcMv\"><img decoding=\"async\" src=\"https:\/\/eep.io\/mc-cdn-images\/template_images\/branding_logo_text_dark_dtp.svg\" \/><\/a><\/p>\n<p><script type='text\/javascript' src='\/\/s3.amazonaws.com\/downloads.mailchimp.com\/js\/mc-validate.js'><\/script><script type='text\/javascript'>(function($) {window.fnames = new Array(); window.ftypes = new Array();fnames[0]='EMAIL';ftypes[0]='email';fnames[1]='FNAME';ftypes[1]='text';fnames[2]='MMERGE2';ftypes[2]='text';fnames[3]='MMERGE3';ftypes[3]='phone';fnames[4]='MMERGE4';ftypes[4]='text';fnames[5]='MMERGE5';ftypes[5]='url'; \/*<br \/>\n * Translated default messages for the $ validation plugin.<br \/>\n * Locale: ES<br \/>\n *\/<br \/>\n$.extend($.validator.messages, {<br \/>\n  required: \"Este campo es obligatorio.\",<br \/>\n  remote: \"Por favor, rellena este campo.\",<br \/>\n  email: \"Por favor, escribe una direcci\u00f3n de correo v\u00e1lida\",<br \/>\n  url: \"Por favor, escribe una URL v\u00e1lida.\",<br \/>\n  date: \"Por favor, escribe una fecha v\u00e1lida.\",<br \/>\n  dateISO: \"Por favor, escribe una fecha (ISO) v\u00e1lida.\",<br \/>\n  number: \"Por favor, escribe un n\u00famero entero v\u00e1lido.\",<br \/>\n  digits: \"Por favor, escribe s\u00f3lo d\u00edgitos.\",<br \/>\n  creditcard: \"Por favor, escribe un n\u00famero de tarjeta v\u00e1lido.\",<br \/>\n  equalTo: \"Por favor, escribe el mismo valor de nuevo.\",<br \/>\n  accept: \"Por favor, escribe un valor con una extensi\u00f3n aceptada.\",<br \/>\n  maxlength: $.validator.format(\"Por favor, no escribas m\u00e1s de {0} caracteres.\"),<br \/>\n  minlength: $.validator.format(\"Por favor, no escribas menos de {0} caracteres.\"),<br \/>\n  rangelength: $.validator.format(\"Por favor, escribe un valor entre {0} y {1} caracteres.\"),<br \/>\n  range: $.validator.format(\"Por favor, escribe un valor entre {0} y {1}.\"),<br \/>\n  max: $.validator.format(\"Por favor, escribe un valor menor o igual a {0}.\"),<br \/>\n  min: $.validator.format(\"Por favor, escribe un valor mayor o igual a {0}.\")<br \/>\n});}(jQuery));var $mcj = jQuery.noConflict(true);<\/script><br \/>\n<!--End mc_embed_signup--><\/p>\n<h4 style=\"text-align: center;\">Gracias! Recibir\u00e1s un email de confirmaci\u00f3n y luego otro email que te llevar\u00e1 a la web con toda la info de cat\u00e1logos , precios y condiciones de venta!<\/h4>\n<h4 style=\"text-align: center;\">Adem\u00e1s cada mes tambi\u00e9n recibir\u00e1s info sobre las nuevas colecciones y ofertas especiales<\/h4>\n<h4 style=\"text-align: center;\">Puedes Leer la Politica de Privacidad aqui<\/h4>\n<h4 style=\"text-align: center;\">&gt;&gt;&gt; <a href=\"https:\/\/dicopebisuteria.com\/tienda\/privacidad\/\">https:\/\/dicopebisuteria.com\/tienda\/privacidad\/<\/a><\/h4>\n<h4 style=\"text-align: center;\"><\/h4>\n","protected":false},"excerpt":{"rendered":"<p>Colecciones especiales para tiendas Si tienes una tienda y estas interesado\/a en ver los cat\u00e1logos de precios para tiendas rellena este formulario FORMULARIO &amp; NEWSLETTER&#8230;<\/p>\n","protected":false},"author":1,"featured_media":0,"parent":0,"menu_order":0,"comment_status":"closed","ping_status":"closed","template":"","meta":{"footnotes":""},"class_list":["post-8243","page","type-page","status-publish","hentry"],"_links":{"self":[{"href":"https:\/\/dicopebisuteria.com\/tienda\/wp-json\/wp\/v2\/pages\/8243","targetHints":{"allow":["GET"]}}],"collection":[{"href":"https:\/\/dicopebisuteria.com\/tienda\/wp-json\/wp\/v2\/pages"}],"about":[{"href":"https:\/\/dicopebisuteria.com\/tienda\/wp-json\/wp\/v2\/types\/page"}],"author":[{"embeddable":true,"href":"https:\/\/dicopebisuteria.com\/tienda\/wp-json\/wp\/v2\/users\/1"}],"replies":[{"embeddable":true,"href":"https:\/\/dicopebisuteria.com\/tienda\/wp-json\/wp\/v2\/comments?post=8243"}],"version-history":[{"count":6,"href":"https:\/\/dicopebisuteria.com\/tienda\/wp-json\/wp\/v2\/pages\/8243\/revisions"}],"predecessor-version":[{"id":8465,"href":"https:\/\/dicopebisuteria.com\/tienda\/wp-json\/wp\/v2\/pages\/8243\/revisions\/8465"}],"wp:attachment":[{"href":"https:\/\/dicopebisuteria.com\/tienda\/wp-json\/wp\/v2\/media?parent=8243"}],"curies":[{"name":"wp","href":"https:\/\/api.w.org\/{rel}","templated":true}]}}