{"id":7452,"date":"2021-10-03T19:06:41","date_gmt":"2021-10-03T19:06:41","guid":{"rendered":"http:\/\/dicopebisuteria.com\/tienda\/?page_id=7452"},"modified":"2024-11-12T12:05:45","modified_gmt":"2024-11-12T12:05:45","slug":"gastos-de-envio","status":"publish","type":"page","link":"https:\/\/dicopebisuteria.com\/tienda\/gastos-de-envio\/","title":{"rendered":"Gastos de Envio"},"content":{"rendered":"<p>\u00a0<\/p>\n<h1 style=\"text-align: center;\">GASTOS DE ENVIO<\/h1>\n<p>\u00a0<\/p>\n<h4 style=\"text-align: center;\">TU PEDIDO SE ENVIA CON CORREO CERTIFICADO CON NUMERO DE SEGUIMIENTO!<\/h4>\n<p style=\"text-align: center;\"><strong>ENVIOS DESDE BARCELONA , ESPA\u00d1A<\/strong><\/p>\n<p>\u00a0<\/p>\n\n\n<p class=\"has-text-align-center\">correo certificado ( Espa\u00f1a ) 4,9 euros<\/p>\n\n\n\n<p class=\"has-text-align-center\">correo certificado Urgente ( Espa\u00f1a ) 12 euros<br>correo certificado ( Internacional ) 12 euros<\/p>\n\n\n\n<p class=\"has-text-align-center\"><strong>en pedidos de mas de 80 euros env\u00edo GRATIS<\/strong><\/p>\n\n\n\n<p class=\"has-text-align-center\">el correo certificado dispone de numero de seguimiento !<\/p>\n\n\n\n<p class=\"has-text-align-center\"><strong>Tiempos de Env\u00edo<\/strong><\/p>\n\n\n\n<p class=\"has-text-align-center\">Todos los pedidos se env\u00edan en dos d\u00edas h\u00e1biles despu\u00e9s de su compra !<\/p>\n\n\n\n<p class=\"has-text-align-center\">Espa\u00f1a &#8211; 3-4 d\u00edas laborables<br>Europa &#8211; 6-8 d\u00edas laborables<br>Resto de Pa\u00edses &#8211; 20-30 d\u00edas laborables<\/p>\n\n\n\n<p class=\"has-text-align-center\"><strong>IMPORTANTE !!<\/strong>&nbsp;en meses Noviembre y Diciembre los tiempos de env\u00edo pueden tardar hasta el doble del tiempo indicado !!<\/p>\n\n\n\n<p class=\"has-text-align-center\"><strong>Envios Internacionales<\/strong><\/p>\n\n\n\n<p class=\"has-text-align-center\">correo certificado ( Internacional ) 12 euros<\/p>\n\n\n\n<p class=\"has-text-align-center\">Europa &#8211; 6-8 d\u00edas laborables<br>Resto de Pa\u00edses &#8211; 20-30 d\u00edas laborables<\/p>\n\n\n\n<p class=\"has-text-align-center\"><strong>IMPORTANTE !!<\/strong>&nbsp;en meses Noviembre y Diciembre los tiempos de env\u00edo pueden tardar hasta el doble del tiempo indicado !!<\/p>\n\n\n<p>\u00a0<\/p>\n<h2 style=\"text-align: center;\">MAS INFORMACION<\/h2>\n<h4 style=\"text-align: center;\"><a href=\"https:\/\/dicopebisuteria.com\/tienda\/metodos-de-pago\/\">METODOS DE PAGO<\/a><strong><br \/><a href=\"https:\/\/dicopebisuteria.com\/tienda\/cambios-y-devoluciones\/\">Cambios y devoluciones<\/a><br \/><\/strong><a href=\"https:\/\/dicopebisuteria.com\/tienda\/preguntas-frecuentes\/\">Preguntas Frecuentes<\/a><strong><br \/><a href=\"https:\/\/dicopebisuteria.com\/tienda\/contacto\/\">CONTACTO<\/a><\/strong><\/h4>\n<div class=\"woocommerce columns-4 \">        <link rel=\"stylesheet\" href=\"https:\/\/dicopebisuteria.com\/tienda\/wp-content\/themes\/xstore\/css\/modules\/woocommerce\/archive.min.css?ver=0.0.1\" type=\"text\/css\" media=\"all\" \/> \t\t<div class=\"row products products-loop products-grid row-count-4\" data-row-count=\"4\">\n\n \t<div class=\"first grid-sizer wishlist-disabled col-md-3 col-sm-6 col-xs-6 product-hover-swap product-view-disable view-color-dark et_cart-on hide-hover-on-mobile product type-product post-8652 status-publish instock product_cat-dicope-joyas product_cat-dicope-joyas-pendientes product_cat-pendientes product_cat-pendientes-plata has-post-thumbnail shipping-taxable purchasable product-type-simple\">\n        \t\t<div class=\"content-product \">\n\t\t\t\n\t\t\t\n\t\t\t\t<div class=\"product-image-wrapper hover-effect-swap\"\n                    >\n\n\t\t\t\t\t\t\t\t\t\t<p class=\"stock in-stock\">3 disponibles<\/p>                        <a class=\"product-content-image woocommerce-LoopProduct-link woocommerce-loop-product__link\" href=\"https:\/\/dicopebisuteria.com\/tienda\/producto\/pendientes-bolitas-de-cristal-marrones-y-plata-de-ley\/\"\n                           data-images=\"\"\n                        >\n                            <div class=\"image-swap\"><img decoding=\"async\" width=\"555\" height=\"555\" src=\"https:\/\/dicopebisuteria.com\/tienda\/wp-content\/uploads\/xstore\/xstore-placeholder-10x10.png\" data-src=\"https:\/\/dicopebisuteria.com\/tienda\/wp-content\/uploads\/Pendientes-bolitas-de-cristal-Marrones-y-plata-de-ley-4-555x555.jpg\" class=\" lazyload lazyload-simple et-lazyload-fadeIn\" alt=\"\" src=\"https:\/\/dicopebisuteria.com\/tienda\/wp-content\/uploads\/xstore\/xstore-placeholder-10x10.png\" data-srcset=\"https:\/\/dicopebisuteria.com\/tienda\/wp-content\/uploads\/Pendientes-bolitas-de-cristal-Marrones-y-plata-de-ley-4-555x555.jpg 555w, https:\/\/dicopebisuteria.com\/tienda\/wp-content\/uploads\/Pendientes-bolitas-de-cristal-Marrones-y-plata-de-ley-4-300x300.jpg 300w, https:\/\/dicopebisuteria.com\/tienda\/wp-content\/uploads\/Pendientes-bolitas-de-cristal-Marrones-y-plata-de-ley-4-1024x1024.jpg 1024w, https:\/\/dicopebisuteria.com\/tienda\/wp-content\/uploads\/Pendientes-bolitas-de-cristal-Marrones-y-plata-de-ley-4-150x150.jpg 150w, https:\/\/dicopebisuteria.com\/tienda\/wp-content\/uploads\/Pendientes-bolitas-de-cristal-Marrones-y-plata-de-ley-4-768x768.jpg 768w, https:\/\/dicopebisuteria.com\/tienda\/wp-content\/uploads\/Pendientes-bolitas-de-cristal-Marrones-y-plata-de-ley-4-720x720.jpg 720w, https:\/\/dicopebisuteria.com\/tienda\/wp-content\/uploads\/Pendientes-bolitas-de-cristal-Marrones-y-plata-de-ley-4-100x100.jpg 100w, https:\/\/dicopebisuteria.com\/tienda\/wp-content\/uploads\/Pendientes-bolitas-de-cristal-Marrones-y-plata-de-ley-4-10x10.jpg 10w, https:\/\/dicopebisuteria.com\/tienda\/wp-content\/uploads\/Pendientes-bolitas-de-cristal-Marrones-y-plata-de-ley-4.jpg 1200w\" data-sizes=\"(max-width: 555px) 100vw, 555px\" \/><\/div><img decoding=\"async\" width=\"555\" height=\"555\" src=\"https:\/\/dicopebisuteria.com\/tienda\/wp-content\/uploads\/Pendientes-bolitas-de-cristal-Marrones-y-plata-de-ley-3-555x555.jpg\" class=\"attachment-woocommerce_thumbnail size-woocommerce_thumbnail\" alt=\"Pendientes bolitas de cristal Marrones y plata de ley\" srcset=\"https:\/\/dicopebisuteria.com\/tienda\/wp-content\/uploads\/Pendientes-bolitas-de-cristal-Marrones-y-plata-de-ley-3-555x555.jpg 555w, https:\/\/dicopebisuteria.com\/tienda\/wp-content\/uploads\/Pendientes-bolitas-de-cristal-Marrones-y-plata-de-ley-3-300x300.jpg 300w, https:\/\/dicopebisuteria.com\/tienda\/wp-content\/uploads\/Pendientes-bolitas-de-cristal-Marrones-y-plata-de-ley-3-1024x1024.jpg 1024w, https:\/\/dicopebisuteria.com\/tienda\/wp-content\/uploads\/Pendientes-bolitas-de-cristal-Marrones-y-plata-de-ley-3-150x150.jpg 150w, https:\/\/dicopebisuteria.com\/tienda\/wp-content\/uploads\/Pendientes-bolitas-de-cristal-Marrones-y-plata-de-ley-3-768x768.jpg 768w, https:\/\/dicopebisuteria.com\/tienda\/wp-content\/uploads\/Pendientes-bolitas-de-cristal-Marrones-y-plata-de-ley-3-720x720.jpg 720w, https:\/\/dicopebisuteria.com\/tienda\/wp-content\/uploads\/Pendientes-bolitas-de-cristal-Marrones-y-plata-de-ley-3-100x100.jpg 100w, https:\/\/dicopebisuteria.com\/tienda\/wp-content\/uploads\/Pendientes-bolitas-de-cristal-Marrones-y-plata-de-ley-3-10x10.jpg 10w, https:\/\/dicopebisuteria.com\/tienda\/wp-content\/uploads\/Pendientes-bolitas-de-cristal-Marrones-y-plata-de-ley-3.jpg 1200w\" sizes=\"(max-width: 555px) 100vw, 555px\" \/>                        <\/a>\n\t\t\t\t\t\t\t\t\t<\/div>\n\n\t\t\t\t\n\t\t\t\t\t<div class=\"text-center product-details\">\t\t\t\t\t\t\t<h2 class=\"product-title\">\n\t\t\t\t\t\t\t\t<a href=\"https:\/\/dicopebisuteria.com\/tienda\/producto\/pendientes-bolitas-de-cristal-marrones-y-plata-de-ley\/\">Pendientes bolitas de cristal Marrones y plata de ley<\/a>\n                            <\/h2>\n\t\t\t\t\t\t\n\t<span class=\"price\"><span class=\"woocommerce-Price-amount amount\"><bdi>21,00<span class=\"woocommerce-Price-currencySymbol\">&euro;<\/span><\/bdi><\/span><\/span>\n\n\t\t\t\t\t\t<\/a><a href=\"\/tienda\/wp-json\/wp\/v2\/pages\/7452?add-to-cart=8652\" aria-describedby=\"woocommerce_loop_add_to_cart_link_describedby_8652\" data-quantity=\"1\" class=\"button product_type_simple add_to_cart_button ajax_add_to_cart\" data-product_id=\"8652\" data-product_sku=\"\" aria-label=\"A\u00f1adir al carrito: &ldquo;Pendientes bolitas de cristal Marrones y plata de ley&rdquo;\" rel=\"nofollow\" data-success_message=\"\u00abPendientes bolitas de cristal Marrones y plata de ley\u00bb se ha a\u00f1adido a tu carrito\" data-product_name=\"Pendientes bolitas de cristal Marrones y plata de ley\" role=\"button\">A\u00f1adir al carrito<\/a>\t<span id=\"woocommerce_loop_add_to_cart_link_describedby_8652\" class=\"screen-reader-text\">\n\t\t\t<\/span>\n\n                        \n                                        <\/div>\n\t\t\t\t\t\t\t\t\t         \t\t<\/div><!-- .content-product -->\n\t<\/div>\n\n \t<div class=\"wishlist-disabled col-md-3 col-sm-6 col-xs-6 product-hover-swap product-view-disable view-color-dark et_cart-on hide-hover-on-mobile product type-product post-8627 status-publish last instock product_cat-brilla product_cat-pulseras product_cat-pulseras-brilla product_cat-pulseras-plata has-post-thumbnail shipping-taxable purchasable product-type-variable\">\n        \t\t<div class=\"content-product \">\n\t\t\t\n\t\t\t\n\t\t\t\t<div class=\"product-image-wrapper hover-effect-swap\"\n                    >\n\n\t\t\t\t\t\t\t\t\t\t<p class=\"stock in-stock\">3 disponibles<\/p>                        <a class=\"product-content-image woocommerce-LoopProduct-link woocommerce-loop-product__link\" href=\"https:\/\/dicopebisuteria.com\/tienda\/producto\/pulsera-blanca-y-dorada-con-mini-piramides-oro-de-24kt-y-plata-de-ley\/\"\n                           data-images=\"\"\n                        >\n                            <div class=\"image-swap\"><img decoding=\"async\" width=\"555\" height=\"555\" src=\"https:\/\/dicopebisuteria.com\/tienda\/wp-content\/uploads\/xstore\/xstore-placeholder-10x10.png\" data-src=\"https:\/\/dicopebisuteria.com\/tienda\/wp-content\/uploads\/dicope-jewelry-1018-1-555x555.jpg\" class=\" lazyload lazyload-simple et-lazyload-fadeIn\" alt=\"\" src=\"https:\/\/dicopebisuteria.com\/tienda\/wp-content\/uploads\/xstore\/xstore-placeholder-10x10.png\" data-srcset=\"https:\/\/dicopebisuteria.com\/tienda\/wp-content\/uploads\/dicope-jewelry-1018-1-555x555.jpg 555w, https:\/\/dicopebisuteria.com\/tienda\/wp-content\/uploads\/dicope-jewelry-1018-1-300x300.jpg 300w, https:\/\/dicopebisuteria.com\/tienda\/wp-content\/uploads\/dicope-jewelry-1018-1-1024x1024.jpg 1024w, https:\/\/dicopebisuteria.com\/tienda\/wp-content\/uploads\/dicope-jewelry-1018-1-150x150.jpg 150w, https:\/\/dicopebisuteria.com\/tienda\/wp-content\/uploads\/dicope-jewelry-1018-1-768x768.jpg 768w, https:\/\/dicopebisuteria.com\/tienda\/wp-content\/uploads\/dicope-jewelry-1018-1-720x720.jpg 720w, https:\/\/dicopebisuteria.com\/tienda\/wp-content\/uploads\/dicope-jewelry-1018-1-100x100.jpg 100w, https:\/\/dicopebisuteria.com\/tienda\/wp-content\/uploads\/dicope-jewelry-1018-1-10x10.jpg 10w, https:\/\/dicopebisuteria.com\/tienda\/wp-content\/uploads\/dicope-jewelry-1018-1.jpg 1200w\" data-sizes=\"(max-width: 555px) 100vw, 555px\" \/><\/div><img decoding=\"async\" width=\"555\" height=\"555\" src=\"https:\/\/dicopebisuteria.com\/tienda\/wp-content\/uploads\/Pulsera-Blanca-y-Dorada-con-mini-piramides-Oro-de-24kt-y-plata-de-ley-555x555.jpg\" class=\"attachment-woocommerce_thumbnail size-woocommerce_thumbnail\" alt=\"Pulsera Blanca y Dorada con mini piramides Oro de 24kt y plata de ley\" srcset=\"https:\/\/dicopebisuteria.com\/tienda\/wp-content\/uploads\/Pulsera-Blanca-y-Dorada-con-mini-piramides-Oro-de-24kt-y-plata-de-ley-555x555.jpg 555w, https:\/\/dicopebisuteria.com\/tienda\/wp-content\/uploads\/Pulsera-Blanca-y-Dorada-con-mini-piramides-Oro-de-24kt-y-plata-de-ley-300x300.jpg 300w, https:\/\/dicopebisuteria.com\/tienda\/wp-content\/uploads\/Pulsera-Blanca-y-Dorada-con-mini-piramides-Oro-de-24kt-y-plata-de-ley-1024x1024.jpg 1024w, https:\/\/dicopebisuteria.com\/tienda\/wp-content\/uploads\/Pulsera-Blanca-y-Dorada-con-mini-piramides-Oro-de-24kt-y-plata-de-ley-150x150.jpg 150w, https:\/\/dicopebisuteria.com\/tienda\/wp-content\/uploads\/Pulsera-Blanca-y-Dorada-con-mini-piramides-Oro-de-24kt-y-plata-de-ley-768x768.jpg 768w, https:\/\/dicopebisuteria.com\/tienda\/wp-content\/uploads\/Pulsera-Blanca-y-Dorada-con-mini-piramides-Oro-de-24kt-y-plata-de-ley-720x720.jpg 720w, https:\/\/dicopebisuteria.com\/tienda\/wp-content\/uploads\/Pulsera-Blanca-y-Dorada-con-mini-piramides-Oro-de-24kt-y-plata-de-ley-100x100.jpg 100w, https:\/\/dicopebisuteria.com\/tienda\/wp-content\/uploads\/Pulsera-Blanca-y-Dorada-con-mini-piramides-Oro-de-24kt-y-plata-de-ley-10x10.jpg 10w, https:\/\/dicopebisuteria.com\/tienda\/wp-content\/uploads\/Pulsera-Blanca-y-Dorada-con-mini-piramides-Oro-de-24kt-y-plata-de-ley.jpg 1200w\" sizes=\"(max-width: 555px) 100vw, 555px\" \/>                        <\/a>\n\t\t\t\t\t\t\t\t\t<\/div>\n\n\t\t\t\t\n\t\t\t\t\t<div class=\"text-center product-details\">\t\t\t\t\t\t\t<h2 class=\"product-title\">\n\t\t\t\t\t\t\t\t<a href=\"https:\/\/dicopebisuteria.com\/tienda\/producto\/pulsera-blanca-y-dorada-con-mini-piramides-oro-de-24kt-y-plata-de-ley\/\">Pulsera Blanca y Dorada con mini piramides Oro de 24kt y plata de ley<\/a>\n                            <\/h2>\n\t\t\t\t\t\t\n\t<span class=\"price\"><span class=\"woocommerce-Price-amount amount\"><bdi>39,00<span class=\"woocommerce-Price-currencySymbol\">&euro;<\/span><\/bdi><\/span><\/span>\n\n\t\t\t\t\t\t<\/a><a href=\"https:\/\/dicopebisuteria.com\/tienda\/producto\/pulsera-blanca-y-dorada-con-mini-piramides-oro-de-24kt-y-plata-de-ley\/\" aria-describedby=\"woocommerce_loop_add_to_cart_link_describedby_8627\" data-quantity=\"1\" class=\"button product_type_variable add_to_cart_button\" data-product_id=\"8627\" data-product_sku=\"\" aria-label=\"Elige las opciones para &ldquo;Pulsera Blanca y Dorada con mini piramides Oro de 24kt y plata de ley&rdquo;\" rel=\"nofollow\" data-product_name=\"Pulsera Blanca y Dorada con mini piramides Oro de 24kt y plata de ley\">Seleccionar opciones<\/a>\t<span id=\"woocommerce_loop_add_to_cart_link_describedby_8627\" class=\"screen-reader-text\">\n\t\tEste producto tiene m\u00faltiples variantes. Las opciones se pueden elegir en la p\u00e1gina de producto\t<\/span>\n\n                        \n                                        <\/div>\n\t\t\t\t\t\t\t\t\t         \t\t<\/div><!-- .content-product -->\n\t<\/div>\n\n \t<div class=\"first grid-sizer wishlist-disabled col-md-3 col-sm-6 col-xs-6 product-hover-swap product-view-disable view-color-dark et_cart-on hide-hover-on-mobile product type-product post-8648 status-publish instock product_cat-mascarada-en-venecia product_cat-pendientes product_cat-pendientes-boho has-post-thumbnail shipping-taxable purchasable product-type-simple\">\n        \t\t<div class=\"content-product \">\n\t\t\t\n\t\t\t\n\t\t\t\t<div class=\"product-image-wrapper hover-effect-swap\"\n                    >\n\n\t\t\t\t\t\t\t\t\t\t<p class=\"stock in-stock\">1 disponibles<\/p>                        <a class=\"product-content-image woocommerce-LoopProduct-link woocommerce-loop-product__link\" href=\"https:\/\/dicopebisuteria.com\/tienda\/producto\/pendientes-corazon-de-cristal-de-murano-lila-tanzanite\/\"\n                           data-images=\"\"\n                        >\n                            <div class=\"image-swap\"><img decoding=\"async\" width=\"555\" height=\"555\" src=\"https:\/\/dicopebisuteria.com\/tienda\/wp-content\/uploads\/xstore\/xstore-placeholder-10x10.png\" data-src=\"https:\/\/dicopebisuteria.com\/tienda\/wp-content\/uploads\/Pendientes-Corazon-de-cristal-de-murano-Lila-tanzanite-1-555x555.jpg\" class=\" lazyload lazyload-simple et-lazyload-fadeIn\" alt=\"\" src=\"https:\/\/dicopebisuteria.com\/tienda\/wp-content\/uploads\/xstore\/xstore-placeholder-10x10.png\" data-srcset=\"https:\/\/dicopebisuteria.com\/tienda\/wp-content\/uploads\/Pendientes-Corazon-de-cristal-de-murano-Lila-tanzanite-1-555x555.jpg 555w, https:\/\/dicopebisuteria.com\/tienda\/wp-content\/uploads\/Pendientes-Corazon-de-cristal-de-murano-Lila-tanzanite-1-300x300.jpg 300w, https:\/\/dicopebisuteria.com\/tienda\/wp-content\/uploads\/Pendientes-Corazon-de-cristal-de-murano-Lila-tanzanite-1-1024x1024.jpg 1024w, https:\/\/dicopebisuteria.com\/tienda\/wp-content\/uploads\/Pendientes-Corazon-de-cristal-de-murano-Lila-tanzanite-1-150x150.jpg 150w, https:\/\/dicopebisuteria.com\/tienda\/wp-content\/uploads\/Pendientes-Corazon-de-cristal-de-murano-Lila-tanzanite-1-768x768.jpg 768w, https:\/\/dicopebisuteria.com\/tienda\/wp-content\/uploads\/Pendientes-Corazon-de-cristal-de-murano-Lila-tanzanite-1-720x720.jpg 720w, https:\/\/dicopebisuteria.com\/tienda\/wp-content\/uploads\/Pendientes-Corazon-de-cristal-de-murano-Lila-tanzanite-1-100x100.jpg 100w, https:\/\/dicopebisuteria.com\/tienda\/wp-content\/uploads\/Pendientes-Corazon-de-cristal-de-murano-Lila-tanzanite-1-10x10.jpg 10w, https:\/\/dicopebisuteria.com\/tienda\/wp-content\/uploads\/Pendientes-Corazon-de-cristal-de-murano-Lila-tanzanite-1.jpg 1200w\" data-sizes=\"(max-width: 555px) 100vw, 555px\" \/><\/div><img decoding=\"async\" width=\"555\" height=\"555\" src=\"https:\/\/dicopebisuteria.com\/tienda\/wp-content\/uploads\/Pendientes-Corazon-de-cristal-de-murano-Lila-tanzanite-2-555x555.jpg\" class=\"attachment-woocommerce_thumbnail size-woocommerce_thumbnail\" alt=\"Pendientes Corazon de cristal de murano Lila tanzanite\" srcset=\"https:\/\/dicopebisuteria.com\/tienda\/wp-content\/uploads\/Pendientes-Corazon-de-cristal-de-murano-Lila-tanzanite-2-555x555.jpg 555w, https:\/\/dicopebisuteria.com\/tienda\/wp-content\/uploads\/Pendientes-Corazon-de-cristal-de-murano-Lila-tanzanite-2-300x300.jpg 300w, https:\/\/dicopebisuteria.com\/tienda\/wp-content\/uploads\/Pendientes-Corazon-de-cristal-de-murano-Lila-tanzanite-2-1024x1024.jpg 1024w, https:\/\/dicopebisuteria.com\/tienda\/wp-content\/uploads\/Pendientes-Corazon-de-cristal-de-murano-Lila-tanzanite-2-150x150.jpg 150w, https:\/\/dicopebisuteria.com\/tienda\/wp-content\/uploads\/Pendientes-Corazon-de-cristal-de-murano-Lila-tanzanite-2-768x768.jpg 768w, https:\/\/dicopebisuteria.com\/tienda\/wp-content\/uploads\/Pendientes-Corazon-de-cristal-de-murano-Lila-tanzanite-2-720x720.jpg 720w, https:\/\/dicopebisuteria.com\/tienda\/wp-content\/uploads\/Pendientes-Corazon-de-cristal-de-murano-Lila-tanzanite-2-100x100.jpg 100w, https:\/\/dicopebisuteria.com\/tienda\/wp-content\/uploads\/Pendientes-Corazon-de-cristal-de-murano-Lila-tanzanite-2-10x10.jpg 10w, https:\/\/dicopebisuteria.com\/tienda\/wp-content\/uploads\/Pendientes-Corazon-de-cristal-de-murano-Lila-tanzanite-2.jpg 1200w\" sizes=\"(max-width: 555px) 100vw, 555px\" \/>                        <\/a>\n\t\t\t\t\t\t\t\t\t<\/div>\n\n\t\t\t\t\n\t\t\t\t\t<div class=\"text-center product-details\">\t\t\t\t\t\t\t<h2 class=\"product-title\">\n\t\t\t\t\t\t\t\t<a href=\"https:\/\/dicopebisuteria.com\/tienda\/producto\/pendientes-corazon-de-cristal-de-murano-lila-tanzanite\/\">Pendientes Corazon de cristal de murano Lila tanzanite<\/a>\n                            <\/h2>\n\t\t\t\t\t\t\n\t<span class=\"price\"><span class=\"woocommerce-Price-amount amount\"><bdi>12,00<span class=\"woocommerce-Price-currencySymbol\">&euro;<\/span><\/bdi><\/span><\/span>\n\n\t\t\t\t\t\t<\/a><a href=\"\/tienda\/wp-json\/wp\/v2\/pages\/7452?add-to-cart=8648\" aria-describedby=\"woocommerce_loop_add_to_cart_link_describedby_8648\" data-quantity=\"1\" class=\"button product_type_simple add_to_cart_button ajax_add_to_cart\" data-product_id=\"8648\" data-product_sku=\"\" aria-label=\"A\u00f1adir al carrito: &ldquo;Pendientes Corazon de cristal de murano Lila tanzanite&rdquo;\" rel=\"nofollow\" data-success_message=\"\u00abPendientes Corazon de cristal de murano Lila tanzanite\u00bb se ha a\u00f1adido a tu carrito\" data-product_name=\"Pendientes Corazon de cristal de murano Lila tanzanite\" role=\"button\">A\u00f1adir al carrito<\/a>\t<span id=\"woocommerce_loop_add_to_cart_link_describedby_8648\" class=\"screen-reader-text\">\n\t\t\t<\/span>\n\n                        \n                                        <\/div>\n\t\t\t\t\t\t\t\t\t         \t\t<\/div><!-- .content-product -->\n\t<\/div>\n\n \t<div class=\"wishlist-disabled col-md-3 col-sm-6 col-xs-6 product-hover-swap product-view-disable view-color-dark et_cart-on hide-hover-on-mobile product type-product post-8639 status-publish last instock product_cat-brilla product_cat-palabras product_cat-pulseras product_cat-pulseras-brilla product_cat-pulseras-plata has-post-thumbnail shipping-taxable purchasable product-type-variable\">\n        \t\t<div class=\"content-product \">\n\t\t\t\n\t\t\t\n\t\t\t\t<div class=\"product-image-wrapper hover-effect-swap\"\n                    >\n\n\t\t\t\t\t\t\t\t\t\t<p class=\"stock in-stock\">1 disponibles<\/p>                        <a class=\"product-content-image woocommerce-LoopProduct-link woocommerce-loop-product__link\" href=\"https:\/\/dicopebisuteria.com\/tienda\/producto\/pulsera-con-semipreciosas-de-amazonita-y-bolitas-doradas\/\"\n                           data-images=\"\"\n                        >\n                            <div class=\"image-swap\"><img decoding=\"async\" width=\"555\" height=\"555\" src=\"https:\/\/dicopebisuteria.com\/tienda\/wp-content\/uploads\/xstore\/xstore-placeholder-10x10.png\" data-src=\"https:\/\/dicopebisuteria.com\/tienda\/wp-content\/uploads\/Pulsera-con-Semipreciosas-de-Amazonita-y-bolitas-doradas-3-555x555.jpg\" class=\" lazyload lazyload-simple et-lazyload-fadeIn\" alt=\"\" src=\"https:\/\/dicopebisuteria.com\/tienda\/wp-content\/uploads\/xstore\/xstore-placeholder-10x10.png\" data-srcset=\"https:\/\/dicopebisuteria.com\/tienda\/wp-content\/uploads\/Pulsera-con-Semipreciosas-de-Amazonita-y-bolitas-doradas-3-555x555.jpg 555w, https:\/\/dicopebisuteria.com\/tienda\/wp-content\/uploads\/Pulsera-con-Semipreciosas-de-Amazonita-y-bolitas-doradas-3-300x300.jpg 300w, https:\/\/dicopebisuteria.com\/tienda\/wp-content\/uploads\/Pulsera-con-Semipreciosas-de-Amazonita-y-bolitas-doradas-3-1024x1024.jpg 1024w, https:\/\/dicopebisuteria.com\/tienda\/wp-content\/uploads\/Pulsera-con-Semipreciosas-de-Amazonita-y-bolitas-doradas-3-150x150.jpg 150w, https:\/\/dicopebisuteria.com\/tienda\/wp-content\/uploads\/Pulsera-con-Semipreciosas-de-Amazonita-y-bolitas-doradas-3-768x768.jpg 768w, https:\/\/dicopebisuteria.com\/tienda\/wp-content\/uploads\/Pulsera-con-Semipreciosas-de-Amazonita-y-bolitas-doradas-3-720x720.jpg 720w, https:\/\/dicopebisuteria.com\/tienda\/wp-content\/uploads\/Pulsera-con-Semipreciosas-de-Amazonita-y-bolitas-doradas-3-100x100.jpg 100w, https:\/\/dicopebisuteria.com\/tienda\/wp-content\/uploads\/Pulsera-con-Semipreciosas-de-Amazonita-y-bolitas-doradas-3-10x10.jpg 10w, https:\/\/dicopebisuteria.com\/tienda\/wp-content\/uploads\/Pulsera-con-Semipreciosas-de-Amazonita-y-bolitas-doradas-3.jpg 1200w\" data-sizes=\"(max-width: 555px) 100vw, 555px\" \/><\/div><img decoding=\"async\" width=\"555\" height=\"555\" src=\"https:\/\/dicopebisuteria.com\/tienda\/wp-content\/uploads\/Pulsera-con-Semipreciosas-de-Amazonita-y-bolitas-doradas-2-555x555.jpg\" class=\"attachment-woocommerce_thumbnail size-woocommerce_thumbnail\" alt=\"Pulsera con Semipreciosas de Amazonita y bolitas doradas\" srcset=\"https:\/\/dicopebisuteria.com\/tienda\/wp-content\/uploads\/Pulsera-con-Semipreciosas-de-Amazonita-y-bolitas-doradas-2-555x555.jpg 555w, https:\/\/dicopebisuteria.com\/tienda\/wp-content\/uploads\/Pulsera-con-Semipreciosas-de-Amazonita-y-bolitas-doradas-2-300x300.jpg 300w, https:\/\/dicopebisuteria.com\/tienda\/wp-content\/uploads\/Pulsera-con-Semipreciosas-de-Amazonita-y-bolitas-doradas-2-1024x1024.jpg 1024w, https:\/\/dicopebisuteria.com\/tienda\/wp-content\/uploads\/Pulsera-con-Semipreciosas-de-Amazonita-y-bolitas-doradas-2-150x150.jpg 150w, https:\/\/dicopebisuteria.com\/tienda\/wp-content\/uploads\/Pulsera-con-Semipreciosas-de-Amazonita-y-bolitas-doradas-2-768x768.jpg 768w, https:\/\/dicopebisuteria.com\/tienda\/wp-content\/uploads\/Pulsera-con-Semipreciosas-de-Amazonita-y-bolitas-doradas-2-720x720.jpg 720w, https:\/\/dicopebisuteria.com\/tienda\/wp-content\/uploads\/Pulsera-con-Semipreciosas-de-Amazonita-y-bolitas-doradas-2-100x100.jpg 100w, https:\/\/dicopebisuteria.com\/tienda\/wp-content\/uploads\/Pulsera-con-Semipreciosas-de-Amazonita-y-bolitas-doradas-2-10x10.jpg 10w, https:\/\/dicopebisuteria.com\/tienda\/wp-content\/uploads\/Pulsera-con-Semipreciosas-de-Amazonita-y-bolitas-doradas-2.jpg 1200w\" sizes=\"(max-width: 555px) 100vw, 555px\" \/>                        <\/a>\n\t\t\t\t\t\t\t\t\t<\/div>\n\n\t\t\t\t\n\t\t\t\t\t<div class=\"text-center product-details\">\t\t\t\t\t\t\t<h2 class=\"product-title\">\n\t\t\t\t\t\t\t\t<a href=\"https:\/\/dicopebisuteria.com\/tienda\/producto\/pulsera-con-semipreciosas-de-amazonita-y-bolitas-doradas\/\">Pulsera con Semipreciosas de Amazonita y bolitas doradas<\/a>\n                            <\/h2>\n\t\t\t\t\t\t\n\t<span class=\"price\"><span class=\"woocommerce-Price-amount amount\"><bdi>59,00<span class=\"woocommerce-Price-currencySymbol\">&euro;<\/span><\/bdi><\/span><\/span>\n\n\t\t\t\t\t\t<\/a><a href=\"https:\/\/dicopebisuteria.com\/tienda\/producto\/pulsera-con-semipreciosas-de-amazonita-y-bolitas-doradas\/\" aria-describedby=\"woocommerce_loop_add_to_cart_link_describedby_8639\" data-quantity=\"1\" class=\"button product_type_variable add_to_cart_button\" data-product_id=\"8639\" data-product_sku=\"\" aria-label=\"Elige las opciones para &ldquo;Pulsera con Semipreciosas de Amazonita y bolitas doradas&rdquo;\" rel=\"nofollow\" data-product_name=\"Pulsera con Semipreciosas de Amazonita y bolitas doradas\">Seleccionar opciones<\/a>\t<span id=\"woocommerce_loop_add_to_cart_link_describedby_8639\" class=\"screen-reader-text\">\n\t\tEste producto tiene m\u00faltiples variantes. Las opciones se pueden elegir en la p\u00e1gina de producto\t<\/span>\n\n                        \n                                        <\/div>\n\t\t\t\t\t\t\t\t\t         \t\t<\/div><!-- .content-product -->\n\t<\/div>\n\n<\/div> <!-- .row --><\/div>","protected":false},"excerpt":{"rendered":"<p>\u00a0 GASTOS DE ENVIO \u00a0 TU PEDIDO SE ENVIA CON CORREO CERTIFICADO CON NUMERO DE SEGUIMIENTO! ENVIOS DESDE BARCELONA , ESPA\u00d1A \u00a0 correo certificado (&#8230;<\/p>\n","protected":false},"author":1,"featured_media":0,"parent":0,"menu_order":0,"comment_status":"closed","ping_status":"closed","template":"","meta":{"footnotes":""},"class_list":["post-7452","page","type-page","status-publish","hentry"],"_links":{"self":[{"href":"https:\/\/dicopebisuteria.com\/tienda\/wp-json\/wp\/v2\/pages\/7452","targetHints":{"allow":["GET"]}}],"collection":[{"href":"https:\/\/dicopebisuteria.com\/tienda\/wp-json\/wp\/v2\/pages"}],"about":[{"href":"https:\/\/dicopebisuteria.com\/tienda\/wp-json\/wp\/v2\/types\/page"}],"author":[{"embeddable":true,"href":"https:\/\/dicopebisuteria.com\/tienda\/wp-json\/wp\/v2\/users\/1"}],"replies":[{"embeddable":true,"href":"https:\/\/dicopebisuteria.com\/tienda\/wp-json\/wp\/v2\/comments?post=7452"}],"version-history":[{"count":9,"href":"https:\/\/dicopebisuteria.com\/tienda\/wp-json\/wp\/v2\/pages\/7452\/revisions"}],"predecessor-version":[{"id":8476,"href":"https:\/\/dicopebisuteria.com\/tienda\/wp-json\/wp\/v2\/pages\/7452\/revisions\/8476"}],"wp:attachment":[{"href":"https:\/\/dicopebisuteria.com\/tienda\/wp-json\/wp\/v2\/media?parent=7452"}],"curies":[{"name":"wp","href":"https:\/\/api.w.org\/{rel}","templated":true}]}}