{"id":6299,"date":"2017-07-24T09:51:54","date_gmt":"2017-07-24T09:51:54","guid":{"rendered":"http:\/\/dicopebisuteria.com\/tienda\/?page_id=6299"},"modified":"2021-05-04T10:35:07","modified_gmt":"2021-05-04T10:35:07","slug":"playas-de-ensueno","status":"publish","type":"page","link":"https:\/\/dicopebisuteria.com\/tienda\/playas-de-ensueno\/","title":{"rendered":"PLAYAS DE ENSUE\u00d1O"},"content":{"rendered":"<p>[vc_row 0=\u00bb\u00bb][vc_column 0=\u00bb\u00bb][vc_custom_heading text=\u00bbTe encanta viajar! Pero no siempre puedes hacerlo! Este a\u00f1o te propongo viajar por las playas mas paradisiacas del mundo con mi nueva colecci\u00f3n de joyitas inspiradas en playas de ensue\u00f1o! Creadas con abalorios de cristal , swarovski y piedras semipreciosas son perfectas para lucir todo el a\u00f1o!\u00bb font_container=\u00bbtag:p|font_size:18|text_align:center\u00bb google_fonts=\u00bbfont_family:Merienda%3Aregular%2C700|font_style:400%20regular%3A400%3Anormal\u00bb][\/vc_column][\/vc_row][vc_row 0=\u00bb\u00bb][vc_column 0=\u00bb\u00bb][vc_gallery type=\u00bbimage_grid\u00bb images=\u00bb6303,6306,6304,6305,6307&#8243; img_size=\u00bb370 \u00d7 280&#8243; onclick=\u00bbcustom_link\u00bb custom_links=\u00bb#E-8_aHR0cCUzQSUyRiUyRmRpY29wZWJpc3V0ZXJpYS5jb20lMkZ0aWVuZGElMkZjYXRlZ29yaWEtcHJvZHVjdG8lMkZwbGF5YXMtZGUtZW5zdWVuby1hbmlsbG9zJTJGJTJDaHR0cCUzQSUyRiUyRmRpY29wZWJpc3V0ZXJpYS5jb20lMkZ0aWVuZGElMkZjYXRlZ29yaWEtcHJvZHVjdG8lMkZwbGF5YXMtZGUtZW5zdWVuby1wdWxzZXJhcyUyRiUyQ2h0dHAlM0ElMkYlMkZkaWNvcGViaXN1dGVyaWEuY29tJTJGdGllbmRhJTJGY2F0ZWdvcmlhLXByb2R1Y3RvJTJGcGxheWFzLWRlLWVuc3Vlbm8tY29sbGFyZXMlMkYlMkNodHRwJTNBJTJGJTJGZGljb3BlYmlzdXRlcmlhLmNvbSUyRnRpZW5kYSUyRmNhdGVnb3JpYS1wcm9kdWN0byUyRnBsYXlhcy1kZS1lbnN1ZW5vLXBlbmRpZW50ZXMlMkYlMkNodHRwJTNBJTJGJTJGZGljb3BlYmlzdXRlcmlhLmNvbSUyRnRpZW5kYSUyRmNhdGVnb3JpYS1wcm9kdWN0byUyRnBsYXlhcy1kZS1lbnN1ZW5vJTJG\u00bb][\/vc_column][\/vc_row][vc_row][vc_column][vc_single_image image=\u00bb7096&#8243; img_size=\u00bbfull\u00bb alignment=\u00bbcenter\u00bb title=\u00bb@gadorvision con collares y pulseritas de la nueva coleccion\u00bb]<div class=\"woocommerce columns-4 \">        <link rel=\"stylesheet\" href=\"https:\/\/dicopebisuteria.com\/tienda\/wp-content\/themes\/xstore\/css\/modules\/woocommerce\/archive.min.css?ver=0.0.1\" type=\"text\/css\" media=\"all\" \/> \t\t<div class=\"row products products-loop products-grid row-count-4\" data-row-count=\"4\">\n\n \t<div class=\"first grid-sizer wishlist-disabled col-md-3 col-sm-6 col-xs-6 product-hover-swap product-view-disable view-color-dark et_cart-on hide-hover-on-mobile product type-product post-6228 status-publish instock product_cat-anillos product_cat-playas-de-ensueno product_cat-playas-de-ensueno-anillos has-post-thumbnail shipping-taxable purchasable product-type-simple\">\n        \t\t<div class=\"content-product \">\n\t\t\t\n\t\t\t\n\t\t\t\t<div class=\"product-image-wrapper hover-effect-swap\"\n                    >\n\n\t\t\t\t\t\t\t\t\t\t<p class=\"stock in-stock\">1 disponibles<\/p>                        <a class=\"product-content-image woocommerce-LoopProduct-link woocommerce-loop-product__link\" href=\"https:\/\/dicopebisuteria.com\/tienda\/producto\/anillo-swarovski-con-reflejos-del-mar-turquesa\/\"\n                           data-images=\"\"\n                        >\n                            <div class=\"image-swap\"><img decoding=\"async\" width=\"555\" height=\"555\" src=\"https:\/\/dicopebisuteria.com\/tienda\/wp-content\/uploads\/xstore\/xstore-placeholder-10x10.png\" data-src=\"https:\/\/dicopebisuteria.com\/tienda\/wp-content\/uploads\/dreamy-beach-bracelets-jewelry-028-555x555.jpg\" class=\" lazyload lazyload-simple et-lazyload-fadeIn\" alt=\"\" src=\"https:\/\/dicopebisuteria.com\/tienda\/wp-content\/uploads\/xstore\/xstore-placeholder-10x10.png\" data-srcset=\"https:\/\/dicopebisuteria.com\/tienda\/wp-content\/uploads\/dreamy-beach-bracelets-jewelry-028-555x555.jpg 555w, https:\/\/dicopebisuteria.com\/tienda\/wp-content\/uploads\/dreamy-beach-bracelets-jewelry-028-100x100.jpg 100w, https:\/\/dicopebisuteria.com\/tienda\/wp-content\/uploads\/dreamy-beach-bracelets-jewelry-028-720x720.jpg 720w, https:\/\/dicopebisuteria.com\/tienda\/wp-content\/uploads\/dreamy-beach-bracelets-jewelry-028-150x150.jpg 150w, https:\/\/dicopebisuteria.com\/tienda\/wp-content\/uploads\/dreamy-beach-bracelets-jewelry-028-300x300.jpg 300w, https:\/\/dicopebisuteria.com\/tienda\/wp-content\/uploads\/dreamy-beach-bracelets-jewelry-028-768x768.jpg 768w, https:\/\/dicopebisuteria.com\/tienda\/wp-content\/uploads\/dreamy-beach-bracelets-jewelry-028-1024x1024.jpg 1024w, https:\/\/dicopebisuteria.com\/tienda\/wp-content\/uploads\/dreamy-beach-bracelets-jewelry-028-600x600.jpg 600w, https:\/\/dicopebisuteria.com\/tienda\/wp-content\/uploads\/dreamy-beach-bracelets-jewelry-028.jpg 1200w\" data-sizes=\"(max-width: 555px) 100vw, 555px\" \/><\/div><img decoding=\"async\" width=\"555\" height=\"555\" src=\"https:\/\/dicopebisuteria.com\/tienda\/wp-content\/uploads\/Anillo-Swarovski-con-reflejos-del-mar-Turquesa-2-555x555.jpg\" class=\"attachment-woocommerce_thumbnail size-woocommerce_thumbnail\" alt=\"Anillo Swarovski con reflejos del mar Turquesa\" srcset=\"https:\/\/dicopebisuteria.com\/tienda\/wp-content\/uploads\/Anillo-Swarovski-con-reflejos-del-mar-Turquesa-2-555x555.jpg 555w, https:\/\/dicopebisuteria.com\/tienda\/wp-content\/uploads\/Anillo-Swarovski-con-reflejos-del-mar-Turquesa-2-100x100.jpg 100w, https:\/\/dicopebisuteria.com\/tienda\/wp-content\/uploads\/Anillo-Swarovski-con-reflejos-del-mar-Turquesa-2-720x720.jpg 720w, https:\/\/dicopebisuteria.com\/tienda\/wp-content\/uploads\/Anillo-Swarovski-con-reflejos-del-mar-Turquesa-2-150x150.jpg 150w, https:\/\/dicopebisuteria.com\/tienda\/wp-content\/uploads\/Anillo-Swarovski-con-reflejos-del-mar-Turquesa-2-300x300.jpg 300w, https:\/\/dicopebisuteria.com\/tienda\/wp-content\/uploads\/Anillo-Swarovski-con-reflejos-del-mar-Turquesa-2-768x768.jpg 768w, https:\/\/dicopebisuteria.com\/tienda\/wp-content\/uploads\/Anillo-Swarovski-con-reflejos-del-mar-Turquesa-2-1024x1024.jpg 1024w, https:\/\/dicopebisuteria.com\/tienda\/wp-content\/uploads\/Anillo-Swarovski-con-reflejos-del-mar-Turquesa-2-600x600.jpg 600w, https:\/\/dicopebisuteria.com\/tienda\/wp-content\/uploads\/Anillo-Swarovski-con-reflejos-del-mar-Turquesa-2.jpg 1200w\" sizes=\"(max-width: 555px) 100vw, 555px\" \/>                        <\/a>\n\t\t\t\t\t\t\t\t\t<\/div>\n\n\t\t\t\t\n\t\t\t\t\t<div class=\"text-center product-details\">\t\t\t\t\t\t\t<h2 class=\"product-title\">\n\t\t\t\t\t\t\t\t<a href=\"https:\/\/dicopebisuteria.com\/tienda\/producto\/anillo-swarovski-con-reflejos-del-mar-turquesa\/\">Anillo Swarovski con reflejos del mar Turquesa<\/a>\n                            <\/h2>\n\t\t\t\t\t\t\n\t<span class=\"price\"><span class=\"woocommerce-Price-amount amount\"><bdi>22,00<span class=\"woocommerce-Price-currencySymbol\">&euro;<\/span><\/bdi><\/span><\/span>\n\n\t\t\t\t\t\t<\/a><a href=\"\/tienda\/wp-json\/wp\/v2\/pages\/6299?add-to-cart=6228\" aria-describedby=\"woocommerce_loop_add_to_cart_link_describedby_6228\" data-quantity=\"1\" class=\"button product_type_simple add_to_cart_button ajax_add_to_cart\" data-product_id=\"6228\" data-product_sku=\"\" aria-label=\"A\u00f1adir al carrito: &ldquo;Anillo Swarovski con reflejos del mar Turquesa&rdquo;\" rel=\"nofollow\" data-success_message=\"\u00abAnillo Swarovski con reflejos del mar Turquesa\u00bb se ha a\u00f1adido a tu carrito\" data-product_name=\"Anillo Swarovski con reflejos del mar Turquesa\" role=\"button\">A\u00f1adir al carrito<\/a>\t<span id=\"woocommerce_loop_add_to_cart_link_describedby_6228\" class=\"screen-reader-text\">\n\t\t\t<\/span>\n\n                        \n                                        <\/div>\n\t\t\t\t\t\t\t\t\t         \t\t<\/div><!-- .content-product -->\n\t<\/div>\n\n \t<div class=\"wishlist-disabled col-md-3 col-sm-6 col-xs-6 product-hover-swap product-view-disable view-color-dark et_cart-on hide-hover-on-mobile product type-product post-6240 status-publish last instock product_cat-collares product_cat-collares-boho product_cat-novedades product_cat-playas-de-ensueno product_cat-playas-de-ensueno-collares has-post-thumbnail shipping-taxable purchasable product-type-variable\">\n        \t\t<div class=\"content-product \">\n\t\t\t\n\t\t\t\n\t\t\t\t<div class=\"product-image-wrapper hover-effect-swap\"\n                    >\n\n\t\t\t\t\t\t\t\t\t\t<p class=\"stock in-stock\">3 disponibles<\/p>                        <a class=\"product-content-image woocommerce-LoopProduct-link woocommerce-loop-product__link\" href=\"https:\/\/dicopebisuteria.com\/tienda\/producto\/collar-belize-con-cristalitos-swarovski-y-bohemia-morados\/\"\n                           data-images=\"\"\n                        >\n                            <div class=\"image-swap\"><img decoding=\"async\" width=\"555\" height=\"555\" src=\"https:\/\/dicopebisuteria.com\/tienda\/wp-content\/uploads\/xstore\/xstore-placeholder-10x10.png\" data-src=\"https:\/\/dicopebisuteria.com\/tienda\/wp-content\/uploads\/Collar-Belize-con-cristalitos-swarovski-y-bohemia-morados-1-555x555.jpg\" class=\" lazyload lazyload-simple et-lazyload-fadeIn\" alt=\"\" src=\"https:\/\/dicopebisuteria.com\/tienda\/wp-content\/uploads\/xstore\/xstore-placeholder-10x10.png\" data-srcset=\"https:\/\/dicopebisuteria.com\/tienda\/wp-content\/uploads\/Collar-Belize-con-cristalitos-swarovski-y-bohemia-morados-1-555x555.jpg 555w, https:\/\/dicopebisuteria.com\/tienda\/wp-content\/uploads\/Collar-Belize-con-cristalitos-swarovski-y-bohemia-morados-1-100x100.jpg 100w, https:\/\/dicopebisuteria.com\/tienda\/wp-content\/uploads\/Collar-Belize-con-cristalitos-swarovski-y-bohemia-morados-1-720x720.jpg 720w, https:\/\/dicopebisuteria.com\/tienda\/wp-content\/uploads\/Collar-Belize-con-cristalitos-swarovski-y-bohemia-morados-1-150x150.jpg 150w, https:\/\/dicopebisuteria.com\/tienda\/wp-content\/uploads\/Collar-Belize-con-cristalitos-swarovski-y-bohemia-morados-1-300x300.jpg 300w, https:\/\/dicopebisuteria.com\/tienda\/wp-content\/uploads\/Collar-Belize-con-cristalitos-swarovski-y-bohemia-morados-1-768x768.jpg 768w, https:\/\/dicopebisuteria.com\/tienda\/wp-content\/uploads\/Collar-Belize-con-cristalitos-swarovski-y-bohemia-morados-1-1024x1024.jpg 1024w, https:\/\/dicopebisuteria.com\/tienda\/wp-content\/uploads\/Collar-Belize-con-cristalitos-swarovski-y-bohemia-morados-1-600x600.jpg 600w, https:\/\/dicopebisuteria.com\/tienda\/wp-content\/uploads\/Collar-Belize-con-cristalitos-swarovski-y-bohemia-morados-1.jpg 1200w\" data-sizes=\"(max-width: 555px) 100vw, 555px\" \/><\/div><img decoding=\"async\" width=\"555\" height=\"555\" src=\"https:\/\/dicopebisuteria.com\/tienda\/wp-content\/uploads\/dreamy-beach-bracelets-jewelry-206-555x555.jpg\" class=\"attachment-woocommerce_thumbnail size-woocommerce_thumbnail\" alt=\"Collar Belize con cristalitos swarovski y bohemia morados\" srcset=\"https:\/\/dicopebisuteria.com\/tienda\/wp-content\/uploads\/dreamy-beach-bracelets-jewelry-206-555x555.jpg 555w, https:\/\/dicopebisuteria.com\/tienda\/wp-content\/uploads\/dreamy-beach-bracelets-jewelry-206-100x100.jpg 100w, https:\/\/dicopebisuteria.com\/tienda\/wp-content\/uploads\/dreamy-beach-bracelets-jewelry-206-720x720.jpg 720w, https:\/\/dicopebisuteria.com\/tienda\/wp-content\/uploads\/dreamy-beach-bracelets-jewelry-206-150x150.jpg 150w, https:\/\/dicopebisuteria.com\/tienda\/wp-content\/uploads\/dreamy-beach-bracelets-jewelry-206-300x300.jpg 300w, https:\/\/dicopebisuteria.com\/tienda\/wp-content\/uploads\/dreamy-beach-bracelets-jewelry-206-768x768.jpg 768w, https:\/\/dicopebisuteria.com\/tienda\/wp-content\/uploads\/dreamy-beach-bracelets-jewelry-206-1024x1024.jpg 1024w, https:\/\/dicopebisuteria.com\/tienda\/wp-content\/uploads\/dreamy-beach-bracelets-jewelry-206-600x600.jpg 600w, https:\/\/dicopebisuteria.com\/tienda\/wp-content\/uploads\/dreamy-beach-bracelets-jewelry-206.jpg 1200w\" sizes=\"(max-width: 555px) 100vw, 555px\" \/>                        <\/a>\n\t\t\t\t\t\t\t\t\t<\/div>\n\n\t\t\t\t\n\t\t\t\t\t<div class=\"text-center product-details\">\t\t\t\t\t\t\t<h2 class=\"product-title\">\n\t\t\t\t\t\t\t\t<a href=\"https:\/\/dicopebisuteria.com\/tienda\/producto\/collar-belize-con-cristalitos-swarovski-y-bohemia-morados\/\">Collar Belize con cristalitos swarovski y bohemia morados<\/a>\n                            <\/h2>\n\t\t\t\t\t\t\n\t<span class=\"price\"><span class=\"woocommerce-Price-amount amount\"><bdi>26,00<span class=\"woocommerce-Price-currencySymbol\">&euro;<\/span><\/bdi><\/span><\/span>\n\n\t\t\t\t\t\t<\/a><a href=\"https:\/\/dicopebisuteria.com\/tienda\/producto\/collar-belize-con-cristalitos-swarovski-y-bohemia-morados\/\" aria-describedby=\"woocommerce_loop_add_to_cart_link_describedby_6240\" data-quantity=\"1\" class=\"button product_type_variable add_to_cart_button\" data-product_id=\"6240\" data-product_sku=\"\" aria-label=\"Elige las opciones para &ldquo;Collar Belize con cristalitos swarovski y bohemia morados&rdquo;\" rel=\"nofollow\" data-product_name=\"Collar Belize con cristalitos swarovski y bohemia morados\">Seleccionar opciones<\/a>\t<span id=\"woocommerce_loop_add_to_cart_link_describedby_6240\" class=\"screen-reader-text\">\n\t\tEste producto tiene m\u00faltiples variantes. Las opciones se pueden elegir en la p\u00e1gina de producto\t<\/span>\n\n                        \n                                        <\/div>\n\t\t\t\t\t\t\t\t\t         \t\t<\/div><!-- .content-product -->\n\t<\/div>\n\n \t<div class=\"first grid-sizer wishlist-disabled col-md-3 col-sm-6 col-xs-6 product-hover-swap product-view-disable view-color-dark et_cart-on hide-hover-on-mobile product type-product post-6169 status-publish instock product_cat-novedades product_cat-playas-de-ensueno product_cat-playas-de-ensueno-pulseras product_cat-pulsera-boho product_cat-pulseras has-post-thumbnail shipping-taxable purchasable product-type-variable\">\n        \t\t<div class=\"content-product \">\n\t\t\t\n\t\t\t\n\t\t\t\t<div class=\"product-image-wrapper hover-effect-swap\"\n                    >\n\n\t\t\t\t\t\t\t\t\t\t                        <a class=\"product-content-image woocommerce-LoopProduct-link woocommerce-loop-product__link\" href=\"https:\/\/dicopebisuteria.com\/tienda\/producto\/pulsera-hawaii-con-cuentas-de-cristal-agatas-y-mini-tassels\/\"\n                           data-images=\"\"\n                        >\n                            <div class=\"image-swap\"><img decoding=\"async\" width=\"555\" height=\"555\" src=\"https:\/\/dicopebisuteria.com\/tienda\/wp-content\/uploads\/xstore\/xstore-placeholder-10x10.png\" data-src=\"https:\/\/dicopebisuteria.com\/tienda\/wp-content\/uploads\/Pulsera-Hawaii-con-abalorios-de-cristal-y-pez-azules-y-rosa-555x555.jpg\" class=\" lazyload lazyload-simple et-lazyload-fadeIn\" alt=\"\" src=\"https:\/\/dicopebisuteria.com\/tienda\/wp-content\/uploads\/xstore\/xstore-placeholder-10x10.png\" data-srcset=\"https:\/\/dicopebisuteria.com\/tienda\/wp-content\/uploads\/Pulsera-Hawaii-con-abalorios-de-cristal-y-pez-azules-y-rosa-555x555.jpg 555w, https:\/\/dicopebisuteria.com\/tienda\/wp-content\/uploads\/Pulsera-Hawaii-con-abalorios-de-cristal-y-pez-azules-y-rosa-100x100.jpg 100w, https:\/\/dicopebisuteria.com\/tienda\/wp-content\/uploads\/Pulsera-Hawaii-con-abalorios-de-cristal-y-pez-azules-y-rosa-720x720.jpg 720w, https:\/\/dicopebisuteria.com\/tienda\/wp-content\/uploads\/Pulsera-Hawaii-con-abalorios-de-cristal-y-pez-azules-y-rosa-150x150.jpg 150w, https:\/\/dicopebisuteria.com\/tienda\/wp-content\/uploads\/Pulsera-Hawaii-con-abalorios-de-cristal-y-pez-azules-y-rosa-300x300.jpg 300w, https:\/\/dicopebisuteria.com\/tienda\/wp-content\/uploads\/Pulsera-Hawaii-con-abalorios-de-cristal-y-pez-azules-y-rosa-768x768.jpg 768w, https:\/\/dicopebisuteria.com\/tienda\/wp-content\/uploads\/Pulsera-Hawaii-con-abalorios-de-cristal-y-pez-azules-y-rosa-1024x1024.jpg 1024w, https:\/\/dicopebisuteria.com\/tienda\/wp-content\/uploads\/Pulsera-Hawaii-con-abalorios-de-cristal-y-pez-azules-y-rosa-600x600.jpg 600w, https:\/\/dicopebisuteria.com\/tienda\/wp-content\/uploads\/Pulsera-Hawaii-con-abalorios-de-cristal-y-pez-azules-y-rosa.jpg 1200w\" data-sizes=\"(max-width: 555px) 100vw, 555px\" \/><\/div><img decoding=\"async\" width=\"555\" height=\"555\" src=\"https:\/\/dicopebisuteria.com\/tienda\/wp-content\/uploads\/Pulsera-Hawaii-con-cuentas-de-cristal-Agatas-y-mini-tassels-6-555x555.jpg\" class=\"attachment-woocommerce_thumbnail size-woocommerce_thumbnail\" alt=\"Pulsera Hawaii con cuentas de cristal , Agatas y mini tassels\" srcset=\"https:\/\/dicopebisuteria.com\/tienda\/wp-content\/uploads\/Pulsera-Hawaii-con-cuentas-de-cristal-Agatas-y-mini-tassels-6-555x555.jpg 555w, https:\/\/dicopebisuteria.com\/tienda\/wp-content\/uploads\/Pulsera-Hawaii-con-cuentas-de-cristal-Agatas-y-mini-tassels-6-100x100.jpg 100w, https:\/\/dicopebisuteria.com\/tienda\/wp-content\/uploads\/Pulsera-Hawaii-con-cuentas-de-cristal-Agatas-y-mini-tassels-6-720x720.jpg 720w, https:\/\/dicopebisuteria.com\/tienda\/wp-content\/uploads\/Pulsera-Hawaii-con-cuentas-de-cristal-Agatas-y-mini-tassels-6-150x150.jpg 150w, https:\/\/dicopebisuteria.com\/tienda\/wp-content\/uploads\/Pulsera-Hawaii-con-cuentas-de-cristal-Agatas-y-mini-tassels-6-300x300.jpg 300w, https:\/\/dicopebisuteria.com\/tienda\/wp-content\/uploads\/Pulsera-Hawaii-con-cuentas-de-cristal-Agatas-y-mini-tassels-6-768x768.jpg 768w, https:\/\/dicopebisuteria.com\/tienda\/wp-content\/uploads\/Pulsera-Hawaii-con-cuentas-de-cristal-Agatas-y-mini-tassels-6-1024x1024.jpg 1024w, https:\/\/dicopebisuteria.com\/tienda\/wp-content\/uploads\/Pulsera-Hawaii-con-cuentas-de-cristal-Agatas-y-mini-tassels-6-600x600.jpg 600w, https:\/\/dicopebisuteria.com\/tienda\/wp-content\/uploads\/Pulsera-Hawaii-con-cuentas-de-cristal-Agatas-y-mini-tassels-6.jpg 1200w\" sizes=\"(max-width: 555px) 100vw, 555px\" \/>                        <\/a>\n\t\t\t\t\t\t\t\t\t<\/div>\n\n\t\t\t\t\n\t\t\t\t\t<div class=\"text-center product-details\">\t\t\t\t\t\t\t<h2 class=\"product-title\">\n\t\t\t\t\t\t\t\t<a href=\"https:\/\/dicopebisuteria.com\/tienda\/producto\/pulsera-hawaii-con-cuentas-de-cristal-agatas-y-mini-tassels\/\">Pulsera Hawaii con cuentas de cristal , Agatas y mini tassels<\/a>\n                            <\/h2>\n\t\t\t\t\t\t\n\t<span class=\"price\"><span class=\"woocommerce-Price-amount amount\"><bdi>24,00<span class=\"woocommerce-Price-currencySymbol\">&euro;<\/span><\/bdi><\/span><\/span>\n\n\t\t\t\t\t\t<\/a><a href=\"https:\/\/dicopebisuteria.com\/tienda\/producto\/pulsera-hawaii-con-cuentas-de-cristal-agatas-y-mini-tassels\/\" aria-describedby=\"woocommerce_loop_add_to_cart_link_describedby_6169\" data-quantity=\"1\" class=\"button product_type_variable add_to_cart_button\" data-product_id=\"6169\" data-product_sku=\"\" aria-label=\"Elige las opciones para &ldquo;Pulsera Hawaii con cuentas de cristal , Agatas y mini tassels&rdquo;\" rel=\"nofollow\" data-product_name=\"Pulsera Hawaii con cuentas de cristal , Agatas y mini tassels\">Seleccionar opciones<\/a>\t<span id=\"woocommerce_loop_add_to_cart_link_describedby_6169\" class=\"screen-reader-text\">\n\t\tEste producto tiene m\u00faltiples variantes. Las opciones se pueden elegir en la p\u00e1gina de producto\t<\/span>\n\n                        \n                                        <\/div>\n\t\t\t\t\t\t\t\t\t         \t\t<\/div><!-- .content-product -->\n\t<\/div>\n\n \t<div class=\"wishlist-disabled col-md-3 col-sm-6 col-xs-6 product-hover-swap product-view-disable view-color-dark et_cart-on hide-hover-on-mobile product type-product post-6148 status-publish last instock product_cat-novedades product_cat-outlet product_cat-playas-de-ensueno product_cat-playas-de-ensueno-pulseras product_cat-pulsera-boho product_cat-pulseras has-post-thumbnail sale shipping-taxable purchasable product-type-variable\">\n        \t\t<div class=\"content-product \">\n\t\t\t\n\t\t\t\n\t\t\t\t<div class=\"product-image-wrapper hover-effect-swap\"\n                    >\n\n\t\t\t\t\t\t\t\t\t\t                        <a class=\"product-content-image woocommerce-LoopProduct-link woocommerce-loop-product__link\" href=\"https:\/\/dicopebisuteria.com\/tienda\/producto\/pulseras-dias-dorados-con-cuentas-de-cristal-y-tassels-coloridos\/\"\n                           data-images=\"\"\n                        >\n                            <div class=\"image-swap\"><img decoding=\"async\" width=\"555\" height=\"555\" src=\"https:\/\/dicopebisuteria.com\/tienda\/wp-content\/uploads\/xstore\/xstore-placeholder-10x10.png\" data-src=\"https:\/\/dicopebisuteria.com\/tienda\/wp-content\/uploads\/dreamy-beach-bracelets-jewelry-132-555x555.jpg\" class=\" lazyload lazyload-simple et-lazyload-fadeIn\" alt=\"\" src=\"https:\/\/dicopebisuteria.com\/tienda\/wp-content\/uploads\/xstore\/xstore-placeholder-10x10.png\" data-srcset=\"https:\/\/dicopebisuteria.com\/tienda\/wp-content\/uploads\/dreamy-beach-bracelets-jewelry-132-555x555.jpg 555w, https:\/\/dicopebisuteria.com\/tienda\/wp-content\/uploads\/dreamy-beach-bracelets-jewelry-132-100x100.jpg 100w, https:\/\/dicopebisuteria.com\/tienda\/wp-content\/uploads\/dreamy-beach-bracelets-jewelry-132-720x720.jpg 720w, https:\/\/dicopebisuteria.com\/tienda\/wp-content\/uploads\/dreamy-beach-bracelets-jewelry-132-150x150.jpg 150w, https:\/\/dicopebisuteria.com\/tienda\/wp-content\/uploads\/dreamy-beach-bracelets-jewelry-132-300x300.jpg 300w, https:\/\/dicopebisuteria.com\/tienda\/wp-content\/uploads\/dreamy-beach-bracelets-jewelry-132-768x768.jpg 768w, https:\/\/dicopebisuteria.com\/tienda\/wp-content\/uploads\/dreamy-beach-bracelets-jewelry-132-1024x1024.jpg 1024w, https:\/\/dicopebisuteria.com\/tienda\/wp-content\/uploads\/dreamy-beach-bracelets-jewelry-132-600x600.jpg 600w, https:\/\/dicopebisuteria.com\/tienda\/wp-content\/uploads\/dreamy-beach-bracelets-jewelry-132.jpg 1200w\" data-sizes=\"(max-width: 555px) 100vw, 555px\" \/><\/div>\n\t<div class=\"sale-wrapper \"><span class=\"onsale type-square left\">Rebajas<\/span><\/div>\n\t<img decoding=\"async\" width=\"555\" height=\"555\" src=\"https:\/\/dicopebisuteria.com\/tienda\/wp-content\/uploads\/Pulseras-Dias-Dorados-con-cuentas-de-cristal-y-Tassels-coloridos-1-555x555.jpg\" class=\"attachment-woocommerce_thumbnail size-woocommerce_thumbnail\" alt=\"Pulseras Dias Dorados con cuentas de cristal y Tassels coloridos\" srcset=\"https:\/\/dicopebisuteria.com\/tienda\/wp-content\/uploads\/Pulseras-Dias-Dorados-con-cuentas-de-cristal-y-Tassels-coloridos-1-555x555.jpg 555w, https:\/\/dicopebisuteria.com\/tienda\/wp-content\/uploads\/Pulseras-Dias-Dorados-con-cuentas-de-cristal-y-Tassels-coloridos-1-100x100.jpg 100w, https:\/\/dicopebisuteria.com\/tienda\/wp-content\/uploads\/Pulseras-Dias-Dorados-con-cuentas-de-cristal-y-Tassels-coloridos-1-720x720.jpg 720w, https:\/\/dicopebisuteria.com\/tienda\/wp-content\/uploads\/Pulseras-Dias-Dorados-con-cuentas-de-cristal-y-Tassels-coloridos-1-150x150.jpg 150w, https:\/\/dicopebisuteria.com\/tienda\/wp-content\/uploads\/Pulseras-Dias-Dorados-con-cuentas-de-cristal-y-Tassels-coloridos-1-300x300.jpg 300w, https:\/\/dicopebisuteria.com\/tienda\/wp-content\/uploads\/Pulseras-Dias-Dorados-con-cuentas-de-cristal-y-Tassels-coloridos-1-768x768.jpg 768w, https:\/\/dicopebisuteria.com\/tienda\/wp-content\/uploads\/Pulseras-Dias-Dorados-con-cuentas-de-cristal-y-Tassels-coloridos-1-1024x1024.jpg 1024w, https:\/\/dicopebisuteria.com\/tienda\/wp-content\/uploads\/Pulseras-Dias-Dorados-con-cuentas-de-cristal-y-Tassels-coloridos-1-600x600.jpg 600w, https:\/\/dicopebisuteria.com\/tienda\/wp-content\/uploads\/Pulseras-Dias-Dorados-con-cuentas-de-cristal-y-Tassels-coloridos-1.jpg 1200w\" sizes=\"(max-width: 555px) 100vw, 555px\" \/>                        <\/a>\n\t\t\t\t\t\t\t\t\t<\/div>\n\n\t\t\t\t\n\t\t\t\t\t<div class=\"text-center product-details\">\t\t\t\t\t\t\t<h2 class=\"product-title\">\n\t\t\t\t\t\t\t\t<a href=\"https:\/\/dicopebisuteria.com\/tienda\/producto\/pulseras-dias-dorados-con-cuentas-de-cristal-y-tassels-coloridos\/\">Pulseras Dias Dorados con cuentas de cristal y Tassels coloridos<\/a>\n                            <\/h2>\n\t\t\t\t\t\t\n\t<span class=\"price\"><del aria-hidden=\"true\"><span class=\"woocommerce-Price-amount amount\"><bdi>18,00<span class=\"woocommerce-Price-currencySymbol\">&euro;<\/span><\/bdi><\/span><\/del> <span class=\"screen-reader-text\">El precio original era: 18,00&euro;.<\/span><ins aria-hidden=\"true\"><span class=\"woocommerce-Price-amount amount\"><bdi>11,00<span class=\"woocommerce-Price-currencySymbol\">&euro;<\/span><\/bdi><\/span><\/ins><span class=\"screen-reader-text\">El precio actual es: 11,00&euro;.<\/span><\/span>\n\n\t\t\t\t\t\t<\/a><a href=\"https:\/\/dicopebisuteria.com\/tienda\/producto\/pulseras-dias-dorados-con-cuentas-de-cristal-y-tassels-coloridos\/\" aria-describedby=\"woocommerce_loop_add_to_cart_link_describedby_6148\" data-quantity=\"1\" class=\"button product_type_variable add_to_cart_button\" data-product_id=\"6148\" data-product_sku=\"\" aria-label=\"Elige las opciones para &ldquo;Pulseras Dias Dorados con cuentas de cristal y Tassels coloridos&rdquo;\" rel=\"nofollow\" data-product_name=\"Pulseras Dias Dorados con cuentas de cristal y Tassels coloridos\">Seleccionar opciones<\/a>\t<span id=\"woocommerce_loop_add_to_cart_link_describedby_6148\" class=\"screen-reader-text\">\n\t\tEste producto tiene m\u00faltiples variantes. Las opciones se pueden elegir en la p\u00e1gina de producto\t<\/span>\n\n                        \n                                        <\/div>\n\t\t\t\t\t\t\t\t\t         \t\t<\/div><!-- .content-product -->\n\t<\/div>\n\n<\/div> <!-- .row --><\/div>[\/vc_column][\/vc_row]<\/p>\n","protected":false},"excerpt":{"rendered":"<p>[vc_row 0=\u00bb\u00bb][vc_column 0=\u00bb\u00bb][vc_custom_heading text=\u00bbTe encanta viajar! Pero no siempre puedes hacerlo! Este a\u00f1o te propongo viajar por las playas mas paradisiacas del mundo con mi&#8230;<\/p>\n","protected":false},"author":1,"featured_media":0,"parent":0,"menu_order":0,"comment_status":"closed","ping_status":"closed","template":"","meta":{"footnotes":""},"class_list":["post-6299","page","type-page","status-publish","hentry"],"_links":{"self":[{"href":"https:\/\/dicopebisuteria.com\/tienda\/wp-json\/wp\/v2\/pages\/6299","targetHints":{"allow":["GET"]}}],"collection":[{"href":"https:\/\/dicopebisuteria.com\/tienda\/wp-json\/wp\/v2\/pages"}],"about":[{"href":"https:\/\/dicopebisuteria.com\/tienda\/wp-json\/wp\/v2\/types\/page"}],"author":[{"embeddable":true,"href":"https:\/\/dicopebisuteria.com\/tienda\/wp-json\/wp\/v2\/users\/1"}],"replies":[{"embeddable":true,"href":"https:\/\/dicopebisuteria.com\/tienda\/wp-json\/wp\/v2\/comments?post=6299"}],"version-history":[{"count":4,"href":"https:\/\/dicopebisuteria.com\/tienda\/wp-json\/wp\/v2\/pages\/6299\/revisions"}],"predecessor-version":[{"id":7097,"href":"https:\/\/dicopebisuteria.com\/tienda\/wp-json\/wp\/v2\/pages\/6299\/revisions\/7097"}],"wp:attachment":[{"href":"https:\/\/dicopebisuteria.com\/tienda\/wp-json\/wp\/v2\/media?parent=6299"}],"curies":[{"name":"wp","href":"https:\/\/api.w.org\/{rel}","templated":true}]}}