{"id":5491,"date":"2017-05-12T16:04:46","date_gmt":"2017-05-12T16:04:46","guid":{"rendered":"http:\/\/dicopebisuteria.com\/tienda\/?page_id=5491"},"modified":"2021-05-05T17:18:39","modified_gmt":"2021-05-05T17:18:39","slug":"unete-al-movimiento","status":"publish","type":"page","link":"https:\/\/dicopebisuteria.com\/tienda\/unete-al-movimiento\/","title":{"rendered":"\u00danete al Movimiento Preciosa!"},"content":{"rendered":"<p>[vc_row][vc_column][\/vc_column][\/vc_row][vc_row][vc_column][vc_separator color=\u00bbwhite\u00bb][\/vc_column][\/vc_row][vc_row][vc_column][vc_custom_heading text=\u00bbDig\u00e1mosles a las mujeres lo preciosas que realmente son! No solo en interior , sino tambi\u00e9n en el exterior!! Disfruta de la vida y Brilla con luz propia!<br \/>\n\u00bb font_container=\u00bbtag:p|font_size:22|text_align:center\u00bb google_fonts=\u00bbfont_family:Merienda%3Aregular%2C700|font_style:400%20regular%3A400%3Anormal\u00bb][vc_single_image image=\u00bb5174&#8243; img_size=\u00bbfull\u00bb alignment=\u00bbcenter\u00bb][vc_custom_heading text=\u00bb\u00bfQuieres formar parte del Movimiento? \u00danete al Grupo de Facebook Movimiento Brilla Preciosa y participa para sentirte mas hermosa todos los d\u00edas! No te pierdas los retos mensuales y los sorteos de joyitas cada mes! ;)<\/p>\n<p>https:\/\/www.facebook.com\/groups\/1895756187343622\/<br \/>\n\u00bb font_container=\u00bbtag:div|font_size:24|text_align:center\u00bb google_fonts=\u00bbfont_family:Montserrat%3Aregular%2C700|font_style:400%20regular%3A400%3Anormal\u00bb link=\u00bburl:https%3A%2F%2Fwww.facebook.com%2Fgroups%2F1895756187343622%2F|title:https%3A%2F%2Fwww.facebook.com%2Fgroups%2F1895756187343622%2F||\u00bb][vc_row_inner 0=\u00bb\u00bb][vc_column_inner 0=\u00bb\u00bb][\/vc_column_inner][\/vc_row_inner][vc_single_image image=\u00bb7111&#8243; img_size=\u00bb600&#215;600&#8243; alignment=\u00bbcenter\u00bb][vc_custom_heading text=\u00bb\u00bfTe Atreves a Participar en el Reto de la Semana? No te preocupes ! Es super f\u00e1cil , cada reto esta dise\u00f1ado para que vayas dando peque\u00f1os pasitos para superar tus complejos y quererte mas a ti misma! Hacemos un poquito de journaling (apuntando tus pensamientos) algo de meditacion , tambien tocamos temas basicos de maquillaje y estilo de moda. Asi como compartimos nuestras fotos y hablamos de nuestras cosas ;)<\/p>\n<p>\u00bb font_container=\u00bbtag:div|font_size:24|text_align:center\u00bb google_fonts=\u00bbfont_family:Montserrat%3Aregular%2C700|font_style:400%20regular%3A400%3Anormal\u00bb link=\u00bburl:https%3A%2F%2Fwww.facebook.com%2Fgroups%2F1895756187343622%2F|title:https%3A%2F%2Fwww.facebook.com%2Fgroups%2F1895756187343622%2F||\u00bb][vc_row_inner 0=\u00bb\u00bb][vc_column_inner 0=\u00bb\u00bb width=\u00bb1\/6&#8243;][\/vc_column_inner][vc_column_inner width=\u00bb2\/3&#8243;][vc_custom_heading text=\u00bbEmpezamos el nuevo ciclo en junio!<br \/>\n\u00bb font_container=\u00bbtag:h3|font_size:24|text_align:center\u00bb use_theme_fonts=\u00bbyes\u00bb link=\u00bburl:https%3A%2F%2Fwww.facebook.com%2Fgroups%2F1895756187343622%2F|title:https%3A%2F%2Fwww.facebook.com%2Fgroups%2F1895756187343622%2F||\u00bb]        <link rel=\"stylesheet\" href=\"https:\/\/dicopebisuteria.com\/tienda\/wp-content\/themes\/xstore\/css\/modules\/et-timer.min.css?ver=0.0.1\" type=\"text\/css\" media=\"all\" \/> \t\t\n\t\t<div class=\"et-timer  dark type1\" data-final=\"2 June 2021 10:00\" data-start=\"05 Apr 2026 3:25\"\n             data-remove-on-finish=\"true\"              data-hide-info=\"true\" >\n\t\t\t<div class=\"timer-info\"><\/div>\n\t\t\t<div class=\"time-block\">\n\t\t\t\t<div class=\"circle-box\">\n\t\t\t\t\t<svg xmlns=\"http:\/\/www.w3.org\/2000\/svg\" preserveAspectRatio=\"none\" viewBox=\"0 0 100 100\" version=\"1.1\" height=\"100%\" width=\"100%\">\n\t\t\t\t\t\t<circle r=\"47\" cx=\"50\" cy=\"50\" fill=\"transparent\" stroke-dasharray=\"295.3097094374406\" stroke-dashoffset=\"0\" data-max-val=\"365\" style=\"stroke-dashoffset: 0px;\"><\/circle>\n\t\t\t\t\t<\/svg>\n\t\t\t\t<\/div>\n\t\t\t\t<span class=\"days timer-count\">0<\/span>\n\t\t\t\t<span>days<\/span>\n\t\t\t<\/div>\n\t\t\t<div class=\"time-block\">\n\t\t\t\t<div class=\"circle-box\">\n\t\t\t\t\t<svg xmlns=\"http:\/\/www.w3.org\/2000\/svg\" preserveAspectRatio=\"none\" viewBox=\"0 0 100 100\" version=\"1.1\" height=\"100%\" width=\"100%\">\n\t\t\t\t\t\t<circle r=\"47\" cx=\"50\" cy=\"50\" fill=\"transparent\" stroke-dasharray=\"295.3097094374406\" stroke-dashoffset=\"0\" data-max-val=\"24\" style=\"stroke-dashoffset: 0px;\"><\/circle>\n\t\t\t\t\t<\/svg>\n\t\t\t\t<\/div>\n\t\t\t\t<span class=\"hours timer-count\">0<\/span>\n\t\t\t\t<span>hours<\/span>\n\t\t\t<\/div>\n\t\t\t<div class=\"time-block\">\n\t\t\t\t<div class=\"circle-box\">\n\t\t\t\t\t<svg xmlns=\"http:\/\/www.w3.org\/2000\/svg\" preserveAspectRatio=\"none\" viewBox=\"0 0 100 100\" version=\"1.1\" height=\"100%\" width=\"100%\">\n\t\t\t\t\t\t<circle r=\"47\" cx=\"50\" cy=\"50\" fill=\"transparent\" stroke-dasharray=\"295.3097094374406\" stroke-dashoffset=\"0\" data-max-val=\"60\" style=\"stroke-dashoffset: 0px;\"><\/circle>\n\t\t\t\t\t<\/svg>\n\t\t\t\t<\/div>\n\t\t\t\t<span class=\"minutes timer-count\">0<\/span>\n\t\t\t\t<span>mins<\/span>\n\t\t\t<\/div>\n\t\t\t<div class=\"time-block\">\n\t\t\t\t<div class=\"circle-box\">\n\t\t\t\t\t<svg xmlns=\"http:\/\/www.w3.org\/2000\/svg\" preserveAspectRatio=\"none\" viewBox=\"0 0 100 100\" version=\"1.1\" height=\"100%\" width=\"100%\">\n\t\t\t\t\t\t<circle r=\"47\" cx=\"50\" cy=\"50\" fill=\"transparent\" stroke-dasharray=\"295.3097094374406\" stroke-dashoffset=\"0\" data-max-val=\"60\" style=\"stroke-dashoffset: 0px;\"><\/circle>\n\t\t\t\t\t<\/svg>\n\t\t\t\t<\/div>\n\t\t\t\t<span class=\"seconds timer-count\">0<\/span>\n\t\t\t\t<span>secs<\/span>\n\t\t\t<\/div>\n\t\t<\/div>\n\t\n\t\t[\/vc_column_inner][vc_column_inner width=\u00bb1\/6&#8243;][\/vc_column_inner][\/vc_row_inner][vc_single_image image=\u00bb7112&#8243; img_size=\u00bb600&#215;600&#8243; alignment=\u00bbcenter\u00bb][vc_custom_heading text=\u00bbTe espero en el grupo movimiento brilla Preciosa!<br \/>\n\u00bb font_container=\u00bbtag:h3|font_size:24|text_align:center\u00bb use_theme_fonts=\u00bbyes\u00bb link=\u00bburl:https%3A%2F%2Fwww.facebook.com%2Fgroups%2F1895756187343622%2F|title:https%3A%2F%2Fwww.facebook.com%2Fgroups%2F1895756187343622%2F||\u00bb][\/vc_column][\/vc_row]<\/p>\n","protected":false},"excerpt":{"rendered":"<p>[vc_row][vc_column][\/vc_column][\/vc_row][vc_row][vc_column][vc_separator color=\u00bbwhite\u00bb][\/vc_column][\/vc_row][vc_row][vc_column][vc_custom_heading text=\u00bbDig\u00e1mosles a las mujeres lo preciosas que realmente son! No solo en interior , sino tambi\u00e9n en el exterior!! Disfruta de la vida&#8230;<\/p>\n","protected":false},"author":1,"featured_media":0,"parent":0,"menu_order":0,"comment_status":"closed","ping_status":"closed","template":"","meta":{"footnotes":""},"class_list":["post-5491","page","type-page","status-publish","hentry"],"_links":{"self":[{"href":"https:\/\/dicopebisuteria.com\/tienda\/wp-json\/wp\/v2\/pages\/5491","targetHints":{"allow":["GET"]}}],"collection":[{"href":"https:\/\/dicopebisuteria.com\/tienda\/wp-json\/wp\/v2\/pages"}],"about":[{"href":"https:\/\/dicopebisuteria.com\/tienda\/wp-json\/wp\/v2\/types\/page"}],"author":[{"embeddable":true,"href":"https:\/\/dicopebisuteria.com\/tienda\/wp-json\/wp\/v2\/users\/1"}],"replies":[{"embeddable":true,"href":"https:\/\/dicopebisuteria.com\/tienda\/wp-json\/wp\/v2\/comments?post=5491"}],"version-history":[{"count":15,"href":"https:\/\/dicopebisuteria.com\/tienda\/wp-json\/wp\/v2\/pages\/5491\/revisions"}],"predecessor-version":[{"id":7119,"href":"https:\/\/dicopebisuteria.com\/tienda\/wp-json\/wp\/v2\/pages\/5491\/revisions\/7119"}],"wp:attachment":[{"href":"https:\/\/dicopebisuteria.com\/tienda\/wp-json\/wp\/v2\/media?parent=5491"}],"curies":[{"name":"wp","href":"https:\/\/api.w.org\/{rel}","templated":true}]}}